{"id":3847,"date":"2021-09-14T16:31:45","date_gmt":"2021-09-14T14:31:45","guid":{"rendered":"https:\/\/www.leterredeisavoia.it\/?page_id=3847"},"modified":"2021-10-13T15:41:54","modified_gmt":"2021-10-13T13:41:54","slug":"probiodiv","status":"publish","type":"page","link":"https:\/\/www.leterredeisavoia.it\/fr\/probiodiv\/","title":{"rendered":"PROBIODIV"},"content":{"rendered":"<div class=\"wpb-content-wrapper\"><p>[vc_row css_animation=\u00a0\u00bb\u00a0\u00bb row_type=\u00a0\u00bbrow\u00a0\u00bb use_row_as_full_screen_section=\u00a0\u00bbno\u00a0\u00bb type=\u00a0\u00bbfull_width\u00a0\u00bb angled_section=\u00a0\u00bbno\u00a0\u00bb text_align=\u00a0\u00bbleft\u00a0\u00bb background_image_as_pattern=\u00a0\u00bbwithout_pattern\u00a0\u00bb][vc_column][rev_slider_vc alias=\u00a0\u00bbprobiodiv-slider19&Prime;][vc_row_inner row_type=\u00a0\u00bbrow\u00a0\u00bb type=\u00a0\u00bbfull_width\u00a0\u00bb text_align=\u00a0\u00bbleft\u00a0\u00bb css_animation=\u00a0\u00bb\u00a0\u00bb el_class=\u00a0\u00bbriga\u00a0\u00bb][vc_column_inner][vc_column_text el_class=\u00a0\u00bbtesto-riga\u00a0\u00bb]<\/p>\n<h2>Le projet<\/h2>\n<p>&nbsp;<\/p>\n<p>Biodiv&rsquo;ALP &#8211; PITEM ALCOTRA &#8211; Projet unique n\u00b03971 PROBIODIV \u00ab\u00a0Promouvoir la biodiversit\u00e9 et les habitats comme facteur de d\u00e9veloppement durable des territoires : mise en place d&rsquo;une gouvernance pour la valorisation et la protection active et participative de la biodiversit\u00e9 transalpine.\u00a0\u00bb<\/p>\n<p>&nbsp;<\/p>\n<p>Biodiv\u2019ALP est un plan int\u00e9gr\u00e9 en faveur de la Biodiversit\u00e9 dans les Alpes, financ\u00e9 par le programme Interreg ALCOTRA V-A France-Italie 2014-2020, Axe 3 ATTRACTIVIT\u00c9 DU TERRITOIRE. Il regroupe les cinq r\u00e9gions du programme ALCOTRA et 22 b\u00e9n\u00e9ficiaires franco-italiens pour une dur\u00e9e de quatre ans.<\/p>\n<p>&nbsp;<\/p>\n<p>Probiodiv est d\u00e9velopp\u00e9 dans le cadre du plan int\u00e9gr\u00e9 Biodiv ALP et vise \u00e0 promouvoir la biodiversit\u00e9 et les habitats comme facteurs de d\u00e9veloppement des territoires et \u00e0 mettre en place une gouvernance pour la valorisation et la protection active et participative des Alpes. Le chef de file est la R\u00e9gion Ligurie. Le projet a d\u00e9marr\u00e9 d\u00e9but 2019 et se terminera en 2022.[\/vc_column_text][\/vc_column_inner][\/vc_row_inner][vc_row_inner row_type=\u00a0\u00bbrow\u00a0\u00bb type=\u00a0\u00bbfull_width\u00a0\u00bb text_align=\u00a0\u00bbleft\u00a0\u00bb css_animation=\u00a0\u00bb\u00a0\u00bb el_class=\u00a0\u00bbriga\u00a0\u00bb][vc_column_inner][vc_column_text el_class=\u00a0\u00bbtitolo-attivita\u00a0\u00bb]<\/p>\n<h2>Activit\u00e9s<\/h2>\n<p>[\/vc_column_text][\/vc_column_inner][\/vc_row_inner][vc_row_inner row_type=\u00a0\u00bbrow\u00a0\u00bb type=\u00a0\u00bbfull_width\u00a0\u00bb text_align=\u00a0\u00bbleft\u00a0\u00bb css_animation=\u00a0\u00bb\u00a0\u00bb el_class=\u00a0\u00bbslider-attivita\u00a0\u00bb][vc_column_inner][vc_column_text el_class=\u00a0\u00bbtesto-attivita\u00a0\u00bb]Le projet est n\u00e9 pour prot\u00e9ger et am\u00e9liorer la biodiversit\u00e9 et les \u00e9cosyst\u00e8mes alpins \u00e0 travers un partenariat et un r\u00e9seau de connectivit\u00e9 \u00e9cologique transfrontali\u00e8re. Terre dei Savoia a le r\u00f4le d&rsquo;organe d&rsquo;ex\u00e9cution du Parc National du Grand Paradis et s&rsquo;occupera de :<\/p>\n<p>&nbsp;<\/p>\n<ul>\n<li>WP 3.2 Actions de formation pour qualifier les acteurs du territoire transalpin &#8211; promouvoir la connaissance des acteurs locaux sur la conservation et la gestion de la biodiversit\u00e9 transalpine et permettre \u00e0 tous les acteurs de parler le \u00ab m\u00eame langage \u00bb ;<\/li>\n<\/ul>\n<p>&nbsp;<\/p>\n<ul>\n<li>WP 4.4. Entreprises de marketing territorial et de mise en r\u00e9seau et gestionnaires de la biodiversit\u00e9 pour la valorisation du territoire.<\/li>\n<\/ul>\n<p>&nbsp;<\/p>\n<p>Les contextes et objectifs sp\u00e9cifiques sur lesquels travaille Terre dei Savoia sont :<\/p>\n<p>&nbsp;<\/p>\n<p>Contexte 1. Approfondissement de la connaissance de la zone du Parc National du Grand Paradis comprise non seulement comme une zone g\u00e9ographique mais aussi comme un syst\u00e8me de contextes commerciaux li\u00e9s \u00e0 la cha\u00eene d&rsquo;approvisionnement des herbes aromatiques et\/ou m\u00e9dicinales et des fleurs comestibles.<\/p>\n<p>Objectif : cartographie et constitution d&rsquo;une base de donn\u00e9es des r\u00e9alit\u00e9s entrepreneuriales du secteur sur le territoire du Parc et sur le territoire hors parc dans le cas d&rsquo;op\u00e9rateurs tr\u00e8s sp\u00e9cialis\u00e9s situ\u00e9s ailleurs.<\/p>\n<p>&nbsp;<\/p>\n<p>Contexte 2. Enqu\u00eate sur les besoins, les int\u00e9r\u00eats, les besoins et les priorit\u00e9s des op\u00e9rateurs de la cha\u00eene d&rsquo;approvisionnement.<\/p>\n<p>Objectif : analyse des mat\u00e9riaux issus de l&rsquo;enqu\u00eate pour aborder et focaliser pr\u00e9cis\u00e9ment les actions du projet.<\/p>\n<p>Contexte 3. Analyse et comparaison au niveau national et international des r\u00e9alit\u00e9s inh\u00e9rentes \u00e0 des entit\u00e9s similaires.<\/p>\n<p>Objectif : recherche de produits cr\u00e9\u00e9s par des r\u00e9alit\u00e9s similaires et analyse des r\u00e9sultats afin d&rsquo;obtenir d&rsquo;excellents r\u00e9sultats.<\/p>\n<p>&nbsp;<\/p>\n<p>Contexte 4. Diffusion et documentation du processus de conception.<\/p>\n<p>Objectif : mise \u00e0 jour et communication des d\u00e9veloppements du projet et des r\u00e9sultats finaux.<\/p>\n<p>&nbsp;<\/p>\n<p>Contexte 5. Appui scientifique et synergie avec les instituts d&rsquo;\u00e9tudes et de recherche.<\/p>\n<p>Objectif : partager la phase de connaissance et d&rsquo;\u00e9tude avec des acteurs qualifi\u00e9s dans le domaine technique\/scientifique pour assurer la fiabilit\u00e9 des choix qui seront faits suite \u00e0 la phase cognitive.<\/p>\n<p>&nbsp;<\/p>\n<p>&nbsp;<\/p>\n<p><strong>PARTENAIRES<\/strong><\/p>\n<p>&nbsp;<\/p>\n<p>Avec le Parc National du Grand Paradis, les autres partenaires sont : la R\u00e9gion Pi\u00e9mont, la R\u00e9gion Ligurie, la R\u00e9gion Autonome du Val d&rsquo;Aoste, l&rsquo;Agence R\u00e9gionale pour la Protection de l&rsquo;Environnement Ligure (pour l&rsquo;Italie) et la R\u00e8gion Sud Provence Alpes C\u00f4te d&rsquo;Azur, la R\u00e9gion Auvergne Rh\u00f4ne Alpes, le Parc National des Ecrins, Asters-CEN74 et l&rsquo;Agence R\u00e9gionale de l&rsquo;Environnement Provence-Alpes-C\u00f4te d&rsquo;Azur (pour la France).<\/p>\n<p>&nbsp;<\/p>\n<p><strong>SUJETS ACTIONNEURS<\/strong><\/p>\n<p>&nbsp;<\/p>\n<p>Parcs nationaux (Mercantour, Vanoise), Parcs naturels r\u00e9gionaux (Queyras, Mont Avic, Alpes Cottiennes, Alpes Ligures), Conservatoires botaniques nationaux (Alpin, M\u00e9diterran\u00e9e), Conservatoire d&rsquo;espaces naturels (Savoie), Province (Imperia), M\u00e9tropole ( Nice C\u00f4te d&rsquo;Azur), Commune (Rh\u00e8mes-St-Georges), Chambre de Commerce et d&rsquo;Industrie (Provence-Alpes-C\u00f4te d&rsquo;Azur), Universit\u00e9 (G\u00eanes), Fondation (Safe Mountain), Association Le Terre dei Savoia.[\/vc_column_text][\/vc_column_inner][\/vc_row_inner][\/vc_column][\/vc_row][vc_row css_animation=\u00a0\u00bb\u00a0\u00bb row_type=\u00a0\u00bbrow\u00a0\u00bb use_row_as_full_screen_section=\u00a0\u00bbno\u00a0\u00bb type=\u00a0\u00bbfull_width\u00a0\u00bb angled_section=\u00a0\u00bbno\u00a0\u00bb text_align=\u00a0\u00bbleft\u00a0\u00bb background_image_as_pattern=\u00a0\u00bbwithout_pattern\u00a0\u00bb css=\u00a0\u00bb.vc_custom_1572009751308{margin-top: 70px !important;}\u00a0\u00bb z_index=\u00a0\u00bb\u00a0\u00bb el_class=\u00a0\u00bbriga\u00a0\u00bb][vc_column][vc_column_text]<\/p>\n<h2>Mat\u00e9riel<\/h2>\n<p>Le mat\u00e9riel du projet est disponible <a href=\"https:\/\/www.leterredeisavoia.it\/fr\/?page_id=4676&amp;preview=true\">ici<\/a>.[\/vc_column_text][\/vc_column][\/vc_row]<\/p>\n<\/div>","protected":false},"excerpt":{"rendered":"<p>[vc_row css_animation=\u00a0\u00bb\u00a0\u00bb row_type=\u00a0\u00bbrow\u00a0\u00bb use_row_as_full_screen_section=\u00a0\u00bbno\u00a0\u00bb type=\u00a0\u00bbfull_width\u00a0\u00bb angled_section=\u00a0\u00bbno\u00a0\u00bb text_align=\u00a0\u00bbleft\u00a0\u00bb background_image_as_pattern=\u00a0\u00bbwithout_pattern\u00a0\u00bb][vc_column][rev_slider_vc alias=\u00a0\u00bbprobiodiv-slider19&Prime;][vc_row_inner row_type=\u00a0\u00bbrow\u00a0\u00bb type=\u00a0\u00bbfull_width\u00a0\u00bb text_align=\u00a0\u00bbleft\u00a0\u00bb css_animation=\u00a0\u00bb\u00a0\u00bb el_class=\u00a0\u00bbriga\u00a0\u00bb][vc_column_inner][vc_column_text el_class=\u00a0\u00bbtesto-riga\u00a0\u00bb] Le projet &nbsp; Biodiv&rsquo;ALP &#8211; PITEM ALCOTRA &#8211; Projet unique n\u00b03971 PROBIODIV \u00ab\u00a0Promouvoir la biodiversit\u00e9 et les habitats comme facteur de d\u00e9veloppement durable des territoires : mise en place d&rsquo;une&#8230;<\/p>\n","protected":false},"author":1,"featured_media":0,"parent":0,"menu_order":0,"comment_status":"closed","ping_status":"closed","template":"","meta":{"footnotes":""},"class_list":["post-3847","page","type-page","status-publish","hentry"],"yoast_head":"<!-- This site is optimized with the Yoast SEO plugin v27.3 - https:\/\/yoast.com\/product\/yoast-seo-wordpress\/ -->\n<title>PROBIODIV - Le Terre dei Savoia<\/title>\n<meta name=\"robots\" content=\"index, follow, max-snippet:-1, max-image-preview:large, max-video-preview:-1\" \/>\n<link rel=\"canonical\" href=\"https:\/\/www.leterredeisavoia.it\/fr\/probiodiv\/\" \/>\n<meta property=\"og:locale\" content=\"fr_FR\" \/>\n<meta property=\"og:type\" content=\"article\" \/>\n<meta property=\"og:title\" content=\"PROBIODIV - Le Terre dei Savoia\" \/>\n<meta property=\"og:description\" content=\"[vc_row css_animation=\u00a0\u00bb\u00a0\u00bb row_type=\u00a0\u00bbrow\u00a0\u00bb use_row_as_full_screen_section=\u00a0\u00bbno\u00a0\u00bb type=\u00a0\u00bbfull_width\u00a0\u00bb angled_section=\u00a0\u00bbno\u00a0\u00bb text_align=\u00a0\u00bbleft\u00a0\u00bb background_image_as_pattern=\u00a0\u00bbwithout_pattern\u00a0\u00bb][vc_column][rev_slider_vc alias=\u00a0\u00bbprobiodiv-slider19&Prime;][vc_row_inner row_type=\u00a0\u00bbrow\u00a0\u00bb type=\u00a0\u00bbfull_width\u00a0\u00bb text_align=\u00a0\u00bbleft\u00a0\u00bb css_animation=\u00a0\u00bb\u00a0\u00bb el_class=\u00a0\u00bbriga\u00a0\u00bb][vc_column_inner][vc_column_text el_class=\u00a0\u00bbtesto-riga\u00a0\u00bb] Le projet &nbsp; Biodiv&rsquo;ALP &#8211; PITEM ALCOTRA &#8211; Projet unique n\u00b03971 PROBIODIV \u00ab\u00a0Promouvoir la biodiversit\u00e9 et les habitats comme facteur de d\u00e9veloppement durable des territoires : mise en place d&rsquo;une...\" \/>\n<meta property=\"og:url\" content=\"https:\/\/www.leterredeisavoia.it\/fr\/probiodiv\/\" \/>\n<meta property=\"og:site_name\" content=\"Le Terre dei Savoia\" \/>\n<meta property=\"article:modified_time\" content=\"2021-10-13T13:41:54+00:00\" \/>\n<meta name=\"twitter:card\" content=\"summary_large_image\" \/>\n<meta name=\"twitter:label1\" content=\"Dur\u00e9e de lecture estim\u00e9e\" \/>\n\t<meta name=\"twitter:data1\" content=\"3 minutes\" \/>\n<script type=\"application\/ld+json\" class=\"yoast-schema-graph\">{\"@context\":\"https:\\\/\\\/schema.org\",\"@graph\":[{\"@type\":\"WebPage\",\"@id\":\"https:\\\/\\\/www.leterredeisavoia.it\\\/fr\\\/probiodiv\\\/\",\"url\":\"https:\\\/\\\/www.leterredeisavoia.it\\\/fr\\\/probiodiv\\\/\",\"name\":\"PROBIODIV - Le Terre dei Savoia\",\"isPartOf\":{\"@id\":\"https:\\\/\\\/www.leterredeisavoia.it\\\/fr\\\/#website\"},\"datePublished\":\"2021-09-14T14:31:45+00:00\",\"dateModified\":\"2021-10-13T13:41:54+00:00\",\"breadcrumb\":{\"@id\":\"https:\\\/\\\/www.leterredeisavoia.it\\\/fr\\\/probiodiv\\\/#breadcrumb\"},\"inLanguage\":\"fr-FR\",\"potentialAction\":[{\"@type\":\"ReadAction\",\"target\":[\"https:\\\/\\\/www.leterredeisavoia.it\\\/fr\\\/probiodiv\\\/\"]}]},{\"@type\":\"BreadcrumbList\",\"@id\":\"https:\\\/\\\/www.leterredeisavoia.it\\\/fr\\\/probiodiv\\\/#breadcrumb\",\"itemListElement\":[{\"@type\":\"ListItem\",\"position\":1,\"name\":\"Home\",\"item\":\"https:\\\/\\\/www.leterredeisavoia.it\\\/fr\\\/\"},{\"@type\":\"ListItem\",\"position\":2,\"name\":\"PROBIODIV\"}]},{\"@type\":\"WebSite\",\"@id\":\"https:\\\/\\\/www.leterredeisavoia.it\\\/fr\\\/#website\",\"url\":\"https:\\\/\\\/www.leterredeisavoia.it\\\/fr\\\/\",\"name\":\"Le Terre dei Savoia\",\"description\":\"\",\"potentialAction\":[{\"@type\":\"SearchAction\",\"target\":{\"@type\":\"EntryPoint\",\"urlTemplate\":\"https:\\\/\\\/www.leterredeisavoia.it\\\/fr\\\/?s={search_term_string}\"},\"query-input\":{\"@type\":\"PropertyValueSpecification\",\"valueRequired\":true,\"valueName\":\"search_term_string\"}}],\"inLanguage\":\"fr-FR\"}]}<\/script>\n<!-- \/ Yoast SEO plugin. -->","yoast_head_json":{"title":"PROBIODIV - Le Terre dei Savoia","robots":{"index":"index","follow":"follow","max-snippet":"max-snippet:-1","max-image-preview":"max-image-preview:large","max-video-preview":"max-video-preview:-1"},"canonical":"https:\/\/www.leterredeisavoia.it\/fr\/probiodiv\/","og_locale":"fr_FR","og_type":"article","og_title":"PROBIODIV - Le Terre dei Savoia","og_description":"[vc_row css_animation=\u00a0\u00bb\u00a0\u00bb row_type=\u00a0\u00bbrow\u00a0\u00bb use_row_as_full_screen_section=\u00a0\u00bbno\u00a0\u00bb type=\u00a0\u00bbfull_width\u00a0\u00bb angled_section=\u00a0\u00bbno\u00a0\u00bb text_align=\u00a0\u00bbleft\u00a0\u00bb background_image_as_pattern=\u00a0\u00bbwithout_pattern\u00a0\u00bb][vc_column][rev_slider_vc alias=\u00a0\u00bbprobiodiv-slider19&Prime;][vc_row_inner row_type=\u00a0\u00bbrow\u00a0\u00bb type=\u00a0\u00bbfull_width\u00a0\u00bb text_align=\u00a0\u00bbleft\u00a0\u00bb css_animation=\u00a0\u00bb\u00a0\u00bb el_class=\u00a0\u00bbriga\u00a0\u00bb][vc_column_inner][vc_column_text el_class=\u00a0\u00bbtesto-riga\u00a0\u00bb] Le projet &nbsp; Biodiv&rsquo;ALP &#8211; PITEM ALCOTRA &#8211; Projet unique n\u00b03971 PROBIODIV \u00ab\u00a0Promouvoir la biodiversit\u00e9 et les habitats comme facteur de d\u00e9veloppement durable des territoires : mise en place d&rsquo;une...","og_url":"https:\/\/www.leterredeisavoia.it\/fr\/probiodiv\/","og_site_name":"Le Terre dei Savoia","article_modified_time":"2021-10-13T13:41:54+00:00","twitter_card":"summary_large_image","twitter_misc":{"Dur\u00e9e de lecture estim\u00e9e":"3 minutes"},"schema":{"@context":"https:\/\/schema.org","@graph":[{"@type":"WebPage","@id":"https:\/\/www.leterredeisavoia.it\/fr\/probiodiv\/","url":"https:\/\/www.leterredeisavoia.it\/fr\/probiodiv\/","name":"PROBIODIV - Le Terre dei Savoia","isPartOf":{"@id":"https:\/\/www.leterredeisavoia.it\/fr\/#website"},"datePublished":"2021-09-14T14:31:45+00:00","dateModified":"2021-10-13T13:41:54+00:00","breadcrumb":{"@id":"https:\/\/www.leterredeisavoia.it\/fr\/probiodiv\/#breadcrumb"},"inLanguage":"fr-FR","potentialAction":[{"@type":"ReadAction","target":["https:\/\/www.leterredeisavoia.it\/fr\/probiodiv\/"]}]},{"@type":"BreadcrumbList","@id":"https:\/\/www.leterredeisavoia.it\/fr\/probiodiv\/#breadcrumb","itemListElement":[{"@type":"ListItem","position":1,"name":"Home","item":"https:\/\/www.leterredeisavoia.it\/fr\/"},{"@type":"ListItem","position":2,"name":"PROBIODIV"}]},{"@type":"WebSite","@id":"https:\/\/www.leterredeisavoia.it\/fr\/#website","url":"https:\/\/www.leterredeisavoia.it\/fr\/","name":"Le Terre dei Savoia","description":"","potentialAction":[{"@type":"SearchAction","target":{"@type":"EntryPoint","urlTemplate":"https:\/\/www.leterredeisavoia.it\/fr\/?s={search_term_string}"},"query-input":{"@type":"PropertyValueSpecification","valueRequired":true,"valueName":"search_term_string"}}],"inLanguage":"fr-FR"}]}},"_links":{"self":[{"href":"https:\/\/www.leterredeisavoia.it\/fr\/wp-json\/wp\/v2\/pages\/3847","targetHints":{"allow":["GET"]}}],"collection":[{"href":"https:\/\/www.leterredeisavoia.it\/fr\/wp-json\/wp\/v2\/pages"}],"about":[{"href":"https:\/\/www.leterredeisavoia.it\/fr\/wp-json\/wp\/v2\/types\/page"}],"author":[{"embeddable":true,"href":"https:\/\/www.leterredeisavoia.it\/fr\/wp-json\/wp\/v2\/users\/1"}],"replies":[{"embeddable":true,"href":"https:\/\/www.leterredeisavoia.it\/fr\/wp-json\/wp\/v2\/comments?post=3847"}],"version-history":[{"count":7,"href":"https:\/\/www.leterredeisavoia.it\/fr\/wp-json\/wp\/v2\/pages\/3847\/revisions"}],"predecessor-version":[{"id":4681,"href":"https:\/\/www.leterredeisavoia.it\/fr\/wp-json\/wp\/v2\/pages\/3847\/revisions\/4681"}],"wp:attachment":[{"href":"https:\/\/www.leterredeisavoia.it\/fr\/wp-json\/wp\/v2\/media?parent=3847"}],"curies":[{"name":"wp","href":"https:\/\/api.w.org\/{rel}","templated":true}]}}