{"id":3830,"date":"2021-09-20T02:43:28","date_gmt":"2021-09-20T00:43:28","guid":{"rendered":"https:\/\/www.leterredeisavoia.it\/?page_id=3830"},"modified":"2026-01-12T13:28:06","modified_gmt":"2026-01-12T12:28:06","slug":"biofiori","status":"publish","type":"page","link":"https:\/\/www.leterredeisavoia.it\/fr\/biofiori\/","title":{"rendered":"BIOFIORI"},"content":{"rendered":"<div class=\"wpb-content-wrapper\"><p>[vc_row css_animation=\u00a0\u00bb\u00a0\u00bb row_type=\u00a0\u00bbrow\u00a0\u00bb use_row_as_full_screen_section=\u00a0\u00bbno\u00a0\u00bb type=\u00a0\u00bbfull_width\u00a0\u00bb angled_section=\u00a0\u00bbno\u00a0\u00bb text_align=\u00a0\u00bbleft\u00a0\u00bb background_image_as_pattern=\u00a0\u00bbwithout_pattern\u00a0\u00bb][vc_column][rev_slider_vc alias=\u00a0\u00bbbiofiori28&Prime;][\/vc_column][\/vc_row][vc_row css_animation=\u00a0\u00bb\u00a0\u00bb row_type=\u00a0\u00bbrow\u00a0\u00bb use_row_as_full_screen_section=\u00a0\u00bbno\u00a0\u00bb type=\u00a0\u00bbfull_width\u00a0\u00bb angled_section=\u00a0\u00bbno\u00a0\u00bb text_align=\u00a0\u00bbleft\u00a0\u00bb background_image_as_pattern=\u00a0\u00bbwithout_pattern\u00a0\u00bb][vc_column][vc_row_inner row_type=\u00a0\u00bbrow\u00a0\u00bb type=\u00a0\u00bbfull_width\u00a0\u00bb text_align=\u00a0\u00bbleft\u00a0\u00bb css_animation=\u00a0\u00bb\u00a0\u00bb el_class=\u00a0\u00bbriga\u00a0\u00bb][vc_column_inner][vc_column_text el_class=\u00a0\u00bbtesto-riga\u00a0\u00bb]<\/p>\n<h2><strong>LE PROJET<\/strong><\/h2>\n<p>&nbsp;<\/p>\n<p>Produits innovants \u00e0 base de fleurs comestibles biologiques &#8211; Biofiori vise \u00e0 d\u00e9velopper des techniques de conservation et de valorisation des fleurs comestibles, \u00e9tablissant de meilleures conditions de conservation et de caract\u00e9risation des composants chimiques pr\u00e9sents avec une r\u00e9f\u00e9rence particuli\u00e8re \u00e0 la pr\u00e9sence de m\u00e9taux lourds.<\/p>\n<p>&nbsp;<\/p>\n<p>Il est promu par AIAB Liguria en collaboration avec le partenaire et la soci\u00e9t\u00e9 leader RZERO de Leca d&rsquo;Albenga, UNIGE, CREA-FSO et Coldiretti Savona. Le projet est financ\u00e9 par le Programme de d\u00e9veloppement rural 2014\/2020 &#8211; M16.2.A Appui aux projets pilotes et au d\u00e9veloppement de nouveaux produits, pratiques, proc\u00e9d\u00e9s et technologies &#8211; FA 2A ; R\u00e9gion Ligurie.[\/vc_column_text][\/vc_column_inner][\/vc_row_inner][vc_row_inner row_type=\u00a0\u00bbrow\u00a0\u00bb type=\u00a0\u00bbfull_width\u00a0\u00bb text_align=\u00a0\u00bbleft\u00a0\u00bb css_animation=\u00a0\u00bb\u00a0\u00bb el_class=\u00a0\u00bbriga\u00a0\u00bb][vc_column_inner][vc_column_text el_class=\u00a0\u00bbtitolo-attivita\u00a0\u00bb]<\/p>\n<h2>ACTIVIT<span class=\"st\">\u00c9<\/span>S<\/h2>\n<p>[\/vc_column_text][\/vc_column_inner][\/vc_row_inner][vc_row_inner row_type=\u00a0\u00bbrow\u00a0\u00bb type=\u00a0\u00bbfull_width\u00a0\u00bb text_align=\u00a0\u00bbleft\u00a0\u00bb css_animation=\u00a0\u00bb\u00a0\u00bb el_class=\u00a0\u00bbslider-attivita\u00a0\u00bb][vc_column_inner][vc_column_text el_class=\u00a0\u00bbtesto-attivita\u00a0\u00bb]<\/p>\n<h2><strong>ACTIVIT\u00c9S<\/strong><\/h2>\n<p>Terre dei Savoia apporte les exp\u00e9riences pr\u00e9c\u00e9dentes des projets ANTEA (r\u00e9alis\u00e9s avec le CREA de Sanremo) et ESSICA.<br \/>\nPour le projet innovant, l&rsquo;Association apporte son exp\u00e9rience de la fili\u00e8re et le nouveau Lab ESSICA qui sera utilis\u00e9 pour les tests techniques d&rsquo;extraction (micro-ondes et ultrasons) et de s\u00e9chage des fleurs comestibles.<\/p>\n<p>&nbsp;<\/p>\n<p>Essica Lab est situ\u00e9 \u00e0 l&rsquo;int\u00e9rieur de l&rsquo;Acad\u00e9mie europ\u00e9enne des essences M\u00daSES au Palazzo Taffini, via Sant&rsquo;Andrea 53, Savigliano, Cuneo. C&rsquo;est un centre d&rsquo;excellence, \u00e9quip\u00e9 de machines de pointe. Il est un lieu d&rsquo;\u00e9changes et d&rsquo;\u00e9changes, ouvert aux producteurs locaux et d\u00e9di\u00e9 \u00e0 l&rsquo;exp\u00e9rimentation de haut niveau dans le domaine des herbes aromatiques dans certains domaines cl\u00e9s.[\/vc_column_text][\/vc_column_inner][\/vc_row_inner][vc_row_inner row_type=\u00a0\u00bbrow\u00a0\u00bb type=\u00a0\u00bbfull_width\u00a0\u00bb text_align=\u00a0\u00bbleft\u00a0\u00bb css_animation=\u00a0\u00bb\u00a0\u00bb el_class=\u00a0\u00bbriga\u00a0\u00bb][vc_column_inner][vc_column_text el_class=\u00a0\u00bbtitolo-attivita\u00a0\u00bb]<\/p>\n<h2>Les partenaires<\/h2>\n<p>[\/vc_column_text][\/vc_column_inner][\/vc_row_inner][\/vc_column][\/vc_row][vc_row css_animation=\u00a0\u00bb\u00a0\u00bb row_type=\u00a0\u00bbrow\u00a0\u00bb use_row_as_full_screen_section=\u00a0\u00bbno\u00a0\u00bb type=\u00a0\u00bbfull_width\u00a0\u00bb angled_section=\u00a0\u00bbno\u00a0\u00bb text_align=\u00a0\u00bbleft\u00a0\u00bb background_image_as_pattern=\u00a0\u00bbwithout_pattern\u00a0\u00bb el_class=\u00a0\u00bbriga\u00a0\u00bb z_index=\u00a0\u00bb\u00a0\u00bb][vc_column width=\u00a0\u00bb1\/4&Prime;][vc_single_image image=\u00a0\u00bb3840&Prime; alignment=\u00a0\u00bbcenter\u00a0\u00bb style=\u00a0\u00bbvc_box_outline_circle_2&Prime; qode_css_animation=\u00a0\u00bb\u00a0\u00bb el_class=\u00a0\u00bbimg-riga\u00a0\u00bb][\/vc_column][vc_column width=\u00a0\u00bb3\/4&Prime; el_class=\u00a0\u00bbcolonna-testo\u00a0\u00bb][vc_column_text el_class=\u00a0\u00bbtesto-riga\u00a0\u00bb]RaveraBio est le r\u00e9sultat d&rsquo;une longue exp\u00e9rience dans la culture de produits horticoles et de p\u00e9pini\u00e8res, transmise depuis des g\u00e9n\u00e9rations. L&rsquo;entreprise est situ\u00e9e au c\u0153ur de la plaine d&rsquo;Albenga, la plus grande plaine de la Ligurie.[\/vc_column_text][\/vc_column][\/vc_row][vc_row css_animation=\u00a0\u00bb\u00a0\u00bb row_type=\u00a0\u00bbrow\u00a0\u00bb use_row_as_full_screen_section=\u00a0\u00bbno\u00a0\u00bb type=\u00a0\u00bbfull_width\u00a0\u00bb angled_section=\u00a0\u00bbno\u00a0\u00bb text_align=\u00a0\u00bbleft\u00a0\u00bb background_image_as_pattern=\u00a0\u00bbwithout_pattern\u00a0\u00bb el_class=\u00a0\u00bbriga\u00a0\u00bb z_index=\u00a0\u00bb\u00a0\u00bb][vc_column width=\u00a0\u00bb1\/4&Prime;][vc_single_image image=\u00a0\u00bb3837&Prime; alignment=\u00a0\u00bbcenter\u00a0\u00bb style=\u00a0\u00bbvc_box_outline_circle_2&Prime; onclick=\u00a0\u00bbcustom_link\u00a0\u00bb qode_css_animation=\u00a0\u00bb\u00a0\u00bb el_class=\u00a0\u00bbimg-riga\u00a0\u00bb link=\u00a0\u00bbhttps:\/\/www.heritage-srl.it\/\u00a0\u00bb][\/vc_column][vc_column width=\u00a0\u00bb3\/4&Prime; el_class=\u00a0\u00bbcolonna-testo\u00a0\u00bb][vc_column_text el_class=\u00a0\u00bbtesto-riga\u00a0\u00bb]AIAB Liguria est l&rsquo;Association R\u00e9gionale de l&rsquo;AIAB (Association Italienne pour l&rsquo;Agriculture Biologique) des producteurs, techniciens et citoyens-consommateurs biologiques.[\/vc_column_text][\/vc_column][\/vc_row][vc_row css_animation=\u00a0\u00bb\u00a0\u00bb row_type=\u00a0\u00bbrow\u00a0\u00bb use_row_as_full_screen_section=\u00a0\u00bbno\u00a0\u00bb type=\u00a0\u00bbfull_width\u00a0\u00bb angled_section=\u00a0\u00bbno\u00a0\u00bb text_align=\u00a0\u00bbleft\u00a0\u00bb background_image_as_pattern=\u00a0\u00bbwithout_pattern\u00a0\u00bb el_class=\u00a0\u00bbriga\u00a0\u00bb z_index=\u00a0\u00bb\u00a0\u00bb][vc_column width=\u00a0\u00bb1\/4&Prime;][vc_single_image image=\u00a0\u00bb3120&Prime; alignment=\u00a0\u00bbcenter\u00a0\u00bb style=\u00a0\u00bbvc_box_outline_circle_2&Prime; onclick=\u00a0\u00bbcustom_link\u00a0\u00bb qode_css_animation=\u00a0\u00bb\u00a0\u00bb el_class=\u00a0\u00bbimg-riga\u00a0\u00bb link=\u00a0\u00bbhttp:\/\/wawu.fr\/\u00a0\u00bb][\/vc_column][vc_column width=\u00a0\u00bb3\/4&Prime; el_class=\u00a0\u00bbcolonna-testo\u00a0\u00bb][vc_column_text el_class=\u00a0\u00bbtesto-riga\u00a0\u00bb]Crea-Fso et est une institution de recherche ind\u00e9pendante qui suit des projets nationaux et internationaux d\u00e9di\u00e9s au monde de la floriculture, avec le contr\u00f4le du Minist\u00e8re.[\/vc_column_text][\/vc_column][\/vc_row][vc_row css_animation=\u00a0\u00bb\u00a0\u00bb row_type=\u00a0\u00bbrow\u00a0\u00bb use_row_as_full_screen_section=\u00a0\u00bbno\u00a0\u00bb type=\u00a0\u00bbfull_width\u00a0\u00bb angled_section=\u00a0\u00bbno\u00a0\u00bb text_align=\u00a0\u00bbleft\u00a0\u00bb background_image_as_pattern=\u00a0\u00bbwithout_pattern\u00a0\u00bb el_class=\u00a0\u00bbriga\u00a0\u00bb z_index=\u00a0\u00bb\u00a0\u00bb][vc_column width=\u00a0\u00bb1\/4&Prime;][vc_single_image image=\u00a0\u00bb3843&Prime; alignment=\u00a0\u00bbcenter\u00a0\u00bb style=\u00a0\u00bbvc_box_outline_circle_2&Prime; onclick=\u00a0\u00bbcustom_link\u00a0\u00bb qode_css_animation=\u00a0\u00bb\u00a0\u00bb el_class=\u00a0\u00bbimg-riga\u00a0\u00bb link=\u00a0\u00bbhttps:\/\/www.gharbnet.com\/\u00a0\u00bb][\/vc_column][vc_column width=\u00a0\u00bb3\/4&Prime; el_class=\u00a0\u00bbcolonna-testo\u00a0\u00bb][vc_column_text el_class=\u00a0\u00bbtesto-riga\u00a0\u00bb]Coldiretti Savona est une organisation agricole enracin\u00e9e dans la r\u00e9gion qui compte un total de 5 000 membres ; elle est engag\u00e9e, entre autres, dans le domaine des services \u00e0 la personne, de la formation et de la recherche.<\/p>\n<p>[\/vc_column_text][\/vc_column][\/vc_row][vc_row css_animation=\u00a0\u00bb\u00a0\u00bb row_type=\u00a0\u00bbrow\u00a0\u00bb use_row_as_full_screen_section=\u00a0\u00bbno\u00a0\u00bb type=\u00a0\u00bbfull_width\u00a0\u00bb angled_section=\u00a0\u00bbno\u00a0\u00bb text_align=\u00a0\u00bbleft\u00a0\u00bb background_image_as_pattern=\u00a0\u00bbwithout_pattern\u00a0\u00bb el_class=\u00a0\u00bbriga\u00a0\u00bb z_index=\u00a0\u00bb\u00a0\u00bb][vc_column width=\u00a0\u00bb1\/4&Prime;][vc_single_image image=\u00a0\u00bb3132&Prime; alignment=\u00a0\u00bbcenter\u00a0\u00bb style=\u00a0\u00bbvc_box_outline_circle_2&Prime; onclick=\u00a0\u00bbcustom_link\u00a0\u00bb qode_css_animation=\u00a0\u00bb\u00a0\u00bb el_class=\u00a0\u00bbimg-riga\u00a0\u00bb link=\u00a0\u00bbhttp:\/\/www.tourism.gov.cy\/tourism\/tourism.nsf\/deputyministry_en\/deputyministry_en?OpenDocument&amp;the-depity-ministry\u00a0\u00bb][\/vc_column][vc_column width=\u00a0\u00bb3\/4&Prime; el_class=\u00a0\u00bbcolonna-testo\u00a0\u00bb][vc_column_text el_class=\u00a0\u00bbtesto-riga\u00a0\u00bb]L&rsquo;Universit\u00e9 de G\u00eanes est une universit\u00e9 d&rsquo;\u00c9tat italienne fond\u00e9e en 1481 et bas\u00e9e dans le centre historique de G\u00eanes, avec des succursales dans diverses villes de la Ligurie.[\/vc_column_text][\/vc_column][\/vc_row]<\/p>\n<\/div>","protected":false},"excerpt":{"rendered":"<p>[vc_row css_animation=\u00a0\u00bb\u00a0\u00bb row_type=\u00a0\u00bbrow\u00a0\u00bb use_row_as_full_screen_section=\u00a0\u00bbno\u00a0\u00bb type=\u00a0\u00bbfull_width\u00a0\u00bb angled_section=\u00a0\u00bbno\u00a0\u00bb text_align=\u00a0\u00bbleft\u00a0\u00bb background_image_as_pattern=\u00a0\u00bbwithout_pattern\u00a0\u00bb][vc_column][rev_slider_vc alias=\u00a0\u00bbbiofiori28&Prime;][\/vc_column][\/vc_row][vc_row css_animation=\u00a0\u00bb\u00a0\u00bb row_type=\u00a0\u00bbrow\u00a0\u00bb use_row_as_full_screen_section=\u00a0\u00bbno\u00a0\u00bb type=\u00a0\u00bbfull_width\u00a0\u00bb angled_section=\u00a0\u00bbno\u00a0\u00bb text_align=\u00a0\u00bbleft\u00a0\u00bb background_image_as_pattern=\u00a0\u00bbwithout_pattern\u00a0\u00bb][vc_column][vc_row_inner row_type=\u00a0\u00bbrow\u00a0\u00bb type=\u00a0\u00bbfull_width\u00a0\u00bb text_align=\u00a0\u00bbleft\u00a0\u00bb css_animation=\u00a0\u00bb\u00a0\u00bb el_class=\u00a0\u00bbriga\u00a0\u00bb][vc_column_inner][vc_column_text el_class=\u00a0\u00bbtesto-riga\u00a0\u00bb] LE PROJET &nbsp; Produits innovants \u00e0 base de fleurs comestibles biologiques &#8211; Biofiori vise \u00e0 d\u00e9velopper des techniques de conservation et de valorisation&#8230;<\/p>\n","protected":false},"author":1,"featured_media":0,"parent":0,"menu_order":0,"comment_status":"closed","ping_status":"closed","template":"","meta":{"footnotes":""},"class_list":["post-3830","page","type-page","status-publish","hentry"],"yoast_head":"<!-- This site is optimized with the Yoast SEO plugin v27.3 - https:\/\/yoast.com\/product\/yoast-seo-wordpress\/ -->\n<title>BIOFIORI - Le Terre dei Savoia<\/title>\n<meta name=\"robots\" content=\"index, follow, max-snippet:-1, max-image-preview:large, max-video-preview:-1\" \/>\n<link rel=\"canonical\" href=\"https:\/\/www.leterredeisavoia.it\/fr\/biofiori\/\" \/>\n<meta property=\"og:locale\" content=\"fr_FR\" \/>\n<meta property=\"og:type\" content=\"article\" \/>\n<meta property=\"og:title\" content=\"BIOFIORI - Le Terre dei Savoia\" \/>\n<meta property=\"og:description\" content=\"[vc_row css_animation=\u00a0\u00bb\u00a0\u00bb row_type=\u00a0\u00bbrow\u00a0\u00bb use_row_as_full_screen_section=\u00a0\u00bbno\u00a0\u00bb type=\u00a0\u00bbfull_width\u00a0\u00bb angled_section=\u00a0\u00bbno\u00a0\u00bb text_align=\u00a0\u00bbleft\u00a0\u00bb background_image_as_pattern=\u00a0\u00bbwithout_pattern\u00a0\u00bb][vc_column][rev_slider_vc alias=\u00a0\u00bbbiofiori28&Prime;][\/vc_column][\/vc_row][vc_row css_animation=\u00a0\u00bb\u00a0\u00bb row_type=\u00a0\u00bbrow\u00a0\u00bb use_row_as_full_screen_section=\u00a0\u00bbno\u00a0\u00bb type=\u00a0\u00bbfull_width\u00a0\u00bb angled_section=\u00a0\u00bbno\u00a0\u00bb text_align=\u00a0\u00bbleft\u00a0\u00bb background_image_as_pattern=\u00a0\u00bbwithout_pattern\u00a0\u00bb][vc_column][vc_row_inner row_type=\u00a0\u00bbrow\u00a0\u00bb type=\u00a0\u00bbfull_width\u00a0\u00bb text_align=\u00a0\u00bbleft\u00a0\u00bb css_animation=\u00a0\u00bb\u00a0\u00bb el_class=\u00a0\u00bbriga\u00a0\u00bb][vc_column_inner][vc_column_text el_class=\u00a0\u00bbtesto-riga\u00a0\u00bb] LE PROJET &nbsp; Produits innovants \u00e0 base de fleurs comestibles biologiques &#8211; Biofiori vise \u00e0 d\u00e9velopper des techniques de conservation et de valorisation...\" \/>\n<meta property=\"og:url\" content=\"https:\/\/www.leterredeisavoia.it\/fr\/biofiori\/\" \/>\n<meta property=\"og:site_name\" content=\"Le Terre dei Savoia\" \/>\n<meta property=\"article:modified_time\" content=\"2026-01-12T12:28:06+00:00\" \/>\n<meta name=\"twitter:card\" content=\"summary_large_image\" \/>\n<meta name=\"twitter:label1\" content=\"Dur\u00e9e de lecture estim\u00e9e\" \/>\n\t<meta name=\"twitter:data1\" content=\"3 minutes\" \/>\n<script type=\"application\/ld+json\" class=\"yoast-schema-graph\">{\"@context\":\"https:\\\/\\\/schema.org\",\"@graph\":[{\"@type\":\"WebPage\",\"@id\":\"https:\\\/\\\/www.leterredeisavoia.it\\\/fr\\\/biofiori\\\/\",\"url\":\"https:\\\/\\\/www.leterredeisavoia.it\\\/fr\\\/biofiori\\\/\",\"name\":\"BIOFIORI - Le Terre dei Savoia\",\"isPartOf\":{\"@id\":\"https:\\\/\\\/www.leterredeisavoia.it\\\/fr\\\/#website\"},\"datePublished\":\"2021-09-20T00:43:28+00:00\",\"dateModified\":\"2026-01-12T12:28:06+00:00\",\"breadcrumb\":{\"@id\":\"https:\\\/\\\/www.leterredeisavoia.it\\\/fr\\\/biofiori\\\/#breadcrumb\"},\"inLanguage\":\"fr-FR\",\"potentialAction\":[{\"@type\":\"ReadAction\",\"target\":[\"https:\\\/\\\/www.leterredeisavoia.it\\\/fr\\\/biofiori\\\/\"]}]},{\"@type\":\"BreadcrumbList\",\"@id\":\"https:\\\/\\\/www.leterredeisavoia.it\\\/fr\\\/biofiori\\\/#breadcrumb\",\"itemListElement\":[{\"@type\":\"ListItem\",\"position\":1,\"name\":\"Home\",\"item\":\"https:\\\/\\\/www.leterredeisavoia.it\\\/fr\\\/\"},{\"@type\":\"ListItem\",\"position\":2,\"name\":\"BIOFIORI\"}]},{\"@type\":\"WebSite\",\"@id\":\"https:\\\/\\\/www.leterredeisavoia.it\\\/fr\\\/#website\",\"url\":\"https:\\\/\\\/www.leterredeisavoia.it\\\/fr\\\/\",\"name\":\"Le Terre dei Savoia\",\"description\":\"\",\"potentialAction\":[{\"@type\":\"SearchAction\",\"target\":{\"@type\":\"EntryPoint\",\"urlTemplate\":\"https:\\\/\\\/www.leterredeisavoia.it\\\/fr\\\/?s={search_term_string}\"},\"query-input\":{\"@type\":\"PropertyValueSpecification\",\"valueRequired\":true,\"valueName\":\"search_term_string\"}}],\"inLanguage\":\"fr-FR\"}]}<\/script>\n<!-- \/ Yoast SEO plugin. -->","yoast_head_json":{"title":"BIOFIORI - Le Terre dei Savoia","robots":{"index":"index","follow":"follow","max-snippet":"max-snippet:-1","max-image-preview":"max-image-preview:large","max-video-preview":"max-video-preview:-1"},"canonical":"https:\/\/www.leterredeisavoia.it\/fr\/biofiori\/","og_locale":"fr_FR","og_type":"article","og_title":"BIOFIORI - Le Terre dei Savoia","og_description":"[vc_row css_animation=\u00a0\u00bb\u00a0\u00bb row_type=\u00a0\u00bbrow\u00a0\u00bb use_row_as_full_screen_section=\u00a0\u00bbno\u00a0\u00bb type=\u00a0\u00bbfull_width\u00a0\u00bb angled_section=\u00a0\u00bbno\u00a0\u00bb text_align=\u00a0\u00bbleft\u00a0\u00bb background_image_as_pattern=\u00a0\u00bbwithout_pattern\u00a0\u00bb][vc_column][rev_slider_vc alias=\u00a0\u00bbbiofiori28&Prime;][\/vc_column][\/vc_row][vc_row css_animation=\u00a0\u00bb\u00a0\u00bb row_type=\u00a0\u00bbrow\u00a0\u00bb use_row_as_full_screen_section=\u00a0\u00bbno\u00a0\u00bb type=\u00a0\u00bbfull_width\u00a0\u00bb angled_section=\u00a0\u00bbno\u00a0\u00bb text_align=\u00a0\u00bbleft\u00a0\u00bb background_image_as_pattern=\u00a0\u00bbwithout_pattern\u00a0\u00bb][vc_column][vc_row_inner row_type=\u00a0\u00bbrow\u00a0\u00bb type=\u00a0\u00bbfull_width\u00a0\u00bb text_align=\u00a0\u00bbleft\u00a0\u00bb css_animation=\u00a0\u00bb\u00a0\u00bb el_class=\u00a0\u00bbriga\u00a0\u00bb][vc_column_inner][vc_column_text el_class=\u00a0\u00bbtesto-riga\u00a0\u00bb] LE PROJET &nbsp; Produits innovants \u00e0 base de fleurs comestibles biologiques &#8211; Biofiori vise \u00e0 d\u00e9velopper des techniques de conservation et de valorisation...","og_url":"https:\/\/www.leterredeisavoia.it\/fr\/biofiori\/","og_site_name":"Le Terre dei Savoia","article_modified_time":"2026-01-12T12:28:06+00:00","twitter_card":"summary_large_image","twitter_misc":{"Dur\u00e9e de lecture estim\u00e9e":"3 minutes"},"schema":{"@context":"https:\/\/schema.org","@graph":[{"@type":"WebPage","@id":"https:\/\/www.leterredeisavoia.it\/fr\/biofiori\/","url":"https:\/\/www.leterredeisavoia.it\/fr\/biofiori\/","name":"BIOFIORI - Le Terre dei Savoia","isPartOf":{"@id":"https:\/\/www.leterredeisavoia.it\/fr\/#website"},"datePublished":"2021-09-20T00:43:28+00:00","dateModified":"2026-01-12T12:28:06+00:00","breadcrumb":{"@id":"https:\/\/www.leterredeisavoia.it\/fr\/biofiori\/#breadcrumb"},"inLanguage":"fr-FR","potentialAction":[{"@type":"ReadAction","target":["https:\/\/www.leterredeisavoia.it\/fr\/biofiori\/"]}]},{"@type":"BreadcrumbList","@id":"https:\/\/www.leterredeisavoia.it\/fr\/biofiori\/#breadcrumb","itemListElement":[{"@type":"ListItem","position":1,"name":"Home","item":"https:\/\/www.leterredeisavoia.it\/fr\/"},{"@type":"ListItem","position":2,"name":"BIOFIORI"}]},{"@type":"WebSite","@id":"https:\/\/www.leterredeisavoia.it\/fr\/#website","url":"https:\/\/www.leterredeisavoia.it\/fr\/","name":"Le Terre dei Savoia","description":"","potentialAction":[{"@type":"SearchAction","target":{"@type":"EntryPoint","urlTemplate":"https:\/\/www.leterredeisavoia.it\/fr\/?s={search_term_string}"},"query-input":{"@type":"PropertyValueSpecification","valueRequired":true,"valueName":"search_term_string"}}],"inLanguage":"fr-FR"}]}},"_links":{"self":[{"href":"https:\/\/www.leterredeisavoia.it\/fr\/wp-json\/wp\/v2\/pages\/3830","targetHints":{"allow":["GET"]}}],"collection":[{"href":"https:\/\/www.leterredeisavoia.it\/fr\/wp-json\/wp\/v2\/pages"}],"about":[{"href":"https:\/\/www.leterredeisavoia.it\/fr\/wp-json\/wp\/v2\/types\/page"}],"author":[{"embeddable":true,"href":"https:\/\/www.leterredeisavoia.it\/fr\/wp-json\/wp\/v2\/users\/1"}],"replies":[{"embeddable":true,"href":"https:\/\/www.leterredeisavoia.it\/fr\/wp-json\/wp\/v2\/comments?post=3830"}],"version-history":[{"count":3,"href":"https:\/\/www.leterredeisavoia.it\/fr\/wp-json\/wp\/v2\/pages\/3830\/revisions"}],"predecessor-version":[{"id":4601,"href":"https:\/\/www.leterredeisavoia.it\/fr\/wp-json\/wp\/v2\/pages\/3830\/revisions\/4601"}],"wp:attachment":[{"href":"https:\/\/www.leterredeisavoia.it\/fr\/wp-json\/wp\/v2\/media?parent=3830"}],"curies":[{"name":"wp","href":"https:\/\/api.w.org\/{rel}","templated":true}]}}