{"id":2265,"date":"2020-01-16T14:54:38","date_gmt":"2020-01-16T13:54:38","guid":{"rendered":"http:\/\/www.leterredeisavoia.it\/essica-laboratoire\/"},"modified":"2026-01-12T14:12:14","modified_gmt":"2026-01-12T13:12:14","slug":"essica-laboratoire","status":"publish","type":"page","link":"https:\/\/www.leterredeisavoia.it\/fr\/essica-laboratoire\/","title":{"rendered":"Essica &#8211; Laboratorio"},"content":{"rendered":"<div class=\"wpb-content-wrapper\"><p>[vc_row css_animation=\u00a0\u00bb\u00a0\u00bb row_type=\u00a0\u00bbrow\u00a0\u00bb use_row_as_full_screen_section=\u00a0\u00bbno\u00a0\u00bb type=\u00a0\u00bbfull_width\u00a0\u00bb angled_section=\u00a0\u00bbno\u00a0\u00bb text_align=\u00a0\u00bbleft\u00a0\u00bb background_image_as_pattern=\u00a0\u00bbwithout_pattern\u00a0\u00bb][vc_column][vc_row_inner row_type=\u00a0\u00bbrow\u00a0\u00bb type=\u00a0\u00bbfull_width\u00a0\u00bb text_align=\u00a0\u00bbleft\u00a0\u00bb css_animation=\u00a0\u00bb\u00a0\u00bb][vc_column_inner][rev_slider_vc alias=\u00a0\u00bblaboratorio-essica\u00a0\u00bb][\/vc_column_inner][\/vc_row_inner][vc_row_inner row_type=\u00a0\u00bbrow\u00a0\u00bb type=\u00a0\u00bbfull_width\u00a0\u00bb text_align=\u00a0\u00bbleft\u00a0\u00bb css_animation=\u00a0\u00bb\u00a0\u00bb el_class=\u00a0\u00bbriga\u00a0\u00bb][vc_column_inner][vc_column_text el_class=\u00a0\u00bbtesto-riga\u00a0\u00bb]<\/p>\n<h1>Laboratoire<\/h1>\n<p>&nbsp;<\/p>\n<p>Dot\u00e9 de machines \u00e0 la pointe de la technologie, le laboratoire ESSICA est un lieu<br \/>\nd&rsquo;\u00e9change et de discussion, ouvert aux entreprises productrices locales et d\u00e9di\u00e9 \u00e0 l&rsquo;exp\u00e9rimentation de haut niveau dans le domaine des herbes aromatiques dans certains secteurs cl\u00e9s.<\/p>\n<p>&nbsp;<\/p>\n<p><em>Essica Lab se trouve aurp\u00e8s de Palazzo Taffini d\u2019Acceglio, entr\u00e9e en Via Antica Contrada delle Beccherie, Savigliano 12038 (CN)<\/em><\/p>\n<p><em>(T\u00e9l. : 39 0172 86472 &#8211; Courriel : essicalab@leterredeisavoia.it)<\/em>[\/vc_column_text][\/vc_column_inner][\/vc_row_inner][vc_row_inner row_type=\u00a0\u00bbrow\u00a0\u00bb type=\u00a0\u00bbfull_width\u00a0\u00bb text_align=\u00a0\u00bbleft\u00a0\u00bb css_animation=\u00a0\u00bb\u00a0\u00bb el_class=\u00a0\u00bbslider-attivita\u00a0\u00bb][vc_column_inner][vc_column_text el_class=\u00a0\u00bbtitolo-attivita\u00a0\u00bb]<\/p>\n<h2>S\u00e9choir \u00e0 froid<\/h2>\n<p>[\/vc_column_text][vc_column_text el_class=\u00a0\u00bbtesto-attivita\u00a0\u00bb]La technologie du s\u00e9chage \u00e0 froid est bas\u00e9e sur des installations frigorifiques qui refroidissent l&rsquo;air, le d\u00e9shydratent et le chauffent jusqu\u2019\u00e0 des temp\u00e9ratures de 35\/40 \u00b0C avec une humidit\u00e9 de 5\/6\u00a0%.<br \/>\nGr\u00e2ce au s\u00e9chage \u00e0 froid, la qualit\u00e9 des produits finis est am\u00e9lior\u00e9e car la plupart des enzymes, des vitamines et des sels min\u00e9raux sont conserv\u00e9s. L&rsquo;ar\u00f4me, la coloration et la structure du phytocomplex restent inchang\u00e9s, en permettant ainsi de meilleures propri\u00e9t\u00e9s organoleptiques g\u00e9n\u00e9rales.[\/vc_column_text][\/vc_column_inner][\/vc_row_inner][vc_row_inner row_type=\u00a0\u00bbrow\u00a0\u00bb type=\u00a0\u00bbfull_width\u00a0\u00bb text_align=\u00a0\u00bbleft\u00a0\u00bb css_animation=\u00a0\u00bb\u00a0\u00bb el_class=\u00a0\u00bbriga\u00a0\u00bb][vc_column_inner width=\u00a0\u00bb1\/2&Prime;][vc_single_image image=\u00a0\u00bb2279&Prime; img_size=\u00a0\u00bb600&#215;800&Prime; qode_css_animation=\u00a0\u00bb\u00a0\u00bb][\/vc_column_inner][vc_column_inner width=\u00a0\u00bb1\/2&Prime;][vc_single_image image=\u00a0\u00bb2276&Prime; img_size=\u00a0\u00bb600&#215;800&Prime; qode_css_animation=\u00a0\u00bb\u00a0\u00bb][\/vc_column_inner][\/vc_row_inner][\/vc_column][\/vc_row][vc_row css_animation=\u00a0\u00bb\u00a0\u00bb row_type=\u00a0\u00bbrow\u00a0\u00bb use_row_as_full_screen_section=\u00a0\u00bbno\u00a0\u00bb type=\u00a0\u00bbfull_width\u00a0\u00bb angled_section=\u00a0\u00bbno\u00a0\u00bb text_align=\u00a0\u00bbleft\u00a0\u00bb background_image_as_pattern=\u00a0\u00bbwithout_pattern\u00a0\u00bb el_class=\u00a0\u00bbriga\u00a0\u00bb z_index=\u00a0\u00bb\u00a0\u00bb][vc_column][vc_column_text el_class=\u00a0\u00bbtitolo-attivita\u00a0\u00bb]<\/p>\n<h2>Extracteur avec technologie micro-ondes<\/h2>\n<p>[\/vc_column_text][vc_column_text el_class=\u00a0\u00bbtesto-attivita\u00a0\u00bb]Le processus d&rsquo;extraction par micro-ondes n\u00e9cessite la surchauffe des cellules de la<br \/>\nmati\u00e8re v\u00e9g\u00e9tale et la rupture cons\u00e9cutive des glandes et des r\u00e9ceptacles ol\u00e9if\u00e8res, ce qui lib\u00e8re ainsi l&rsquo;huile essentielle qui s&rsquo;\u00e9vapore de l&rsquo;eau contenue dans l&rsquo;\u00e9chantillon.<br \/>\nL&rsquo;extracteur utilise le m\u00e9canisme de chauffage s\u00e9lectif du micro-ondes, ne n\u00e9cessite pas de solvants et est disponible en deux configurations interchangeables pour les parfums et les saveurs.<br \/>\nLe chauffage interne de l&rsquo;eau dans l&rsquo;\u00e9chantillon d\u00e9tend ses cellules et provoque la rupture des glandes et des r\u00e9cipients ol\u00e9if\u00e8res. Ce processus lib\u00e8re ainsi l&rsquo;huile essentielle qui, dans la configuration parfum, s&rsquo;\u00e9vapore de l&rsquo;eau de la mati\u00e8re v\u00e9g\u00e9tale selon le m\u00eame principe que l&rsquo;alambic traditionnel, mais plus rapidement et efficacement. Dans la configuration saveurs, il s&rsquo;agit plut\u00f4t d&rsquo;un alambic original \u00e0 micro-ondes \u00ab renvers\u00e9 \u00bb, qui fonctionne en combinant le chauffage par micro-ondes et la gravit\u00e9 de la Terre \u00e0 la pression atmosph\u00e9rique. Cette technologie micro-ondes par hydro-diffusion et gravit\u00e9 (MHG) permet l&rsquo;extraction de substances aromatisantes naturelles et de compos\u00e9s non<br \/>\nvolatils tels que les pigments, les flavono\u00efdes et les carot\u00e9no\u00efdes.[\/vc_column_text][vc_row_inner row_type=\u00a0\u00bbrow\u00a0\u00bb type=\u00a0\u00bbfull_width\u00a0\u00bb text_align=\u00a0\u00bbleft\u00a0\u00bb css_animation=\u00a0\u00bb\u00a0\u00bb el_class=\u00a0\u00bbriga\u00a0\u00bb][vc_column_inner width=\u00a0\u00bb1\/2&Prime;][vc_single_image image=\u00a0\u00bb2273&Prime; img_size=\u00a0\u00bb780&#215;780&Prime; qode_css_animation=\u00a0\u00bb\u00a0\u00bb][\/vc_column_inner][vc_column_inner width=\u00a0\u00bb1\/2&Prime;][vc_single_image image=\u00a0\u00bb2270&Prime; img_size=\u00a0\u00bb780&#215;780&Prime; qode_css_animation=\u00a0\u00bb\u00a0\u00bb][\/vc_column_inner][\/vc_row_inner][\/vc_column][\/vc_row][vc_row css_animation=\u00a0\u00bb\u00a0\u00bb row_type=\u00a0\u00bbrow\u00a0\u00bb use_row_as_full_screen_section=\u00a0\u00bbno\u00a0\u00bb type=\u00a0\u00bbfull_width\u00a0\u00bb angled_section=\u00a0\u00bbno\u00a0\u00bb text_align=\u00a0\u00bbleft\u00a0\u00bb background_image_as_pattern=\u00a0\u00bbwithout_pattern\u00a0\u00bb el_class=\u00a0\u00bbriga\u00a0\u00bb z_index=\u00a0\u00bb\u00a0\u00bb][vc_column][vc_column_text el_class=\u00a0\u00bbtitolo-attivita\u00a0\u00bb]<\/p>\n<h2>Extracteur \u00e0 ultrasons<\/h2>\n<p>[\/vc_column_text][vc_column_text el_class=\u00a0\u00bbtesto-attivita\u00a0\u00bb]Les ultrasons sont des \u00e9missions d&rsquo;ondes sonores (20 kHz &#8211; 60 kHz) produites par des commutateurs sp\u00e9ciaux qui transforment l&rsquo;\u00e9nergie \u00e9lectrique en vibrations m\u00e9caniques.<br \/>\nCelles-ci sont transmises \u00e0 l&rsquo;int\u00e9rieur de la chambre d&rsquo;extraction o\u00f9 la mati\u00e8re premi\u00e8re est immerg\u00e9e dans le solvant choisi et cr\u00e9ent des microbulles d&rsquo;air qui implosent, en provoquant une onde de choc, appel\u00e9e cavitation. De cette fa\u00e7on, l&rsquo;architecture de la matrice v\u00e9g\u00e9tale est bris\u00e9e et les structures cellulaires sont d\u00e9sint\u00e9gr\u00e9es, avec pour cons\u00e9quence la lib\u00e9ration des principes actifs qui se solubilisent dans le solvant. Il s&rsquo;agit d&rsquo;une technique d&rsquo;extraction innovante, propre, facile et rapide \u00e0 ex\u00e9cuter, qui permet de produire des phyto-extraits de haute qualit\u00e9.<br \/>\nLa technologie peut \u00eatre appliqu\u00e9e dans\u00a0 plusieurs secteurs tels que l&rsquo;industrie alimentaire, des liqueurs, le secteur des plantes m\u00e9dicinales, l&rsquo;industrie cosm\u00e9tique ou pharmaceutique classi que, les produits hom\u00e9opathiques, les produits pharmaceutiques v\u00e9t\u00e9rinaires, la biochimie et la chimie verte, l&rsquo;agriculture.[\/vc_column_text][vc_row_inner row_type=\u00a0\u00bbrow\u00a0\u00bb type=\u00a0\u00bbfull_width\u00a0\u00bb text_align=\u00a0\u00bbleft\u00a0\u00bb css_animation=\u00a0\u00bb\u00a0\u00bb el_class=\u00a0\u00bbriga\u00a0\u00bb][vc_column_inner width=\u00a0\u00bb1\/2&Prime;][vc_single_image image=\u00a0\u00bb1359&Prime; img_size=\u00a0\u00bb1200&#215;600&Prime; qode_css_animation=\u00a0\u00bb\u00a0\u00bb][\/vc_column_inner][vc_column_inner width=\u00a0\u00bb1\/2&Prime;][vc_single_image image=\u00a0\u00bb1362&Prime; img_size=\u00a0\u00bb1200&#215;600&Prime; qode_css_animation=\u00a0\u00bb\u00a0\u00bb][\/vc_column_inner][\/vc_row_inner][\/vc_column][\/vc_row][vc_row css_animation=\u00a0\u00bb\u00a0\u00bb row_type=\u00a0\u00bbrow\u00a0\u00bb use_row_as_full_screen_section=\u00a0\u00bbno\u00a0\u00bb type=\u00a0\u00bbfull_width\u00a0\u00bb angled_section=\u00a0\u00bbno\u00a0\u00bb text_align=\u00a0\u00bbleft\u00a0\u00bb background_image_as_pattern=\u00a0\u00bbwithout_pattern\u00a0\u00bb el_class=\u00a0\u00bbriga\u00a0\u00bb z_index=\u00a0\u00bb\u00a0\u00bb][vc_column][vc_column_text el_class=\u00a0\u00bbtitolo-attivita\u00a0\u00bb]<\/p>\n<h2>Broyeur \u00e0 herbes et pulv\u00e9risateur<\/h2>\n<p>[\/vc_column_text][vc_column_text el_class=\u00a0\u00bbtesto-attivita\u00a0\u00bb]2Hp, 2800 Gm. Tamis: 1mm, 2mm, 4mm et mat\u00e9riel frais[\/vc_column_text][vc_row_inner row_type=\u00a0\u00bbrow\u00a0\u00bb type=\u00a0\u00bbfull_width\u00a0\u00bb text_align=\u00a0\u00bbleft\u00a0\u00bb css_animation=\u00a0\u00bb\u00a0\u00bb el_class=\u00a0\u00bbriga\u00a0\u00bb][vc_column_inner][vc_single_image image=\u00a0\u00bb2282&Prime; img_size=\u00a0\u00bb1200&#215;600&Prime; qode_css_animation=\u00a0\u00bb\u00a0\u00bb][\/vc_column_inner][\/vc_row_inner][\/vc_column][\/vc_row][vc_row css_animation=\u00a0\u00bb\u00a0\u00bb row_type=\u00a0\u00bbrow\u00a0\u00bb use_row_as_full_screen_section=\u00a0\u00bbno\u00a0\u00bb type=\u00a0\u00bbfull_width\u00a0\u00bb angled_section=\u00a0\u00bbno\u00a0\u00bb text_align=\u00a0\u00bbleft\u00a0\u00bb background_image_as_pattern=\u00a0\u00bbwithout_pattern\u00a0\u00bb el_class=\u00a0\u00bbriga\u00a0\u00bb z_index=\u00a0\u00bb\u00a0\u00bb][vc_column][vc_column_text el_class=\u00a0\u00bbtitolo-attivita\u00a0\u00bb]<\/p>\n<h2>Emballeuse \u00e0 cloche<\/h2>\n<p>[\/vc_column_text][vc_column_text el_class=\u00a0\u00bbtesto-attivita\u00a0\u00bb]700 watt. Pompe \u00e0 vide: 16 m3\/h. Barra saldante: 40cm. Dimensions de la chambre: 422x503x220mm[\/vc_column_text][vc_row_inner row_type=\u00a0\u00bbrow\u00a0\u00bb type=\u00a0\u00bbfull_width\u00a0\u00bb text_align=\u00a0\u00bbleft\u00a0\u00bb css_animation=\u00a0\u00bb\u00a0\u00bb el_class=\u00a0\u00bbriga\u00a0\u00bb][vc_column_inner][vc_single_image image=\u00a0\u00bb2267&Prime; img_size=\u00a0\u00bb800&#215;1066&Prime; qode_css_animation=\u00a0\u00bb\u00a0\u00bb][\/vc_column_inner][\/vc_row_inner][\/vc_column][\/vc_row][vc_row css_animation=\u00a0\u00bb\u00a0\u00bb row_type=\u00a0\u00bbrow\u00a0\u00bb use_row_as_full_screen_section=\u00a0\u00bbno\u00a0\u00bb type=\u00a0\u00bbfull_width\u00a0\u00bb angled_section=\u00a0\u00bbno\u00a0\u00bb text_align=\u00a0\u00bbleft\u00a0\u00bb background_image_as_pattern=\u00a0\u00bbwithout_pattern\u00a0\u00bb el_class=\u00a0\u00bbriga\u00a0\u00bb z_index=\u00a0\u00bb\u00a0\u00bb][vc_column][vc_column_text el_class=\u00a0\u00bbtitolo-attivita\u00a0\u00bb]<\/p>\n<h2>Cutter<\/h2>\n<p>[\/vc_column_text][vc_column_text el_class=\u00a0\u00bbtesto-attivita\u00a0\u00bb]2 vitesses \/ Puissance 900 W \/ 400 V \/ Vitesse 375 et 750 tr\/min[\/vc_column_text][vc_row_inner row_type=\u00a0\u00bbrow\u00a0\u00bb type=\u00a0\u00bbfull_width\u00a0\u00bb text_align=\u00a0\u00bbleft\u00a0\u00bb css_animation=\u00a0\u00bb\u00a0\u00bb el_class=\u00a0\u00bbriga\u00a0\u00bb][vc_column_inner][vc_single_image image=\u00a0\u00bb3426&Prime; img_size=\u00a0\u00bb800&#215;1066&Prime; qode_css_animation=\u00a0\u00bb\u00a0\u00bb][\/vc_column_inner][\/vc_row_inner][\/vc_column][\/vc_row]<\/p>\n<\/div>","protected":false},"excerpt":{"rendered":"<p>[vc_row css_animation=\u00a0\u00bb\u00a0\u00bb row_type=\u00a0\u00bbrow\u00a0\u00bb use_row_as_full_screen_section=\u00a0\u00bbno\u00a0\u00bb type=\u00a0\u00bbfull_width\u00a0\u00bb angled_section=\u00a0\u00bbno\u00a0\u00bb text_align=\u00a0\u00bbleft\u00a0\u00bb background_image_as_pattern=\u00a0\u00bbwithout_pattern\u00a0\u00bb][vc_column][vc_row_inner row_type=\u00a0\u00bbrow\u00a0\u00bb type=\u00a0\u00bbfull_width\u00a0\u00bb text_align=\u00a0\u00bbleft\u00a0\u00bb css_animation=\u00a0\u00bb\u00a0\u00bb][vc_column_inner][rev_slider_vc alias=\u00a0\u00bblaboratorio-essica\u00a0\u00bb][\/vc_column_inner][\/vc_row_inner][vc_row_inner row_type=\u00a0\u00bbrow\u00a0\u00bb type=\u00a0\u00bbfull_width\u00a0\u00bb text_align=\u00a0\u00bbleft\u00a0\u00bb css_animation=\u00a0\u00bb\u00a0\u00bb el_class=\u00a0\u00bbriga\u00a0\u00bb][vc_column_inner][vc_column_text el_class=\u00a0\u00bbtesto-riga\u00a0\u00bb] Laboratoire &nbsp; Dot\u00e9 de machines \u00e0 la pointe de la technologie, le laboratoire ESSICA est un lieu d&rsquo;\u00e9change et de discussion, ouvert aux entreprises productrices locales&#8230;<\/p>\n","protected":false},"author":1,"featured_media":0,"parent":0,"menu_order":0,"comment_status":"closed","ping_status":"closed","template":"","meta":{"footnotes":""},"class_list":["post-2265","page","type-page","status-publish","hentry"],"yoast_head":"<!-- This site is optimized with the Yoast SEO plugin v27.4 - https:\/\/yoast.com\/product\/yoast-seo-wordpress\/ -->\n<title>Essica - Laboratorio - Le Terre dei Savoia<\/title>\n<meta name=\"robots\" content=\"index, follow, max-snippet:-1, max-image-preview:large, max-video-preview:-1\" \/>\n<link rel=\"canonical\" href=\"https:\/\/www.leterredeisavoia.it\/fr\/essica-laboratoire\/\" \/>\n<meta property=\"og:locale\" content=\"fr_FR\" \/>\n<meta property=\"og:type\" content=\"article\" \/>\n<meta property=\"og:title\" content=\"Essica - Laboratorio - Le Terre dei Savoia\" \/>\n<meta property=\"og:description\" content=\"[vc_row css_animation=\u00a0\u00bb\u00a0\u00bb row_type=\u00a0\u00bbrow\u00a0\u00bb use_row_as_full_screen_section=\u00a0\u00bbno\u00a0\u00bb type=\u00a0\u00bbfull_width\u00a0\u00bb angled_section=\u00a0\u00bbno\u00a0\u00bb text_align=\u00a0\u00bbleft\u00a0\u00bb background_image_as_pattern=\u00a0\u00bbwithout_pattern\u00a0\u00bb][vc_column][vc_row_inner row_type=\u00a0\u00bbrow\u00a0\u00bb type=\u00a0\u00bbfull_width\u00a0\u00bb text_align=\u00a0\u00bbleft\u00a0\u00bb css_animation=\u00a0\u00bb\u00a0\u00bb][vc_column_inner][rev_slider_vc alias=\u00a0\u00bblaboratorio-essica\u00a0\u00bb][\/vc_column_inner][\/vc_row_inner][vc_row_inner row_type=\u00a0\u00bbrow\u00a0\u00bb type=\u00a0\u00bbfull_width\u00a0\u00bb text_align=\u00a0\u00bbleft\u00a0\u00bb css_animation=\u00a0\u00bb\u00a0\u00bb el_class=\u00a0\u00bbriga\u00a0\u00bb][vc_column_inner][vc_column_text el_class=\u00a0\u00bbtesto-riga\u00a0\u00bb] Laboratoire &nbsp; Dot\u00e9 de machines \u00e0 la pointe de la technologie, le laboratoire ESSICA est un lieu d&rsquo;\u00e9change et de discussion, ouvert aux entreprises productrices locales...\" \/>\n<meta property=\"og:url\" content=\"https:\/\/www.leterredeisavoia.it\/fr\/essica-laboratoire\/\" \/>\n<meta property=\"og:site_name\" content=\"Le Terre dei Savoia\" \/>\n<meta property=\"article:modified_time\" content=\"2026-01-12T13:12:14+00:00\" \/>\n<meta name=\"twitter:card\" content=\"summary_large_image\" \/>\n<meta name=\"twitter:label1\" content=\"Dur\u00e9e de lecture estim\u00e9e\" \/>\n\t<meta name=\"twitter:data1\" content=\"6 minutes\" \/>\n<script type=\"application\/ld+json\" class=\"yoast-schema-graph\">{\"@context\":\"https:\\\/\\\/schema.org\",\"@graph\":[{\"@type\":\"WebPage\",\"@id\":\"https:\\\/\\\/www.leterredeisavoia.it\\\/fr\\\/essica-laboratoire\\\/\",\"url\":\"https:\\\/\\\/www.leterredeisavoia.it\\\/fr\\\/essica-laboratoire\\\/\",\"name\":\"Essica - Laboratorio - Le Terre dei Savoia\",\"isPartOf\":{\"@id\":\"https:\\\/\\\/www.leterredeisavoia.it\\\/fr\\\/#website\"},\"datePublished\":\"2020-01-16T13:54:38+00:00\",\"dateModified\":\"2026-01-12T13:12:14+00:00\",\"breadcrumb\":{\"@id\":\"https:\\\/\\\/www.leterredeisavoia.it\\\/fr\\\/essica-laboratoire\\\/#breadcrumb\"},\"inLanguage\":\"fr-FR\",\"potentialAction\":[{\"@type\":\"ReadAction\",\"target\":[\"https:\\\/\\\/www.leterredeisavoia.it\\\/fr\\\/essica-laboratoire\\\/\"]}]},{\"@type\":\"BreadcrumbList\",\"@id\":\"https:\\\/\\\/www.leterredeisavoia.it\\\/fr\\\/essica-laboratoire\\\/#breadcrumb\",\"itemListElement\":[{\"@type\":\"ListItem\",\"position\":1,\"name\":\"Home\",\"item\":\"https:\\\/\\\/www.leterredeisavoia.it\\\/fr\\\/\"},{\"@type\":\"ListItem\",\"position\":2,\"name\":\"Essica &#8211; Laboratorio\"}]},{\"@type\":\"WebSite\",\"@id\":\"https:\\\/\\\/www.leterredeisavoia.it\\\/fr\\\/#website\",\"url\":\"https:\\\/\\\/www.leterredeisavoia.it\\\/fr\\\/\",\"name\":\"Le Terre dei Savoia\",\"description\":\"\",\"potentialAction\":[{\"@type\":\"SearchAction\",\"target\":{\"@type\":\"EntryPoint\",\"urlTemplate\":\"https:\\\/\\\/www.leterredeisavoia.it\\\/fr\\\/?s={search_term_string}\"},\"query-input\":{\"@type\":\"PropertyValueSpecification\",\"valueRequired\":true,\"valueName\":\"search_term_string\"}}],\"inLanguage\":\"fr-FR\"}]}<\/script>\n<!-- \/ Yoast SEO plugin. -->","yoast_head_json":{"title":"Essica - Laboratorio - Le Terre dei Savoia","robots":{"index":"index","follow":"follow","max-snippet":"max-snippet:-1","max-image-preview":"max-image-preview:large","max-video-preview":"max-video-preview:-1"},"canonical":"https:\/\/www.leterredeisavoia.it\/fr\/essica-laboratoire\/","og_locale":"fr_FR","og_type":"article","og_title":"Essica - Laboratorio - Le Terre dei Savoia","og_description":"[vc_row css_animation=\u00a0\u00bb\u00a0\u00bb row_type=\u00a0\u00bbrow\u00a0\u00bb use_row_as_full_screen_section=\u00a0\u00bbno\u00a0\u00bb type=\u00a0\u00bbfull_width\u00a0\u00bb angled_section=\u00a0\u00bbno\u00a0\u00bb text_align=\u00a0\u00bbleft\u00a0\u00bb background_image_as_pattern=\u00a0\u00bbwithout_pattern\u00a0\u00bb][vc_column][vc_row_inner row_type=\u00a0\u00bbrow\u00a0\u00bb type=\u00a0\u00bbfull_width\u00a0\u00bb text_align=\u00a0\u00bbleft\u00a0\u00bb css_animation=\u00a0\u00bb\u00a0\u00bb][vc_column_inner][rev_slider_vc alias=\u00a0\u00bblaboratorio-essica\u00a0\u00bb][\/vc_column_inner][\/vc_row_inner][vc_row_inner row_type=\u00a0\u00bbrow\u00a0\u00bb type=\u00a0\u00bbfull_width\u00a0\u00bb text_align=\u00a0\u00bbleft\u00a0\u00bb css_animation=\u00a0\u00bb\u00a0\u00bb el_class=\u00a0\u00bbriga\u00a0\u00bb][vc_column_inner][vc_column_text el_class=\u00a0\u00bbtesto-riga\u00a0\u00bb] Laboratoire &nbsp; Dot\u00e9 de machines \u00e0 la pointe de la technologie, le laboratoire ESSICA est un lieu d&rsquo;\u00e9change et de discussion, ouvert aux entreprises productrices locales...","og_url":"https:\/\/www.leterredeisavoia.it\/fr\/essica-laboratoire\/","og_site_name":"Le Terre dei Savoia","article_modified_time":"2026-01-12T13:12:14+00:00","twitter_card":"summary_large_image","twitter_misc":{"Dur\u00e9e de lecture estim\u00e9e":"6 minutes"},"schema":{"@context":"https:\/\/schema.org","@graph":[{"@type":"WebPage","@id":"https:\/\/www.leterredeisavoia.it\/fr\/essica-laboratoire\/","url":"https:\/\/www.leterredeisavoia.it\/fr\/essica-laboratoire\/","name":"Essica - Laboratorio - Le Terre dei Savoia","isPartOf":{"@id":"https:\/\/www.leterredeisavoia.it\/fr\/#website"},"datePublished":"2020-01-16T13:54:38+00:00","dateModified":"2026-01-12T13:12:14+00:00","breadcrumb":{"@id":"https:\/\/www.leterredeisavoia.it\/fr\/essica-laboratoire\/#breadcrumb"},"inLanguage":"fr-FR","potentialAction":[{"@type":"ReadAction","target":["https:\/\/www.leterredeisavoia.it\/fr\/essica-laboratoire\/"]}]},{"@type":"BreadcrumbList","@id":"https:\/\/www.leterredeisavoia.it\/fr\/essica-laboratoire\/#breadcrumb","itemListElement":[{"@type":"ListItem","position":1,"name":"Home","item":"https:\/\/www.leterredeisavoia.it\/fr\/"},{"@type":"ListItem","position":2,"name":"Essica &#8211; Laboratorio"}]},{"@type":"WebSite","@id":"https:\/\/www.leterredeisavoia.it\/fr\/#website","url":"https:\/\/www.leterredeisavoia.it\/fr\/","name":"Le Terre dei Savoia","description":"","potentialAction":[{"@type":"SearchAction","target":{"@type":"EntryPoint","urlTemplate":"https:\/\/www.leterredeisavoia.it\/fr\/?s={search_term_string}"},"query-input":{"@type":"PropertyValueSpecification","valueRequired":true,"valueName":"search_term_string"}}],"inLanguage":"fr-FR"}]}},"_links":{"self":[{"href":"https:\/\/www.leterredeisavoia.it\/fr\/wp-json\/wp\/v2\/pages\/2265","targetHints":{"allow":["GET"]}}],"collection":[{"href":"https:\/\/www.leterredeisavoia.it\/fr\/wp-json\/wp\/v2\/pages"}],"about":[{"href":"https:\/\/www.leterredeisavoia.it\/fr\/wp-json\/wp\/v2\/types\/page"}],"author":[{"embeddable":true,"href":"https:\/\/www.leterredeisavoia.it\/fr\/wp-json\/wp\/v2\/users\/1"}],"replies":[{"embeddable":true,"href":"https:\/\/www.leterredeisavoia.it\/fr\/wp-json\/wp\/v2\/comments?post=2265"}],"version-history":[{"count":8,"href":"https:\/\/www.leterredeisavoia.it\/fr\/wp-json\/wp\/v2\/pages\/2265\/revisions"}],"predecessor-version":[{"id":21515,"href":"https:\/\/www.leterredeisavoia.it\/fr\/wp-json\/wp\/v2\/pages\/2265\/revisions\/21515"}],"wp:attachment":[{"href":"https:\/\/www.leterredeisavoia.it\/fr\/wp-json\/wp\/v2\/media?parent=2265"}],"curies":[{"name":"wp","href":"https:\/\/api.w.org\/{rel}","templated":true}]}}