{"id":2241,"date":"2020-01-08T16:34:31","date_gmt":"2020-01-08T15:34:31","guid":{"rendered":"http:\/\/www.leterredeisavoia.it\/herbartis\/"},"modified":"2026-01-12T14:19:54","modified_gmt":"2026-01-12T13:19:54","slug":"herbartis","status":"publish","type":"page","link":"https:\/\/www.leterredeisavoia.it\/fr\/herbartis\/","title":{"rendered":"Herbartis"},"content":{"rendered":"<div class=\"wpb-content-wrapper\"><p>[vc_row css_animation=\u00a0\u00bb\u00a0\u00bb row_type=\u00a0\u00bbrow\u00a0\u00bb use_row_as_full_screen_section=\u00a0\u00bbno\u00a0\u00bb type=\u00a0\u00bbfull_width\u00a0\u00bb angled_section=\u00a0\u00bbno\u00a0\u00bb text_align=\u00a0\u00bbleft\u00a0\u00bb background_image_as_pattern=\u00a0\u00bbwithout_pattern\u00a0\u00bb][vc_column][rev_slider_vc alias=\u00a0\u00bbherbartis-slider\u00a0\u00bb][vc_row_inner row_type=\u00a0\u00bbrow\u00a0\u00bb type=\u00a0\u00bbfull_width\u00a0\u00bb text_align=\u00a0\u00bbleft\u00a0\u00bb css_animation=\u00a0\u00bb\u00a0\u00bb el_class=\u00a0\u00bbriga\u00a0\u00bb][vc_column_inner][vc_column_text el_class=\u00a0\u00bbtesto-riga\u00a0\u00bb]<\/p>\n<h2>Le projet<\/h2>\n<p>&nbsp;<\/p>\n<p>L&rsquo;objectif du projet Herbartis est de d\u00e9velopper et de renforcer de nouvelles fili\u00e8res d&rsquo;\u00e9ducation et de formation visant \u00e0 am\u00e9liorer les comp\u00e9tences et les capacit\u00e9s des producteurs de plantes aromatiques et m\u00e9dicinales, ainsi qu\u2019\u00e0 r\u00e9pondre aux diff\u00e9rents besoins du march\u00e9.[\/vc_column_text][\/vc_column_inner][\/vc_row_inner][vc_row_inner row_type=\u00a0\u00bbrow\u00a0\u00bb type=\u00a0\u00bbfull_width\u00a0\u00bb text_align=\u00a0\u00bbleft\u00a0\u00bb css_animation=\u00a0\u00bb\u00a0\u00bb el_class=\u00a0\u00bbriga\u00a0\u00bb][vc_column_inner][vc_column_text el_class=\u00a0\u00bbtitolo-attivita\u00a0\u00bb]<\/p>\n<h2>ACTIVIT\u00c9S<\/h2>\n<p>[\/vc_column_text][\/vc_column_inner][\/vc_row_inner][vc_row_inner row_type=\u00a0\u00bbrow\u00a0\u00bb type=\u00a0\u00bbfull_width\u00a0\u00bb text_align=\u00a0\u00bbleft\u00a0\u00bb css_animation=\u00a0\u00bb\u00a0\u00bb el_class=\u00a0\u00bbslider-attivita\u00a0\u00bb][vc_column_inner][vc_single_image image=\u00a0\u00bb2245&Prime; img_size=\u00a0\u00bb1200&#215;600&Prime; qode_css_animation=\u00a0\u00bb\u00a0\u00bb][vc_column_text el_class=\u00a0\u00bbtesto-attivita\u00a0\u00bb]<span style=\"font-weight: 400;\">L&rsquo;engagement vise \u00e0 am\u00e9liorer et \u00e0 \u00e9largir l&rsquo;offre de formation de haute qualit\u00e9, gr\u00e2ce \u00e0 l&rsquo;utilisation de nouvelles technologies, m\u00eame pour les formateurs, les jeunes \u00e9tudiants universitaires, les cadres du secteur commercial et les op\u00e9rateurs des m\u00e9dias. Parmi les documents du projet, on peut t\u00e9l\u00e9charger les lignes directrices Herbartis du <a href=\"http:\/\/www.herbartis.wordpress.com\/reports.\">site ci-dessous<\/a>.<\/span>[\/vc_column_text][\/vc_column_inner][\/vc_row_inner][vc_row_inner row_type=\u00a0\u00bbrow\u00a0\u00bb type=\u00a0\u00bbfull_width\u00a0\u00bb text_align=\u00a0\u00bbleft\u00a0\u00bb css_animation=\u00a0\u00bb\u00a0\u00bb el_class=\u00a0\u00bbriga\u00a0\u00bb][vc_column_inner][vc_column_text el_class=\u00a0\u00bbtitolo-attivita\u00a0\u00bb]<\/p>\n<h2>Les partenaires<\/h2>\n<p>[\/vc_column_text][\/vc_column_inner][\/vc_row_inner][\/vc_column][\/vc_row][vc_row css_animation=\u00a0\u00bb\u00a0\u00bb row_type=\u00a0\u00bbrow\u00a0\u00bb use_row_as_full_screen_section=\u00a0\u00bbno\u00a0\u00bb type=\u00a0\u00bbfull_width\u00a0\u00bb angled_section=\u00a0\u00bbno\u00a0\u00bb text_align=\u00a0\u00bbleft\u00a0\u00bb background_image_as_pattern=\u00a0\u00bbwithout_pattern\u00a0\u00bb el_class=\u00a0\u00bbriga\u00a0\u00bb z_index=\u00a0\u00bb\u00a0\u00bb][vc_column width=\u00a0\u00bb1\/4&Prime;][vc_single_image image=\u00a0\u00bb2242&Prime; alignment=\u00a0\u00bbcenter\u00a0\u00bb style=\u00a0\u00bbvc_box_outline_circle_2&Prime; onclick=\u00a0\u00bbcustom_link\u00a0\u00bb qode_css_animation=\u00a0\u00bb\u00a0\u00bb el_class=\u00a0\u00bbimg-riga\u00a0\u00bb link=\u00a0\u00bbhttp:\/\/www.ctfc.cat\/\u00a0\u00bb][\/vc_column][vc_column width=\u00a0\u00bb3\/4&Prime; el_class=\u00a0\u00bbcolonna-testo\u00a0\u00bb][vc_column_text el_class=\u00a0\u00bbtesto-riga\u00a0\u00bb]<\/p>\n<h2><b>CTFC<\/b><\/h2>\n<p>&nbsp;<\/p>\n<p>Le <strong>CTFC<\/strong> &#8211; Centre Tecnol\u00f2gic Forestal de Catalunya est un consortium public li\u00e9 \u00e0 l&rsquo;administration du gouvernement catalan. Sa mission est de contribuer \u00e0 la modernisation et \u00e0 la comp\u00e9titivit\u00e9 du secteur forestier, de promouvoir le d\u00e9veloppement rural et une gestion environnementale durable.[\/vc_column_text][\/vc_column][\/vc_row][vc_row css_animation=\u00a0\u00bb\u00a0\u00bb row_type=\u00a0\u00bbrow\u00a0\u00bb use_row_as_full_screen_section=\u00a0\u00bbno\u00a0\u00bb type=\u00a0\u00bbfull_width\u00a0\u00bb angled_section=\u00a0\u00bbno\u00a0\u00bb text_align=\u00a0\u00bbleft\u00a0\u00bb background_image_as_pattern=\u00a0\u00bbwithout_pattern\u00a0\u00bb el_class=\u00a0\u00bbriga\u00a0\u00bb z_index=\u00a0\u00bb\u00a0\u00bb][vc_column width=\u00a0\u00bb1\/4&Prime;][vc_single_image image=\u00a0\u00bb2220&Prime; alignment=\u00a0\u00bbcenter\u00a0\u00bb style=\u00a0\u00bbvc_box_outline_circle_2&Prime; qode_css_animation=\u00a0\u00bb\u00a0\u00bb el_class=\u00a0\u00bbimg-riga\u00a0\u00bb][\/vc_column][vc_column width=\u00a0\u00bb3\/4&Prime; el_class=\u00a0\u00bbcolonna-testo\u00a0\u00bb][vc_column_text el_class=\u00a0\u00bbtesto-riga\u00a0\u00bb]<\/p>\n<h2><b>LE TERRE DEI SAVOIA<\/b><\/h2>\n<p>&nbsp;<\/p>\n<p><strong>Le Terre dei Savoia<\/strong> est une Association \u00e0 but non lucratif reconnue par la R\u00e9gion Pi\u00e9mont, dont le si\u00e8ge se trouve au Ch\u00e2teau de Racconigi, \u00e0 laquelle appartiennent \u00e0 peu pr\u00e8s 50 collectivit\u00e9s locales. Le but de l&rsquo;Association est de mettre en valeur la sp\u00e9cificit\u00e9 du territoire, le patrimoine culturel et naturel et les traditions productives d&rsquo;excellence.[\/vc_column_text][\/vc_column][\/vc_row][vc_row css_animation=\u00a0\u00bb\u00a0\u00bb row_type=\u00a0\u00bbrow\u00a0\u00bb use_row_as_full_screen_section=\u00a0\u00bbno\u00a0\u00bb type=\u00a0\u00bbfull_width\u00a0\u00bb angled_section=\u00a0\u00bbno\u00a0\u00bb text_align=\u00a0\u00bbleft\u00a0\u00bb background_image_as_pattern=\u00a0\u00bbwithout_pattern\u00a0\u00bb el_class=\u00a0\u00bbriga\u00a0\u00bb z_index=\u00a0\u00bb\u00a0\u00bb][vc_column width=\u00a0\u00bb1\/4&Prime;][vc_single_image image=\u00a0\u00bb2243&Prime; alignment=\u00a0\u00bbcenter\u00a0\u00bb style=\u00a0\u00bbvc_box_outline_circle_2&Prime; onclick=\u00a0\u00bbcustom_link\u00a0\u00bb qode_css_animation=\u00a0\u00bb\u00a0\u00bb el_class=\u00a0\u00bbimg-riga\u00a0\u00bb link=\u00a0\u00bbhttps:\/\/www.uess.fr\/\u00a0\u00bb][\/vc_column][vc_column width=\u00a0\u00bb3\/4&Prime; el_class=\u00a0\u00bbcolonna-testo\u00a0\u00bb][vc_column_text el_class=\u00a0\u00bbtesto-riga\u00a0\u00bb]<\/p>\n<h2><b>UESS<\/b><\/h2>\n<p>&nbsp;<\/p>\n<p>L&rsquo;UESS est une association fond\u00e9e en 2002 \u00e0 Forcalquier, en France. Elle compte une centaine de membres et abrite un centre de recherche et de formation dans le domaine des herbes aromatiques. Elle s\u2019occupe de projets europ\u00e9ens, ainsi que de formation culturelle et scientifique. Depuis 2018, elle g\u00e8re le Mus\u00e9e Artemisia, lieu d\u00e9di\u00e9 aux plantes aromatiques et m\u00e9dicinales de Haute-Provence.[\/vc_column_text][\/vc_column][\/vc_row][vc_row css_animation=\u00a0\u00bb\u00a0\u00bb row_type=\u00a0\u00bbrow\u00a0\u00bb use_row_as_full_screen_section=\u00a0\u00bbno\u00a0\u00bb type=\u00a0\u00bbfull_width\u00a0\u00bb angled_section=\u00a0\u00bbno\u00a0\u00bb text_align=\u00a0\u00bbleft\u00a0\u00bb background_image_as_pattern=\u00a0\u00bbwithout_pattern\u00a0\u00bb el_class=\u00a0\u00bbriga\u00a0\u00bb z_index=\u00a0\u00bb\u00a0\u00bb][vc_column width=\u00a0\u00bb1\/4&Prime;][vc_single_image image=\u00a0\u00bb2244&Prime; alignment=\u00a0\u00bbcenter\u00a0\u00bb style=\u00a0\u00bbvc_box_outline_circle_2&Prime; onclick=\u00a0\u00bbcustom_link\u00a0\u00bb qode_css_animation=\u00a0\u00bb\u00a0\u00bb el_class=\u00a0\u00bbimg-riga\u00a0\u00bb link=\u00a0\u00bbhttps:\/\/www.adcmoura.pt\/\u00a0\u00bb][\/vc_column][vc_column width=\u00a0\u00bb3\/4&Prime; el_class=\u00a0\u00bbcolonna-testo\u00a0\u00bb][vc_column_text el_class=\u00a0\u00bbtesto-riga\u00a0\u00bb]<\/p>\n<h2><b>ADCMOURA<\/b><\/h2>\n<p>&nbsp;<\/p>\n<p>ADCMoura est une organisation \u00e0 but non lucratif fond\u00e9e en 1993 \u00e0 Moura, dans<br \/>\nl&rsquo;Alentejo. Son travail s&rsquo;inspire des principes du d\u00e9veloppement local, de l&rsquo;\u00e9conomie sociale et de l&rsquo;\u00e9galit\u00e9 des chances. Certifi\u00e9e organisme de formation depuis 2001, elle est membre de nombreux r\u00e9seaux nationaux et internationaux dans le domaine social, de l\u2019entrepreneuriat et du d\u00e9veloppement rural.[\/vc_column_text][\/vc_column][\/vc_row][vc_row css_animation=\u00a0\u00bb\u00a0\u00bb row_type=\u00a0\u00bbrow\u00a0\u00bb use_row_as_full_screen_section=\u00a0\u00bbno\u00a0\u00bb type=\u00a0\u00bbfull_width\u00a0\u00bb angled_section=\u00a0\u00bbno\u00a0\u00bb text_align=\u00a0\u00bbleft\u00a0\u00bb background_image_as_pattern=\u00a0\u00bbwithout_pattern\u00a0\u00bb el_class=\u00a0\u00bbriga\u00a0\u00bb z_index=\u00a0\u00bb\u00a0\u00bb][vc_column width=\u00a0\u00bb1\/4&Prime;][vc_single_image image=\u00a0\u00bb2246&Prime; alignment=\u00a0\u00bbcenter\u00a0\u00bb style=\u00a0\u00bbvc_box_outline_circle_2&Prime; onclick=\u00a0\u00bbcustom_link\u00a0\u00bb qode_css_animation=\u00a0\u00bb\u00a0\u00bb el_class=\u00a0\u00bbimg-riga\u00a0\u00bb link=\u00a0\u00bbhttp:\/\/sito.entecra.it\/portale\/index2.php\u00a0\u00bb][\/vc_column][vc_column width=\u00a0\u00bb3\/4&Prime; el_class=\u00a0\u00bbcolonna-testo\u00a0\u00bb][vc_column_text el_class=\u00a0\u00bbtesto-riga\u00a0\u00bb]<\/p>\n<h2><b>CRA<\/b><\/h2>\n<p>&nbsp;<\/p>\n<p><strong>CRA<\/strong> est un organisme national dot\u00e9 de comp\u00e9tences scientifiques g\u00e9n\u00e9rales dans le secteur agricole, agro-industriel, halieutique et forestier. Sous la tutelle du Minist\u00e8re des politiques agricoles, alimentaires et foresti\u00e8res, il a autonomie scientifique, statutaire, organisationnelle, administrative et financi\u00e8re.[\/vc_column_text][\/vc_column][\/vc_row][vc_row css_animation=\u00a0\u00bb\u00a0\u00bb row_type=\u00a0\u00bbrow\u00a0\u00bb use_row_as_full_screen_section=\u00a0\u00bbno\u00a0\u00bb type=\u00a0\u00bbfull_width\u00a0\u00bb angled_section=\u00a0\u00bbno\u00a0\u00bb text_align=\u00a0\u00bbleft\u00a0\u00bb background_image_as_pattern=\u00a0\u00bbwithout_pattern\u00a0\u00bb el_class=\u00a0\u00bbriga\u00a0\u00bb z_index=\u00a0\u00bb\u00a0\u00bb][vc_column width=\u00a0\u00bb1\/4&Prime;][vc_single_image image=\u00a0\u00bb2247&Prime; alignment=\u00a0\u00bbcenter\u00a0\u00bb style=\u00a0\u00bbvc_box_outline_circle_2&Prime; onclick=\u00a0\u00bbcustom_link\u00a0\u00bb qode_css_animation=\u00a0\u00bb\u00a0\u00bb el_class=\u00a0\u00bbimg-riga\u00a0\u00bb link=\u00a0\u00bbhttp:\/\/www.irta.cat\/\u00a0\u00bb][\/vc_column][vc_column width=\u00a0\u00bb3\/4&Prime; el_class=\u00a0\u00bbcolonna-testo\u00a0\u00bb][vc_column_text el_class=\u00a0\u00bbtesto-riga\u00a0\u00bb]<\/p>\n<h2><b>IRTA<\/b><\/h2>\n<p>&nbsp;<\/p>\n<p><strong>IRTA<\/strong> est un institut de recherche du gouvernement de la Catalogne, rattach\u00e9 au D\u00e9partement de l&rsquo;agriculture, de l&rsquo;\u00e9levage, de la p\u00eache, de l&rsquo;alimentation et de l&rsquo;environnement. Elle est r\u00e9gie par la loi 04\/2009, approuv\u00e9e par le Parlement catalan le 15 avril 2009, et est r\u00e9gie par un r\u00e8glement priv\u00e9. IRTA a pour objectif de contribuer \u00e0 la modernisation, la comp\u00e9titivit\u00e9 et le d\u00e9veloppement durable des secteurs agroalimentaire et aquacole, d&rsquo;encourager l&rsquo;approvisionnement des consommateurs en aliments sains et de qualit\u00e9 et, en g\u00e9n\u00e9ral, d&rsquo;am\u00e9liorer le bien-\u00eatre de la population.[\/vc_column_text][\/vc_column][\/vc_row][vc_row css_animation=\u00a0\u00bb\u00a0\u00bb row_type=\u00a0\u00bbrow\u00a0\u00bb use_row_as_full_screen_section=\u00a0\u00bbno\u00a0\u00bb type=\u00a0\u00bbfull_width\u00a0\u00bb angled_section=\u00a0\u00bbno\u00a0\u00bb text_align=\u00a0\u00bbleft\u00a0\u00bb background_image_as_pattern=\u00a0\u00bbwithout_pattern\u00a0\u00bb el_class=\u00a0\u00bbriga\u00a0\u00bb z_index=\u00a0\u00bb\u00a0\u00bb][vc_column][vc_column_text el_class=\u00a0\u00bbtesto-riga\u00a0\u00bb]<\/p>\n<h2>Mat\u00e9riel<\/h2>\n<p>Le mat\u00e9riel du projet est disponible <a href=\"http:\/\/www.leterredeisavoia.it\/fr\/herbartis-materiali-fr\/\">ici<\/a>.[\/vc_column_text][\/vc_column][\/vc_row]<\/p>\n<\/div>","protected":false},"excerpt":{"rendered":"<p>[vc_row css_animation=\u00a0\u00bb\u00a0\u00bb row_type=\u00a0\u00bbrow\u00a0\u00bb use_row_as_full_screen_section=\u00a0\u00bbno\u00a0\u00bb type=\u00a0\u00bbfull_width\u00a0\u00bb angled_section=\u00a0\u00bbno\u00a0\u00bb text_align=\u00a0\u00bbleft\u00a0\u00bb background_image_as_pattern=\u00a0\u00bbwithout_pattern\u00a0\u00bb][vc_column][rev_slider_vc alias=\u00a0\u00bbherbartis-slider\u00a0\u00bb][vc_row_inner row_type=\u00a0\u00bbrow\u00a0\u00bb type=\u00a0\u00bbfull_width\u00a0\u00bb text_align=\u00a0\u00bbleft\u00a0\u00bb css_animation=\u00a0\u00bb\u00a0\u00bb el_class=\u00a0\u00bbriga\u00a0\u00bb][vc_column_inner][vc_column_text el_class=\u00a0\u00bbtesto-riga\u00a0\u00bb] Le projet &nbsp; L&rsquo;objectif du projet Herbartis est de d\u00e9velopper et de renforcer de nouvelles fili\u00e8res d&rsquo;\u00e9ducation et de formation visant \u00e0 am\u00e9liorer les comp\u00e9tences et les capacit\u00e9s des producteurs&#8230;<\/p>\n","protected":false},"author":1,"featured_media":0,"parent":0,"menu_order":0,"comment_status":"closed","ping_status":"closed","template":"","meta":{"footnotes":""},"class_list":["post-2241","page","type-page","status-publish","hentry"],"yoast_head":"<!-- This site is optimized with the Yoast SEO plugin v27.3 - https:\/\/yoast.com\/product\/yoast-seo-wordpress\/ -->\n<title>Herbartis - Le Terre dei Savoia<\/title>\n<meta name=\"robots\" content=\"index, follow, max-snippet:-1, max-image-preview:large, max-video-preview:-1\" \/>\n<link rel=\"canonical\" href=\"https:\/\/www.leterredeisavoia.it\/fr\/herbartis\/\" \/>\n<meta property=\"og:locale\" content=\"fr_FR\" \/>\n<meta property=\"og:type\" content=\"article\" \/>\n<meta property=\"og:title\" content=\"Herbartis - Le Terre dei Savoia\" \/>\n<meta property=\"og:description\" content=\"[vc_row css_animation=\u00a0\u00bb\u00a0\u00bb row_type=\u00a0\u00bbrow\u00a0\u00bb use_row_as_full_screen_section=\u00a0\u00bbno\u00a0\u00bb type=\u00a0\u00bbfull_width\u00a0\u00bb angled_section=\u00a0\u00bbno\u00a0\u00bb text_align=\u00a0\u00bbleft\u00a0\u00bb background_image_as_pattern=\u00a0\u00bbwithout_pattern\u00a0\u00bb][vc_column][rev_slider_vc alias=\u00a0\u00bbherbartis-slider\u00a0\u00bb][vc_row_inner row_type=\u00a0\u00bbrow\u00a0\u00bb type=\u00a0\u00bbfull_width\u00a0\u00bb text_align=\u00a0\u00bbleft\u00a0\u00bb css_animation=\u00a0\u00bb\u00a0\u00bb el_class=\u00a0\u00bbriga\u00a0\u00bb][vc_column_inner][vc_column_text el_class=\u00a0\u00bbtesto-riga\u00a0\u00bb] Le projet &nbsp; L&rsquo;objectif du projet Herbartis est de d\u00e9velopper et de renforcer de nouvelles fili\u00e8res d&rsquo;\u00e9ducation et de formation visant \u00e0 am\u00e9liorer les comp\u00e9tences et les capacit\u00e9s des producteurs...\" \/>\n<meta property=\"og:url\" content=\"https:\/\/www.leterredeisavoia.it\/fr\/herbartis\/\" \/>\n<meta property=\"og:site_name\" content=\"Le Terre dei Savoia\" \/>\n<meta property=\"article:modified_time\" content=\"2026-01-12T13:19:54+00:00\" \/>\n<meta name=\"twitter:card\" content=\"summary_large_image\" \/>\n<meta name=\"twitter:label1\" content=\"Dur\u00e9e de lecture estim\u00e9e\" \/>\n\t<meta name=\"twitter:data1\" content=\"6 minutes\" \/>\n<script type=\"application\/ld+json\" class=\"yoast-schema-graph\">{\"@context\":\"https:\\\/\\\/schema.org\",\"@graph\":[{\"@type\":\"WebPage\",\"@id\":\"https:\\\/\\\/www.leterredeisavoia.it\\\/fr\\\/herbartis\\\/\",\"url\":\"https:\\\/\\\/www.leterredeisavoia.it\\\/fr\\\/herbartis\\\/\",\"name\":\"Herbartis - Le Terre dei Savoia\",\"isPartOf\":{\"@id\":\"https:\\\/\\\/www.leterredeisavoia.it\\\/fr\\\/#website\"},\"datePublished\":\"2020-01-08T15:34:31+00:00\",\"dateModified\":\"2026-01-12T13:19:54+00:00\",\"breadcrumb\":{\"@id\":\"https:\\\/\\\/www.leterredeisavoia.it\\\/fr\\\/herbartis\\\/#breadcrumb\"},\"inLanguage\":\"fr-FR\",\"potentialAction\":[{\"@type\":\"ReadAction\",\"target\":[\"https:\\\/\\\/www.leterredeisavoia.it\\\/fr\\\/herbartis\\\/\"]}]},{\"@type\":\"BreadcrumbList\",\"@id\":\"https:\\\/\\\/www.leterredeisavoia.it\\\/fr\\\/herbartis\\\/#breadcrumb\",\"itemListElement\":[{\"@type\":\"ListItem\",\"position\":1,\"name\":\"Home\",\"item\":\"https:\\\/\\\/www.leterredeisavoia.it\\\/fr\\\/\"},{\"@type\":\"ListItem\",\"position\":2,\"name\":\"Herbartis\"}]},{\"@type\":\"WebSite\",\"@id\":\"https:\\\/\\\/www.leterredeisavoia.it\\\/fr\\\/#website\",\"url\":\"https:\\\/\\\/www.leterredeisavoia.it\\\/fr\\\/\",\"name\":\"Le Terre dei Savoia\",\"description\":\"\",\"potentialAction\":[{\"@type\":\"SearchAction\",\"target\":{\"@type\":\"EntryPoint\",\"urlTemplate\":\"https:\\\/\\\/www.leterredeisavoia.it\\\/fr\\\/?s={search_term_string}\"},\"query-input\":{\"@type\":\"PropertyValueSpecification\",\"valueRequired\":true,\"valueName\":\"search_term_string\"}}],\"inLanguage\":\"fr-FR\"}]}<\/script>\n<!-- \/ Yoast SEO plugin. -->","yoast_head_json":{"title":"Herbartis - Le Terre dei Savoia","robots":{"index":"index","follow":"follow","max-snippet":"max-snippet:-1","max-image-preview":"max-image-preview:large","max-video-preview":"max-video-preview:-1"},"canonical":"https:\/\/www.leterredeisavoia.it\/fr\/herbartis\/","og_locale":"fr_FR","og_type":"article","og_title":"Herbartis - Le Terre dei Savoia","og_description":"[vc_row css_animation=\u00a0\u00bb\u00a0\u00bb row_type=\u00a0\u00bbrow\u00a0\u00bb use_row_as_full_screen_section=\u00a0\u00bbno\u00a0\u00bb type=\u00a0\u00bbfull_width\u00a0\u00bb angled_section=\u00a0\u00bbno\u00a0\u00bb text_align=\u00a0\u00bbleft\u00a0\u00bb background_image_as_pattern=\u00a0\u00bbwithout_pattern\u00a0\u00bb][vc_column][rev_slider_vc alias=\u00a0\u00bbherbartis-slider\u00a0\u00bb][vc_row_inner row_type=\u00a0\u00bbrow\u00a0\u00bb type=\u00a0\u00bbfull_width\u00a0\u00bb text_align=\u00a0\u00bbleft\u00a0\u00bb css_animation=\u00a0\u00bb\u00a0\u00bb el_class=\u00a0\u00bbriga\u00a0\u00bb][vc_column_inner][vc_column_text el_class=\u00a0\u00bbtesto-riga\u00a0\u00bb] Le projet &nbsp; L&rsquo;objectif du projet Herbartis est de d\u00e9velopper et de renforcer de nouvelles fili\u00e8res d&rsquo;\u00e9ducation et de formation visant \u00e0 am\u00e9liorer les comp\u00e9tences et les capacit\u00e9s des producteurs...","og_url":"https:\/\/www.leterredeisavoia.it\/fr\/herbartis\/","og_site_name":"Le Terre dei Savoia","article_modified_time":"2026-01-12T13:19:54+00:00","twitter_card":"summary_large_image","twitter_misc":{"Dur\u00e9e de lecture estim\u00e9e":"6 minutes"},"schema":{"@context":"https:\/\/schema.org","@graph":[{"@type":"WebPage","@id":"https:\/\/www.leterredeisavoia.it\/fr\/herbartis\/","url":"https:\/\/www.leterredeisavoia.it\/fr\/herbartis\/","name":"Herbartis - Le Terre dei Savoia","isPartOf":{"@id":"https:\/\/www.leterredeisavoia.it\/fr\/#website"},"datePublished":"2020-01-08T15:34:31+00:00","dateModified":"2026-01-12T13:19:54+00:00","breadcrumb":{"@id":"https:\/\/www.leterredeisavoia.it\/fr\/herbartis\/#breadcrumb"},"inLanguage":"fr-FR","potentialAction":[{"@type":"ReadAction","target":["https:\/\/www.leterredeisavoia.it\/fr\/herbartis\/"]}]},{"@type":"BreadcrumbList","@id":"https:\/\/www.leterredeisavoia.it\/fr\/herbartis\/#breadcrumb","itemListElement":[{"@type":"ListItem","position":1,"name":"Home","item":"https:\/\/www.leterredeisavoia.it\/fr\/"},{"@type":"ListItem","position":2,"name":"Herbartis"}]},{"@type":"WebSite","@id":"https:\/\/www.leterredeisavoia.it\/fr\/#website","url":"https:\/\/www.leterredeisavoia.it\/fr\/","name":"Le Terre dei Savoia","description":"","potentialAction":[{"@type":"SearchAction","target":{"@type":"EntryPoint","urlTemplate":"https:\/\/www.leterredeisavoia.it\/fr\/?s={search_term_string}"},"query-input":{"@type":"PropertyValueSpecification","valueRequired":true,"valueName":"search_term_string"}}],"inLanguage":"fr-FR"}]}},"_links":{"self":[{"href":"https:\/\/www.leterredeisavoia.it\/fr\/wp-json\/wp\/v2\/pages\/2241","targetHints":{"allow":["GET"]}}],"collection":[{"href":"https:\/\/www.leterredeisavoia.it\/fr\/wp-json\/wp\/v2\/pages"}],"about":[{"href":"https:\/\/www.leterredeisavoia.it\/fr\/wp-json\/wp\/v2\/types\/page"}],"author":[{"embeddable":true,"href":"https:\/\/www.leterredeisavoia.it\/fr\/wp-json\/wp\/v2\/users\/1"}],"replies":[{"embeddable":true,"href":"https:\/\/www.leterredeisavoia.it\/fr\/wp-json\/wp\/v2\/comments?post=2241"}],"version-history":[{"count":5,"href":"https:\/\/www.leterredeisavoia.it\/fr\/wp-json\/wp\/v2\/pages\/2241\/revisions"}],"predecessor-version":[{"id":2704,"href":"https:\/\/www.leterredeisavoia.it\/fr\/wp-json\/wp\/v2\/pages\/2241\/revisions\/2704"}],"wp:attachment":[{"href":"https:\/\/www.leterredeisavoia.it\/fr\/wp-json\/wp\/v2\/media?parent=2241"}],"curies":[{"name":"wp","href":"https:\/\/api.w.org\/{rel}","templated":true}]}}