{"id":2204,"date":"2020-01-07T12:03:21","date_gmt":"2020-01-07T11:03:21","guid":{"rendered":"http:\/\/www.leterredeisavoia.it\/les-ducs-des-alpes\/"},"modified":"2026-01-12T14:03:27","modified_gmt":"2026-01-12T13:03:27","slug":"les-ducs-des-alpes","status":"publish","type":"page","link":"https:\/\/www.leterredeisavoia.it\/fr\/les-ducs-des-alpes\/","title":{"rendered":"Ducs des Alpes"},"content":{"rendered":"<div class=\"wpb-content-wrapper\"><p>[vc_row css_animation=\u00a0\u00bb\u00a0\u00bb row_type=\u00a0\u00bbrow\u00a0\u00bb use_row_as_full_screen_section=\u00a0\u00bbno\u00a0\u00bb type=\u00a0\u00bbfull_width\u00a0\u00bb angled_section=\u00a0\u00bbno\u00a0\u00bb text_align=\u00a0\u00bbleft\u00a0\u00bb background_image_as_pattern=\u00a0\u00bbwithout_pattern\u00a0\u00bb][vc_column][rev_slider_vc alias=\u00a0\u00bbduchi-slider\u00a0\u00bb][vc_row_inner row_type=\u00a0\u00bbrow\u00a0\u00bb type=\u00a0\u00bbfull_width\u00a0\u00bb text_align=\u00a0\u00bbleft\u00a0\u00bb css_animation=\u00a0\u00bb\u00a0\u00bb el_class=\u00a0\u00bbriga\u00a0\u00bb][vc_column_inner][vc_column_text el_class=\u00a0\u00bbtesto-riga\u00a0\u00bb]<\/p>\n<h2>Le projet<\/h2>\n<p>&nbsp;<\/p>\n<p>I Duchi delle Alpi veut faire en sorte que tous les lieux historiques de la dynastie savoyarde soient le centre d&rsquo;un syst\u00e8me charpent\u00e9 de tourisme et d&rsquo;exp\u00e9rience. Sur les traces d&rsquo;une histoire mill\u00e9naire, le projet renforce et valorise l&rsquo;attractivit\u00e9 touristique des territoires alpins transfrontaliers afin de les faire revivre dans une perspective moderne.[\/vc_column_text][\/vc_column_inner][\/vc_row_inner][vc_row_inner row_type=\u00a0\u00bbrow\u00a0\u00bb type=\u00a0\u00bbfull_width\u00a0\u00bb text_align=\u00a0\u00bbleft\u00a0\u00bb css_animation=\u00a0\u00bb\u00a0\u00bb el_class=\u00a0\u00bbriga\u00a0\u00bb][vc_column_inner][vc_column_text el_class=\u00a0\u00bbtitolo-attivita\u00a0\u00bb]<\/p>\n<h2>Activit\u00e9s<\/h2>\n<p>[\/vc_column_text][\/vc_column_inner][\/vc_row_inner][vc_row_inner row_type=\u00a0\u00bbrow\u00a0\u00bb type=\u00a0\u00bbfull_width\u00a0\u00bb text_align=\u00a0\u00bbleft\u00a0\u00bb css_animation=\u00a0\u00bb\u00a0\u00bb el_class=\u00a0\u00bbslider-attivita\u00a0\u00bb][vc_column_inner][vc_single_image image=\u00a0\u00bb2208&Prime; img_size=\u00a0\u00bb1200&#215;600&Prime; qode_css_animation=\u00a0\u00bb\u00a0\u00bb][vc_column_text el_class=\u00a0\u00bbtesto-attivita\u00a0\u00bb]<span style=\"font-weight: 400;\">Les objectifs sp\u00e9cifiques du projet tendent \u00e0 cr\u00e9er un syst\u00e8me de valorisation partag\u00e9e.<\/span><\/p>\n<p><span style=\"font-weight: 400;\"><strong>Construire<\/strong> un nouvel itin\u00e9raire pour d\u00e9couvrir les monuments historiques de Savoie, centr\u00e9 sur l&rsquo;exp\u00e9rience du visiteur.<\/span><\/p>\n<p><span style=\"font-weight: 400;\"><strong>Pr\u00e9server<\/strong> le patrimoine et ouvrir \u00e0 la visite des espaces jusqu&rsquo;alors inaccessibles gr\u00e2ce \u00e0 l&rsquo;utilisation de technologies innovantes.<br \/>\n<\/span><\/p>\n<p><span style=\"font-weight: 400;\"><strong>C\u00e9l\u00e9brer<\/strong> et partager une histoire mill\u00e9naire avec des expositions th\u00e9matiques du c\u00f4t\u00e9 italien et fran\u00e7ais.Gli obiettivi specifici del progetto tendono a creare un sistema di valorizzazione condiviso.<\/span>[\/vc_column_text][\/vc_column_inner][\/vc_row_inner][vc_row_inner row_type=\u00a0\u00bbrow\u00a0\u00bb type=\u00a0\u00bbfull_width\u00a0\u00bb text_align=\u00a0\u00bbleft\u00a0\u00bb css_animation=\u00a0\u00bb\u00a0\u00bb el_class=\u00a0\u00bbriga\u00a0\u00bb][vc_column_inner][vc_column_text el_class=\u00a0\u00bbtitolo-attivita\u00a0\u00bb]<\/p>\n<h2>Les partenaires<\/h2>\n<p>[\/vc_column_text][\/vc_column_inner][\/vc_row_inner][\/vc_column][\/vc_row][vc_row css_animation=\u00a0\u00bb\u00a0\u00bb row_type=\u00a0\u00bbrow\u00a0\u00bb use_row_as_full_screen_section=\u00a0\u00bbno\u00a0\u00bb type=\u00a0\u00bbfull_width\u00a0\u00bb angled_section=\u00a0\u00bbno\u00a0\u00bb text_align=\u00a0\u00bbleft\u00a0\u00bb background_image_as_pattern=\u00a0\u00bbwithout_pattern\u00a0\u00bb el_class=\u00a0\u00bbriga\u00a0\u00bb z_index=\u00a0\u00bb\u00a0\u00bb][vc_column width=\u00a0\u00bb1\/4&Prime;][vc_single_image image=\u00a0\u00bb2220&Prime; alignment=\u00a0\u00bbcenter\u00a0\u00bb style=\u00a0\u00bbvc_box_outline_circle_2&Prime; qode_css_animation=\u00a0\u00bb\u00a0\u00bb el_class=\u00a0\u00bbimg-riga\u00a0\u00bb][\/vc_column][vc_column width=\u00a0\u00bb3\/4&Prime; el_class=\u00a0\u00bbcolonna-testo\u00a0\u00bb][vc_column_text el_class=\u00a0\u00bbtesto-riga\u00a0\u00bb]<\/p>\n<h2><b>LE TERRE DEI SAVOIA<\/b><\/h2>\n<p>&nbsp;<\/p>\n<p><strong>Le Terre dei Savoia <\/strong>est une association \u00e0 but non lucratif reconnue par la R\u00e9gion Pi\u00e9mont, dont le si\u00e8ge se trouve au Ch\u00e2teau de Racconigi, \u00e0 laquelle appartiennent \u00e0 peu pr\u00e8s 50 collectivit\u00e9s locales. Le but de l&rsquo;Association est de mettre en valeur la sp\u00e9cificit\u00e9 du territoire, le patrimoine culturel et naturel et les traditions productives d&rsquo;excellence.[\/vc_column_text][\/vc_column][\/vc_row][vc_row css_animation=\u00a0\u00bb\u00a0\u00bb row_type=\u00a0\u00bbrow\u00a0\u00bb use_row_as_full_screen_section=\u00a0\u00bbno\u00a0\u00bb type=\u00a0\u00bbfull_width\u00a0\u00bb angled_section=\u00a0\u00bbno\u00a0\u00bb text_align=\u00a0\u00bbleft\u00a0\u00bb background_image_as_pattern=\u00a0\u00bbwithout_pattern\u00a0\u00bb el_class=\u00a0\u00bbriga\u00a0\u00bb z_index=\u00a0\u00bb\u00a0\u00bb][vc_column width=\u00a0\u00bb1\/4&Prime;][vc_single_image image=\u00a0\u00bb2205&Prime; alignment=\u00a0\u00bbcenter\u00a0\u00bb style=\u00a0\u00bbvc_box_outline_circle_2&Prime; onclick=\u00a0\u00bbcustom_link\u00a0\u00bb qode_css_animation=\u00a0\u00bb\u00a0\u00bb el_class=\u00a0\u00bbimg-riga\u00a0\u00bb link=\u00a0\u00bbhttps:\/\/www.savoie.fr\/\u00a0\u00bb][\/vc_column][vc_column width=\u00a0\u00bb3\/4&Prime; el_class=\u00a0\u00bbcolonna-testo\u00a0\u00bb][vc_column_text el_class=\u00a0\u00bbtesto-riga\u00a0\u00bb]<\/p>\n<h2><b>D\u00c9PARTMENT DE LA SAVOIE<\/b><\/h2>\n<p>&nbsp;<\/p>\n<p>Le Dipartimento della Savoia ou d\u00e9partement de la Savoie est une collectivit\u00e9 territoriale qui poursuit depuis de nombreuses ann\u00e9es une strat\u00e9gie de diversification et de coh\u00e9sion dont le tourisme culturel est un axe essentiel. Il a g\u00e9r\u00e9 de nombreux projets de d\u00e9veloppement touristique, avec le th\u00e8me du tourisme culturel \u00e9tant parmi les objectifs strat\u00e9giques des politiques d\u00e9partementales.[\/vc_column_text][\/vc_column][\/vc_row][vc_row css_animation=\u00a0\u00bb\u00a0\u00bb row_type=\u00a0\u00bbrow\u00a0\u00bb use_row_as_full_screen_section=\u00a0\u00bbno\u00a0\u00bb type=\u00a0\u00bbfull_width\u00a0\u00bb angled_section=\u00a0\u00bbno\u00a0\u00bb text_align=\u00a0\u00bbleft\u00a0\u00bb background_image_as_pattern=\u00a0\u00bbwithout_pattern\u00a0\u00bb el_class=\u00a0\u00bbriga\u00a0\u00bb z_index=\u00a0\u00bb\u00a0\u00bb][vc_column width=\u00a0\u00bb1\/4&Prime;][vc_single_image image=\u00a0\u00bb2206&Prime; alignment=\u00a0\u00bbcenter\u00a0\u00bb style=\u00a0\u00bbvc_box_outline_circle_2&Prime; onclick=\u00a0\u00bbcustom_link\u00a0\u00bb qode_css_animation=\u00a0\u00bb\u00a0\u00bb el_class=\u00a0\u00bbimg-riga\u00a0\u00bb link=\u00a0\u00bbhttps:\/\/www.fondoambiente.it\/luoghi\/castello-della-manta\u00a0\u00bb][\/vc_column][vc_column width=\u00a0\u00bb3\/4&Prime; el_class=\u00a0\u00bbcolonna-testo\u00a0\u00bb][vc_column_text el_class=\u00a0\u00bbtesto-riga\u00a0\u00bb]<\/p>\n<h2><b>LE CHATEAU DE LA MANTA<\/b><\/h2>\n<p>&nbsp;<\/p>\n<p><strong>Le Ch\u00e2teau de la Manta<\/strong>, si\u00e8ge op\u00e9rationnel de Fondo Ambiente Italiano (Fonds italien pour l&rsquo;environnement) depuis 1984, est n\u00e9 en tant que bastion militaire et est devenu ensuite la r\u00e9sidence des marquis de Saluzzo qui ont conserv\u00e9 sa propri\u00e9t\u00e9 pendant plus de quatre cents ans, au cours desquels le ch\u00e2teau a connu plusieurs extensions et r\u00e9novations.[\/vc_column_text][\/vc_column][\/vc_row][vc_row css_animation=\u00a0\u00bb\u00a0\u00bb row_type=\u00a0\u00bbrow\u00a0\u00bb use_row_as_full_screen_section=\u00a0\u00bbno\u00a0\u00bb type=\u00a0\u00bbfull_width\u00a0\u00bb angled_section=\u00a0\u00bbno\u00a0\u00bb text_align=\u00a0\u00bbleft\u00a0\u00bb background_image_as_pattern=\u00a0\u00bbwithout_pattern\u00a0\u00bb el_class=\u00a0\u00bbriga\u00a0\u00bb z_index=\u00a0\u00bb\u00a0\u00bb][vc_column width=\u00a0\u00bb1\/4&Prime;][vc_single_image image=\u00a0\u00bb2207&Prime; alignment=\u00a0\u00bbcenter\u00a0\u00bb style=\u00a0\u00bbvc_box_outline_circle_2&Prime; onclick=\u00a0\u00bbcustom_link\u00a0\u00bb qode_css_animation=\u00a0\u00bb\u00a0\u00bb el_class=\u00a0\u00bbimg-riga\u00a0\u00bb link=\u00a0\u00bbhttps:\/\/www.chemin-neuf.fr\/fr\/aidez-nous\/5729aa45c445ec5a008b6dba\/fondation-d-hautecombe\u00a0\u00bb][\/vc_column][vc_column width=\u00a0\u00bb3\/4&Prime; el_class=\u00a0\u00bbcolonna-testo\u00a0\u00bb][vc_column_text el_class=\u00a0\u00bbtesto-riga\u00a0\u00bb]<\/p>\n<h2><b>LA FONDATION D&rsquo;HAUTECOMBE<\/b><\/h2>\n<p>&nbsp;<\/p>\n<p><strong>La Fondation d\u2019Hautecombe<\/strong> a pour mission de prot\u00e9ger et d&rsquo;entretenir les b\u00e2timents class\u00e9s monuments historiques depuis 1875, de former des jeunes du monde entier et d&rsquo;accueillir les p\u00e8lerins et les visiteurs. Depuis 1992, la Fondation accueille un centre de formation international au service de la paix et de l&rsquo;unit\u00e9 dans le monde.[\/vc_column_text][\/vc_column][\/vc_row][vc_row css_animation=\u00a0\u00bb\u00a0\u00bb row_type=\u00a0\u00bbrow\u00a0\u00bb use_row_as_full_screen_section=\u00a0\u00bbno\u00a0\u00bb type=\u00a0\u00bbfull_width\u00a0\u00bb angled_section=\u00a0\u00bbno\u00a0\u00bb text_align=\u00a0\u00bbleft\u00a0\u00bb background_image_as_pattern=\u00a0\u00bbwithout_pattern\u00a0\u00bb css=\u00a0\u00bb.vc_custom_1572009751308{margin-top: 70px !important;}\u00a0\u00bb z_index=\u00a0\u00bb\u00a0\u00bb el_class=\u00a0\u00bbriga\u00a0\u00bb][vc_column][vc_column_text]<\/p>\n<h2>Mat\u00e9riel<\/h2>\n<p>Le mat\u00e9riel du projet est disponible <a href=\"http:\/\/www.leterredeisavoia.it\/fr\/duchi-delle-alpi-materiali-fr\/\">ici<\/a>.[\/vc_column_text][\/vc_column][\/vc_row]<\/p>\n<\/div>","protected":false},"excerpt":{"rendered":"<p>[vc_row css_animation=\u00a0\u00bb\u00a0\u00bb row_type=\u00a0\u00bbrow\u00a0\u00bb use_row_as_full_screen_section=\u00a0\u00bbno\u00a0\u00bb type=\u00a0\u00bbfull_width\u00a0\u00bb angled_section=\u00a0\u00bbno\u00a0\u00bb text_align=\u00a0\u00bbleft\u00a0\u00bb background_image_as_pattern=\u00a0\u00bbwithout_pattern\u00a0\u00bb][vc_column][rev_slider_vc alias=\u00a0\u00bbduchi-slider\u00a0\u00bb][vc_row_inner row_type=\u00a0\u00bbrow\u00a0\u00bb type=\u00a0\u00bbfull_width\u00a0\u00bb text_align=\u00a0\u00bbleft\u00a0\u00bb css_animation=\u00a0\u00bb\u00a0\u00bb el_class=\u00a0\u00bbriga\u00a0\u00bb][vc_column_inner][vc_column_text el_class=\u00a0\u00bbtesto-riga\u00a0\u00bb] Le projet &nbsp; I Duchi delle Alpi veut faire en sorte que tous les lieux historiques de la dynastie savoyarde soient le centre d&rsquo;un syst\u00e8me charpent\u00e9 de tourisme et d&rsquo;exp\u00e9rience&#8230;.<\/p>\n","protected":false},"author":1,"featured_media":0,"parent":0,"menu_order":0,"comment_status":"closed","ping_status":"closed","template":"","meta":{"footnotes":""},"class_list":["post-2204","page","type-page","status-publish","hentry"],"yoast_head":"<!-- This site is optimized with the Yoast SEO plugin v27.3 - https:\/\/yoast.com\/product\/yoast-seo-wordpress\/ -->\n<title>Ducs des Alpes - Le Terre dei Savoia<\/title>\n<meta name=\"robots\" content=\"index, follow, max-snippet:-1, max-image-preview:large, max-video-preview:-1\" \/>\n<link rel=\"canonical\" href=\"https:\/\/www.leterredeisavoia.it\/fr\/les-ducs-des-alpes\/\" \/>\n<meta property=\"og:locale\" content=\"fr_FR\" \/>\n<meta property=\"og:type\" content=\"article\" \/>\n<meta property=\"og:title\" content=\"Ducs des Alpes - Le Terre dei Savoia\" \/>\n<meta property=\"og:description\" content=\"[vc_row css_animation=\u00a0\u00bb\u00a0\u00bb row_type=\u00a0\u00bbrow\u00a0\u00bb use_row_as_full_screen_section=\u00a0\u00bbno\u00a0\u00bb type=\u00a0\u00bbfull_width\u00a0\u00bb angled_section=\u00a0\u00bbno\u00a0\u00bb text_align=\u00a0\u00bbleft\u00a0\u00bb background_image_as_pattern=\u00a0\u00bbwithout_pattern\u00a0\u00bb][vc_column][rev_slider_vc alias=\u00a0\u00bbduchi-slider\u00a0\u00bb][vc_row_inner row_type=\u00a0\u00bbrow\u00a0\u00bb type=\u00a0\u00bbfull_width\u00a0\u00bb text_align=\u00a0\u00bbleft\u00a0\u00bb css_animation=\u00a0\u00bb\u00a0\u00bb el_class=\u00a0\u00bbriga\u00a0\u00bb][vc_column_inner][vc_column_text el_class=\u00a0\u00bbtesto-riga\u00a0\u00bb] Le projet &nbsp; I Duchi delle Alpi veut faire en sorte que tous les lieux historiques de la dynastie savoyarde soient le centre d&rsquo;un syst\u00e8me charpent\u00e9 de tourisme et d&rsquo;exp\u00e9rience....\" \/>\n<meta property=\"og:url\" content=\"https:\/\/www.leterredeisavoia.it\/fr\/les-ducs-des-alpes\/\" \/>\n<meta property=\"og:site_name\" content=\"Le Terre dei Savoia\" \/>\n<meta property=\"article:modified_time\" content=\"2026-01-12T13:03:27+00:00\" \/>\n<meta name=\"twitter:card\" content=\"summary_large_image\" \/>\n<meta name=\"twitter:label1\" content=\"Dur\u00e9e de lecture estim\u00e9e\" \/>\n\t<meta name=\"twitter:data1\" content=\"5 minutes\" \/>\n<script type=\"application\/ld+json\" class=\"yoast-schema-graph\">{\"@context\":\"https:\\\/\\\/schema.org\",\"@graph\":[{\"@type\":\"WebPage\",\"@id\":\"https:\\\/\\\/www.leterredeisavoia.it\\\/fr\\\/les-ducs-des-alpes\\\/\",\"url\":\"https:\\\/\\\/www.leterredeisavoia.it\\\/fr\\\/les-ducs-des-alpes\\\/\",\"name\":\"Ducs des Alpes - Le Terre dei Savoia\",\"isPartOf\":{\"@id\":\"https:\\\/\\\/www.leterredeisavoia.it\\\/fr\\\/#website\"},\"datePublished\":\"2020-01-07T11:03:21+00:00\",\"dateModified\":\"2026-01-12T13:03:27+00:00\",\"breadcrumb\":{\"@id\":\"https:\\\/\\\/www.leterredeisavoia.it\\\/fr\\\/les-ducs-des-alpes\\\/#breadcrumb\"},\"inLanguage\":\"fr-FR\",\"potentialAction\":[{\"@type\":\"ReadAction\",\"target\":[\"https:\\\/\\\/www.leterredeisavoia.it\\\/fr\\\/les-ducs-des-alpes\\\/\"]}]},{\"@type\":\"BreadcrumbList\",\"@id\":\"https:\\\/\\\/www.leterredeisavoia.it\\\/fr\\\/les-ducs-des-alpes\\\/#breadcrumb\",\"itemListElement\":[{\"@type\":\"ListItem\",\"position\":1,\"name\":\"Home\",\"item\":\"https:\\\/\\\/www.leterredeisavoia.it\\\/fr\\\/\"},{\"@type\":\"ListItem\",\"position\":2,\"name\":\"Ducs des Alpes\"}]},{\"@type\":\"WebSite\",\"@id\":\"https:\\\/\\\/www.leterredeisavoia.it\\\/fr\\\/#website\",\"url\":\"https:\\\/\\\/www.leterredeisavoia.it\\\/fr\\\/\",\"name\":\"Le Terre dei Savoia\",\"description\":\"\",\"potentialAction\":[{\"@type\":\"SearchAction\",\"target\":{\"@type\":\"EntryPoint\",\"urlTemplate\":\"https:\\\/\\\/www.leterredeisavoia.it\\\/fr\\\/?s={search_term_string}\"},\"query-input\":{\"@type\":\"PropertyValueSpecification\",\"valueRequired\":true,\"valueName\":\"search_term_string\"}}],\"inLanguage\":\"fr-FR\"}]}<\/script>\n<!-- \/ Yoast SEO plugin. -->","yoast_head_json":{"title":"Ducs des Alpes - Le Terre dei Savoia","robots":{"index":"index","follow":"follow","max-snippet":"max-snippet:-1","max-image-preview":"max-image-preview:large","max-video-preview":"max-video-preview:-1"},"canonical":"https:\/\/www.leterredeisavoia.it\/fr\/les-ducs-des-alpes\/","og_locale":"fr_FR","og_type":"article","og_title":"Ducs des Alpes - Le Terre dei Savoia","og_description":"[vc_row css_animation=\u00a0\u00bb\u00a0\u00bb row_type=\u00a0\u00bbrow\u00a0\u00bb use_row_as_full_screen_section=\u00a0\u00bbno\u00a0\u00bb type=\u00a0\u00bbfull_width\u00a0\u00bb angled_section=\u00a0\u00bbno\u00a0\u00bb text_align=\u00a0\u00bbleft\u00a0\u00bb background_image_as_pattern=\u00a0\u00bbwithout_pattern\u00a0\u00bb][vc_column][rev_slider_vc alias=\u00a0\u00bbduchi-slider\u00a0\u00bb][vc_row_inner row_type=\u00a0\u00bbrow\u00a0\u00bb type=\u00a0\u00bbfull_width\u00a0\u00bb text_align=\u00a0\u00bbleft\u00a0\u00bb css_animation=\u00a0\u00bb\u00a0\u00bb el_class=\u00a0\u00bbriga\u00a0\u00bb][vc_column_inner][vc_column_text el_class=\u00a0\u00bbtesto-riga\u00a0\u00bb] Le projet &nbsp; I Duchi delle Alpi veut faire en sorte que tous les lieux historiques de la dynastie savoyarde soient le centre d&rsquo;un syst\u00e8me charpent\u00e9 de tourisme et d&rsquo;exp\u00e9rience....","og_url":"https:\/\/www.leterredeisavoia.it\/fr\/les-ducs-des-alpes\/","og_site_name":"Le Terre dei Savoia","article_modified_time":"2026-01-12T13:03:27+00:00","twitter_card":"summary_large_image","twitter_misc":{"Dur\u00e9e de lecture estim\u00e9e":"5 minutes"},"schema":{"@context":"https:\/\/schema.org","@graph":[{"@type":"WebPage","@id":"https:\/\/www.leterredeisavoia.it\/fr\/les-ducs-des-alpes\/","url":"https:\/\/www.leterredeisavoia.it\/fr\/les-ducs-des-alpes\/","name":"Ducs des Alpes - Le Terre dei Savoia","isPartOf":{"@id":"https:\/\/www.leterredeisavoia.it\/fr\/#website"},"datePublished":"2020-01-07T11:03:21+00:00","dateModified":"2026-01-12T13:03:27+00:00","breadcrumb":{"@id":"https:\/\/www.leterredeisavoia.it\/fr\/les-ducs-des-alpes\/#breadcrumb"},"inLanguage":"fr-FR","potentialAction":[{"@type":"ReadAction","target":["https:\/\/www.leterredeisavoia.it\/fr\/les-ducs-des-alpes\/"]}]},{"@type":"BreadcrumbList","@id":"https:\/\/www.leterredeisavoia.it\/fr\/les-ducs-des-alpes\/#breadcrumb","itemListElement":[{"@type":"ListItem","position":1,"name":"Home","item":"https:\/\/www.leterredeisavoia.it\/fr\/"},{"@type":"ListItem","position":2,"name":"Ducs des Alpes"}]},{"@type":"WebSite","@id":"https:\/\/www.leterredeisavoia.it\/fr\/#website","url":"https:\/\/www.leterredeisavoia.it\/fr\/","name":"Le Terre dei Savoia","description":"","potentialAction":[{"@type":"SearchAction","target":{"@type":"EntryPoint","urlTemplate":"https:\/\/www.leterredeisavoia.it\/fr\/?s={search_term_string}"},"query-input":{"@type":"PropertyValueSpecification","valueRequired":true,"valueName":"search_term_string"}}],"inLanguage":"fr-FR"}]}},"_links":{"self":[{"href":"https:\/\/www.leterredeisavoia.it\/fr\/wp-json\/wp\/v2\/pages\/2204","targetHints":{"allow":["GET"]}}],"collection":[{"href":"https:\/\/www.leterredeisavoia.it\/fr\/wp-json\/wp\/v2\/pages"}],"about":[{"href":"https:\/\/www.leterredeisavoia.it\/fr\/wp-json\/wp\/v2\/types\/page"}],"author":[{"embeddable":true,"href":"https:\/\/www.leterredeisavoia.it\/fr\/wp-json\/wp\/v2\/users\/1"}],"replies":[{"embeddable":true,"href":"https:\/\/www.leterredeisavoia.it\/fr\/wp-json\/wp\/v2\/comments?post=2204"}],"version-history":[{"count":7,"href":"https:\/\/www.leterredeisavoia.it\/fr\/wp-json\/wp\/v2\/pages\/2204\/revisions"}],"predecessor-version":[{"id":21496,"href":"https:\/\/www.leterredeisavoia.it\/fr\/wp-json\/wp\/v2\/pages\/2204\/revisions\/21496"}],"wp:attachment":[{"href":"https:\/\/www.leterredeisavoia.it\/fr\/wp-json\/wp\/v2\/media?parent=2204"}],"curies":[{"name":"wp","href":"https:\/\/api.w.org\/{rel}","templated":true}]}}