{"id":21527,"date":"2026-01-12T14:26:26","date_gmt":"2026-01-12T13:26:26","guid":{"rendered":"https:\/\/www.leterredeisavoia.it\/actualites\/"},"modified":"2026-01-12T14:29:56","modified_gmt":"2026-01-12T13:29:56","slug":"actualites","status":"publish","type":"page","link":"https:\/\/www.leterredeisavoia.it\/fr\/actualites\/","title":{"rendered":"Actualit\u00e9s"},"content":{"rendered":"\t\t<div data-elementor-type=\"wp-page\" data-elementor-id=\"21527\" class=\"elementor elementor-21527 elementor-19562\">\n\t\t\t\t<div class=\"elementor-element elementor-element-1f90fb8 e-con-full e-flex parallax_section_no qode_elementor_container_no e-con e-parent\" data-id=\"1f90fb8\" data-element_type=\"container\" data-e-type=\"container\">\n\t\t\t\t<div class=\"elementor-element elementor-element-28e2963 elementor-widget elementor-widget-slider_revolution\" data-id=\"28e2963\" data-element_type=\"widget\" data-e-type=\"widget\" data-widget_type=\"slider_revolution.default\">\n\t\t\t\t<div class=\"elementor-widget-container\">\n\t\t\t\t\t\n\t\t<div class=\"wp-block-themepunch-revslider\">\n\t\t\t\t<p class=\"rs-p-wp-fix\"><\/p>\n\t\t\t\t<sr7-module data-alias=\"comuni_1-1\" data-id=\"51\" id=\"SR7_51_1\" class=\"rs-respect-topbar rs-ov-hidden\" data-version=\"6.7.52\">\n\t\t\t\t\t<sr7-adjuster><\/sr7-adjuster>\n\t\t\t\t\t<sr7-content>\n\t\t\t\t\t\t<sr7-slide id=\"SR7_51_1-229\" data-key=\"229\">\n\t\t\t\t\t\t\t<sr7-bg id=\"SR7_51_1-229-11\" class=\"sr7-layer\"><noscript><img decoding=\"async\" src=\"https:\/\/www.leterredeisavoia.it\/wp-content\/uploads\/2025\/09\/verduno.webp\" alt=\"\" title=\"verduno\"><\/noscript><\/sr7-bg>\n\t\t\t\t\t\t\t<sr7-txt id=\"SR7_51_1-229-0\" class=\"sr7-layer\">Verduno<\/sr7-txt>\n\t\t\t\t\t\t<\/sr7-slide>\n\t\t\t\t\t\t<sr7-slide id=\"SR7_51_1-230\" data-key=\"230\">\n\t\t\t\t\t\t\t<sr7-bg id=\"SR7_51_1-230-11\" class=\"sr7-layer\"><noscript><img decoding=\"async\" src=\"https:\/\/www.leterredeisavoia.it\/wp-content\/uploads\/2025\/09\/slmour.webp\" alt=\"\" title=\"slmour\"><\/noscript><\/sr7-bg>\n\t\t\t\t\t\t\t<sr7-txt id=\"SR7_51_1-230-0\" class=\"sr7-layer\">Salmour<\/sr7-txt>\n\t\t\t\t\t\t<\/sr7-slide>\n\t\t\t\t\t\t<sr7-slide id=\"SR7_51_1-231\" data-key=\"231\">\n\t\t\t\t\t\t\t<sr7-bg id=\"SR7_51_1-231-11\" class=\"sr7-layer\"><noscript><img decoding=\"async\" src=\"https:\/\/www.leterredeisavoia.it\/wp-content\/uploads\/2025\/09\/ostana_2.webp\" alt=\"\" title=\"ostana_2\"><\/noscript><\/sr7-bg>\n\t\t\t\t\t\t\t<sr7-txt id=\"SR7_51_1-231-0\" class=\"sr7-layer\">Ostana<\/sr7-txt>\n\t\t\t\t\t\t<\/sr7-slide>\n\t\t\t\t\t\t<sr7-slide id=\"SR7_51_1-232\" data-key=\"232\">\n\t\t\t\t\t\t\t<sr7-bg id=\"SR7_51_1-232-11\" class=\"sr7-layer\"><noscript><img decoding=\"async\" src=\"https:\/\/www.leterredeisavoia.it\/wp-content\/uploads\/2025\/09\/roddino.webp\" alt=\"\" title=\"roddino\"><\/noscript><\/sr7-bg>\n\t\t\t\t\t\t\t<sr7-txt id=\"SR7_51_1-232-0\" class=\"sr7-layer\">Roddino<\/sr7-txt>\n\t\t\t\t\t\t<\/sr7-slide>\n\t\t\t\t\t\t<sr7-slide id=\"SR7_51_1-233\" data-key=\"233\">\n\t\t\t\t\t\t\t<sr7-bg id=\"SR7_51_1-233-11\" class=\"sr7-layer\"><noscript><img decoding=\"async\" src=\"https:\/\/www.leterredeisavoia.it\/wp-content\/uploads\/2025\/09\/racconigi.webp\" alt=\"\" title=\"racconigi\"><\/noscript><\/sr7-bg>\n\t\t\t\t\t\t\t<sr7-txt id=\"SR7_51_1-233-0\" class=\"sr7-layer\">Racconigi<\/sr7-txt>\n\t\t\t\t\t\t<\/sr7-slide>\n\t\t\t\t\t\t<sr7-slide id=\"SR7_51_1-234\" data-key=\"234\">\n\t\t\t\t\t\t\t<sr7-bg id=\"SR7_51_1-234-11\" class=\"sr7-layer\"><noscript><img decoding=\"async\" src=\"https:\/\/www.leterredeisavoia.it\/wp-content\/uploads\/2025\/09\/pocapaglia.webp\" alt=\"\" title=\"pocapaglia\"><\/noscript><\/sr7-bg>\n\t\t\t\t\t\t\t<sr7-txt id=\"SR7_51_1-234-0\" class=\"sr7-layer\">Pocapaglia<\/sr7-txt>\n\t\t\t\t\t\t<\/sr7-slide>\n\t\t\t\t\t\t<sr7-slide id=\"SR7_51_1-235\" data-key=\"235\">\n\t\t\t\t\t\t\t<sr7-bg id=\"SR7_51_1-235-11\" class=\"sr7-layer\"><noscript><img decoding=\"async\" src=\"https:\/\/www.leterredeisavoia.it\/wp-content\/uploads\/2025\/09\/montegrosso-dasti.webp\" alt=\"\" title=\"&lsquo;asti\"><\/noscript><\/sr7-bg>\n\t\t\t\t\t\t\t<sr7-txt id=\"SR7_51_1-235-0\" class=\"sr7-layer\">Montegrosso d'Asti<\/sr7-txt>\n\t\t\t\t\t\t<\/sr7-slide>\n\t\t\t\t\t\t<sr7-slide id=\"SR7_51_1-236\" data-key=\"236\">\n\t\t\t\t\t\t\t<sr7-bg id=\"SR7_51_1-236-11\" class=\"sr7-layer\"><noscript><img decoding=\"async\" src=\"https:\/\/www.leterredeisavoia.it\/wp-content\/uploads\/2025\/09\/lagnasco.webp\" alt=\"\" title=\"lagnasco\"><\/noscript><\/sr7-bg>\n\t\t\t\t\t\t\t<sr7-txt id=\"SR7_51_1-236-0\" class=\"sr7-layer\">Lagnasco<\/sr7-txt>\n\t\t\t\t\t\t<\/sr7-slide>\n\t\t\t\t\t\t<sr7-slide id=\"SR7_51_1-237\" data-key=\"237\">\n\t\t\t\t\t\t\t<sr7-bg id=\"SR7_51_1-237-11\" class=\"sr7-layer\"><noscript><img decoding=\"async\" src=\"https:\/\/www.leterredeisavoia.it\/wp-content\/uploads\/2025\/09\/grinzane-cavour.webp\" alt=\"\" title=\"grinzane cavour\"><\/noscript><\/sr7-bg>\n\t\t\t\t\t\t\t<sr7-txt id=\"SR7_51_1-237-0\" class=\"sr7-layer\">Grinzane Cavour<\/sr7-txt>\n\t\t\t\t\t\t<\/sr7-slide>\n\t\t\t\t\t\t<sr7-slide id=\"SR7_51_1-238\" data-key=\"238\">\n\t\t\t\t\t\t\t<sr7-bg id=\"SR7_51_1-238-11\" class=\"sr7-layer\"><noscript><img decoding=\"async\" src=\"https:\/\/www.leterredeisavoia.it\/wp-content\/uploads\/2025\/09\/govone.webp\" alt=\"\" title=\"govone\"><\/noscript><\/sr7-bg>\n\t\t\t\t\t\t\t<sr7-txt id=\"SR7_51_1-238-0\" class=\"sr7-layer\">Govone<\/sr7-txt>\n\t\t\t\t\t\t<\/sr7-slide>\n\t\t\t\t\t\t<sr7-slide id=\"SR7_51_1-239\" data-key=\"239\">\n\t\t\t\t\t\t\t<sr7-bg id=\"SR7_51_1-239-11\" class=\"sr7-layer\"><noscript><img decoding=\"async\" src=\"https:\/\/www.leterredeisavoia.it\/wp-content\/uploads\/2025\/09\/fossano.webp\" alt=\"\" title=\"fossano\"><\/noscript><\/sr7-bg>\n\t\t\t\t\t\t\t<sr7-txt id=\"SR7_51_1-239-0\" class=\"sr7-layer\">Fossano<\/sr7-txt>\n\t\t\t\t\t\t<\/sr7-slide>\n\t\t\t\t\t\t<sr7-slide id=\"SR7_51_1-241\" data-key=\"241\">\n\t\t\t\t\t\t\t<sr7-bg id=\"SR7_51_1-241-11\" class=\"sr7-layer\"><noscript><img decoding=\"async\" src=\"https:\/\/www.leterredeisavoia.it\/wp-content\/uploads\/2025\/09\/fossano.webp\" alt=\"\" title=\"fossano\"><\/noscript><\/sr7-bg>\n\t\t\t\t\t\t\t<sr7-txt id=\"SR7_51_1-241-0\" class=\"sr7-layer\">Fossano<\/sr7-txt>\n\t\t\t\t\t\t<\/sr7-slide>\n\t\t\t\t\t\t<sr7-slide id=\"SR7_51_1-240\" data-key=\"240\">\n\t\t\t\t\t\t<\/sr7-slide>\n\t\t\t\t\t<\/sr7-content>\n\t\t\t\t\t<image_lists style=\"display:none\">\n\t\t\t\t\t\t<img data-src=\"\/\/www.leterredeisavoia.it\/wp-content\/uploads\/revslider\/wedding-photo-slider\/particle1.png\" data-libid=\"19464\" data-lib=\"medialibrary\" title=\"particle1.png\" width=\"0\" height=\"0\" data-dbsrc=\"Ly93d3cubGV0ZXJyZWRlaXNhdm9pYS5pdC93cC1jb250ZW50L3VwbG9hZHMvcmV2c2xpZGVyL3dlZGRpbmctcGhvdG8tc2xpZGVyL3BhcnRpY2xlMS5wbmc=\"\/>\n\t\t\t\t\t\t<img data-src=\"\/\/www.leterredeisavoia.it\/wp-content\/uploads\/2025\/09\/verduno.webp\" data-libid=\"19902\" data-lib=\"medialibrary\" title=\"verduno\" width=\"0\" height=\"0\" data-dbsrc=\"Ly93d3cubGV0ZXJyZWRlaXNhdm9pYS5pdC93cC1jb250ZW50L3VwbG9hZHMvMjAyNS8wOS92ZXJkdW5vLndlYnA=\"\/>\n\t\t\t\t\t\t<img data-src=\"\/\/www.leterredeisavoia.it\/wp-content\/uploads\/2025\/09\/slmour.webp\" data-libid=\"19905\" data-lib=\"medialibrary\" title=\"slmour\" width=\"0\" height=\"0\" data-dbsrc=\"Ly93d3cubGV0ZXJyZWRlaXNhdm9pYS5pdC93cC1jb250ZW50L3VwbG9hZHMvMjAyNS8wOS9zbG1vdXIud2VicA==\"\/>\n\t\t\t\t\t\t<img loading=\"lazy\" data-src=\"\/\/www.leterredeisavoia.it\/wp-content\/uploads\/2025\/09\/ostana_2.webp\" data-libid=\"19917\" data-lib=\"medialibrary\" title=\"ostana_2\" width=\"0\" height=\"0\" data-dbsrc=\"Ly93d3cubGV0ZXJyZWRlaXNhdm9pYS5pdC93cC1jb250ZW50L3VwbG9hZHMvMjAyNS8wOS9vc3RhbmFfMi53ZWJw\"\/>\n\t\t\t\t\t\t<img loading=\"lazy\" data-src=\"\/\/www.leterredeisavoia.it\/wp-content\/uploads\/2025\/09\/roddino.webp\" data-libid=\"19908\" data-lib=\"medialibrary\" title=\"roddino\" width=\"0\" height=\"0\" data-dbsrc=\"Ly93d3cubGV0ZXJyZWRlaXNhdm9pYS5pdC93cC1jb250ZW50L3VwbG9hZHMvMjAyNS8wOS9yb2RkaW5vLndlYnA=\"\/>\n\t\t\t\t\t\t<img loading=\"lazy\" data-src=\"\/\/www.leterredeisavoia.it\/wp-content\/uploads\/2025\/09\/racconigi.webp\" data-libid=\"19911\" data-lib=\"medialibrary\" title=\"racconigi\" width=\"0\" height=\"0\" data-dbsrc=\"Ly93d3cubGV0ZXJyZWRlaXNhdm9pYS5pdC93cC1jb250ZW50L3VwbG9hZHMvMjAyNS8wOS9yYWNjb25pZ2kud2VicA==\"\/>\n\t\t\t\t\t\t<img loading=\"lazy\" data-src=\"\/\/www.leterredeisavoia.it\/wp-content\/uploads\/2025\/09\/pocapaglia.webp\" data-libid=\"19914\" data-lib=\"medialibrary\" title=\"pocapaglia\" width=\"0\" height=\"0\" data-dbsrc=\"Ly93d3cubGV0ZXJyZWRlaXNhdm9pYS5pdC93cC1jb250ZW50L3VwbG9hZHMvMjAyNS8wOS9wb2NhcGFnbGlhLndlYnA=\"\/>\n\t\t\t\t\t\t<img loading=\"lazy\" data-src=\"\/\/www.leterredeisavoia.it\/wp-content\/uploads\/2025\/09\/montegrosso-dasti.webp\" data-libid=\"19920\" data-lib=\"medialibrary\" title=\"&lsquo;asti\" width=\"0\" height=\"0\" data-dbsrc=\"Ly93d3cubGV0ZXJyZWRlaXNhdm9pYS5pdC93cC1jb250ZW50L3VwbG9hZHMvMjAyNS8wOS9tb250ZWdyb3Nzby1kYXN0aS53ZWJw\"\/>\n\t\t\t\t\t\t<img loading=\"lazy\" data-src=\"\/\/www.leterredeisavoia.it\/wp-content\/uploads\/2025\/09\/lagnasco.webp\" data-libid=\"19923\" data-lib=\"medialibrary\" title=\"lagnasco\" width=\"0\" height=\"0\" data-dbsrc=\"Ly93d3cubGV0ZXJyZWRlaXNhdm9pYS5pdC93cC1jb250ZW50L3VwbG9hZHMvMjAyNS8wOS9sYWduYXNjby53ZWJw\"\/>\n\t\t\t\t\t\t<img loading=\"lazy\" data-src=\"\/\/www.leterredeisavoia.it\/wp-content\/uploads\/2025\/09\/grinzane-cavour.webp\" data-libid=\"19926\" data-lib=\"medialibrary\" title=\"grinzane cavour\" width=\"0\" height=\"0\" data-dbsrc=\"Ly93d3cubGV0ZXJyZWRlaXNhdm9pYS5pdC93cC1jb250ZW50L3VwbG9hZHMvMjAyNS8wOS9ncmluemFuZS1jYXZvdXIud2VicA==\"\/>\n\t\t\t\t\t\t<img loading=\"lazy\" data-src=\"\/\/www.leterredeisavoia.it\/wp-content\/uploads\/2025\/09\/govone.webp\" data-libid=\"19929\" data-lib=\"medialibrary\" title=\"govone\" width=\"0\" height=\"0\" data-dbsrc=\"Ly93d3cubGV0ZXJyZWRlaXNhdm9pYS5pdC93cC1jb250ZW50L3VwbG9hZHMvMjAyNS8wOS9nb3ZvbmUud2VicA==\"\/>\n\t\t\t\t\t\t<img loading=\"lazy\" data-src=\"\/\/www.leterredeisavoia.it\/wp-content\/uploads\/2025\/09\/fossano.webp\" data-libid=\"19932\" data-lib=\"medialibrary\" title=\"fossano\" width=\"0\" height=\"0\" data-dbsrc=\"Ly93d3cubGV0ZXJyZWRlaXNhdm9pYS5pdC93cC1jb250ZW50L3VwbG9hZHMvMjAyNS8wOS9mb3NzYW5vLndlYnA=\"\/>\n\t\t\t\t\t<\/image_lists>\n\t\t\t\t<\/sr7-module>\n\t\t\t\t<script>\n\t\t\t\t\twindow.SR7 ??={};SR7.PMH ??={}; SR7.PMH[\"SR7_51_1\"] = {cn:100,state:false,fn: function() { if (window._tpt!==undefined && window._tpt.prepareModuleHeight !== undefined) {  _tpt.prepareModuleHeight({id:\"SR7_51_1\",el:[400,400,400,300,400],type:'standard',shdw:'0',gh:[400,400,400,300,400],gw:[1440,1440,1024,778,480],vpt:['-200px&#039;,&#039;-200px&#039;,&#039;-200px&#039;,&#039;-200px&#039;,&#039;-200px'],size:{fullWidth:true, fullHeight:false},mh:'0',onh:0,onw:0,bg:{color:'{\"orig\":\"transparent\",\"type\":\"solid\",\"string\":\"transparent\"}'}});   SR7.PMH[\"SR7_51_1\"].state=true;} else if(SR7.PMH[\"SR7_51_1\"].cn-->0)\tsetTimeout( SR7.PMH[\"SR7_51_1\"].fn,19);}};SR7.PMH[\"SR7_51_1\" ].fn();\n\t\t\t\t<\/script>\n<\/div>\n\n\t\t\t\t\t\t<\/div>\n\t\t\t\t<\/div>\n\t\t\t\t<\/div>\n\t\t<div class=\"elementor-element elementor-element-7d2be4b e-con-full e-flex parallax_section_no qode_elementor_container_no e-con e-parent\" data-id=\"7d2be4b\" data-element_type=\"container\" data-e-type=\"container\">\n\t\t\t\t<div class=\"elementor-element elementor-element-0a2c089 elementor-widget__width-initial elementor-widget-tablet__width-inherit elementor-widget-mobile__width-inherit elementor-widget elementor-widget-pd-pcf\" data-id=\"0a2c089\" data-element_type=\"widget\" data-e-type=\"widget\" data-widget_type=\"pd-pcf.default\">\n\t\t\t\t<div class=\"elementor-widget-container\">\n\t\t\t\t\t<div\r\n\t        \t\tclass=\"pd-pcf-container pd-pcf-column-type-default\"\r\n\t        \t\tid=\"wbel_pd_pcf_pd_pcf0a2c089\"\r\n\t        \t\tdata-columns_per_row=\"3\"\r\n\t        \t\tdata-post_types=\"post\"\r\n\t        \t\tdata-tax_query=\"{&quot;0&quot;:{&quot;taxonomy&quot;:&quot;category&quot;,&quot;field&quot;:&quot;id&quot;,&quot;terms&quot;:[11,79]},&quot;relation&quot;:&quot;OR&quot;}\"\r\n\t        \t\tdata-posts_per_page=\"9\"\r\n\t        \t\tdata-settings=\"{&quot;category_ids&quot;:&quot;&quot;,&quot;template_style&quot;:&quot;default&quot;,&quot;columns_per_row&quot;:3,&quot;read_more_text&quot;:&quot;Leggi tutto&quot;,&quot;post_types&quot;:&quot;post&quot;,&quot;posts_per_page&quot;:9,&quot;thumbnail_size_size&quot;:&quot;custom&quot;,&quot;thumbnail_size_custom_dimension&quot;:{&quot;width&quot;:&quot;&quot;,&quot;height&quot;:&quot;&quot;},&quot;display_image&quot;:&quot;yes&quot;,&quot;id&quot;:&quot;pd_pcf0a2c089&quot;}\"\r\n\t        \t>\t\r\n\t        \t<div class=\"wbel-pd-pcf-category-container pd-pcf-filter-button-group\">\r\n\t        \t\t\t\t\t\t\t  <a href=\"#\" class=\"pd-pcf-filter-btn\" data-filter=\"*\">guarda tutto<\/a>\r\n\t\t\t\t\t    \t\t\t\t\t\t\t\t\t<a href=\"#\" class=\"pd-pcf-filter-btn\" data-filter=\".terre-79\">TERRE<\/a>\r\n\t\t\t\t\t\t\t  \t\r\n\t        \t<\/div>\r\n\t        <div\r\n\t\t        \t\tclass=\"wbel_pd_pcf_wrapper wbel_pd_pcf_default\"\r\n\t\t        \t><div class=\"pd_pcf_item pd-pcf-col-3 facultatif-12 terre-79 \">\r\n\t<div class=\"pd_pcf_single_item\">\r\n\t\t\t<div class=\"pd_pcf_thumbnail\">\r\n\t\t\t<a href=\"https:\/\/www.leterredeisavoia.it\/fr\/2026\/01\/12\/savoiaexperience-eductour-de-trois-jours-a-la-decouverte-des-tresors-de-la-maison-de-savoie\/\">\r\n\t\t\t\t<img decoding=\"async\" src=\"https:\/\/www.leterredeisavoia.it\/wp-content\/uploads\/2025\/11\/Eductour.jpg\" title=\"Eductour\" alt=\"Eductour\" \/>\t\t\t<\/a>\r\n\t\t<\/div>\r\n\t\t\t<div class=\"pd_pcf_content\">\r\n\r\n\t\t\t<div class=\"pd_pcf_title\">\r\n\t\t\t\t<h2><a href=\"https:\/\/www.leterredeisavoia.it\/fr\/2026\/01\/12\/savoiaexperience-eductour-de-trois-jours-a-la-decouverte-des-tresors-de-la-maison-de-savoie\/\">SavoiaExperience : Eductour de trois jours \u00e0 la d\u00e9couverte des tr\u00e9sors de la Maison de Savoie<\/a><\/h2>\r\n\t\t\t<\/div>\r\n\r\n\t\t\t<div class=\"pd_pcf_description\">\r\n\r\n\t\t\t\t<div class=\"pd_pcf_text\"><p>Le mois de novembre s'est ouvert pour les partenaires du projet Interreg ALCOTRA n\u00b0 20119 \"SavoieExperience. Un circuit touristique et culturel au c\u0153ur de l'Europe\", avec la participation \u00e0 l'Eductour, l'une des activit\u00e9s pr\u00e9vues dans le cadre du projet lui-m\u00eame.\u2026<\/p>\n<\/div>\r\n\r\n\t\t\t\t\t\t\t\t\t<div class=\"pd_pcf_readmore\">\r\n\t\t\t\t\t\t<a class=\"pd_pcf_readmore_link\" href=\"https:\/\/www.leterredeisavoia.it\/fr\/2026\/01\/12\/savoiaexperience-eductour-de-trois-jours-a-la-decouverte-des-tresors-de-la-maison-de-savoie\/\">Leggi tutto<\/a>\r\n\t\t\t\t\t<\/div>\r\n\t\t\t\t\t\t\t<\/div>\r\n\t\t\r\n\t\t<\/div>\r\n\t<\/div>\r\n<\/div><\/div><\/div>\t\t\t\t<\/div>\n\t\t\t\t<\/div>\n\t\t\t\t<\/div>\n\t\t\t\t<\/div>\n\t\t","protected":false},"excerpt":{"rendered":"<p>guarda tutto CULTURA ENOGASTRONOMIA EVENTI NATURA TERRE Natale ne Le Terre dei Savoia tra bellezza e magia E\u2019 tempo di Natale ne Le Terre dei Savoia. Il periodo pi\u00f9 magico dell\u2019anno permea l\u2019aria di luci, musiche, profumi e dolcezza nelle Province di Torino, Cuneo e&#8230;<\/p>\n","protected":false},"author":3,"featured_media":0,"parent":0,"menu_order":0,"comment_status":"closed","ping_status":"closed","template":"full_width.php","meta":{"footnotes":""},"class_list":["post-21527","page","type-page","status-publish","hentry"],"yoast_head":"<!-- This site is optimized with the Yoast SEO plugin v27.3 - https:\/\/yoast.com\/product\/yoast-seo-wordpress\/ -->\n<title>Actualit\u00e9s - Le Terre dei Savoia<\/title>\n<meta name=\"robots\" content=\"index, follow, max-snippet:-1, max-image-preview:large, max-video-preview:-1\" \/>\n<link rel=\"canonical\" href=\"https:\/\/www.leterredeisavoia.it\/fr\/actualites\/\" \/>\n<meta property=\"og:locale\" content=\"fr_FR\" \/>\n<meta property=\"og:type\" content=\"article\" \/>\n<meta property=\"og:title\" content=\"Actualit\u00e9s - Le Terre dei Savoia\" \/>\n<meta property=\"og:description\" content=\"guarda tutto CULTURA ENOGASTRONOMIA EVENTI NATURA TERRE Natale ne Le Terre dei Savoia tra bellezza e magia E\u2019 tempo di Natale ne Le Terre dei Savoia. Il periodo pi\u00f9 magico dell\u2019anno permea l\u2019aria di luci, musiche, profumi e dolcezza nelle Province di Torino, Cuneo e...\" \/>\n<meta property=\"og:url\" content=\"https:\/\/www.leterredeisavoia.it\/fr\/actualites\/\" \/>\n<meta property=\"og:site_name\" content=\"Le Terre dei Savoia\" \/>\n<meta property=\"article:modified_time\" content=\"2026-01-12T13:29:56+00:00\" \/>\n<meta property=\"og:image\" content=\"https:\/\/www.leterredeisavoia.it\/wp-content\/uploads\/2025\/12\/Natale.jpg\" \/>\n<meta name=\"twitter:card\" content=\"summary_large_image\" \/>\n<meta name=\"twitter:label1\" content=\"Dur\u00e9e de lecture estim\u00e9e\" \/>\n\t<meta name=\"twitter:data1\" content=\"2 minutes\" \/>\n<script type=\"application\/ld+json\" class=\"yoast-schema-graph\">{\"@context\":\"https:\\\/\\\/schema.org\",\"@graph\":[{\"@type\":\"WebPage\",\"@id\":\"https:\\\/\\\/www.leterredeisavoia.it\\\/fr\\\/actualites\\\/\",\"url\":\"https:\\\/\\\/www.leterredeisavoia.it\\\/fr\\\/actualites\\\/\",\"name\":\"Actualit\u00e9s - Le Terre dei Savoia\",\"isPartOf\":{\"@id\":\"https:\\\/\\\/www.leterredeisavoia.it\\\/fr\\\/#website\"},\"primaryImageOfPage\":{\"@id\":\"https:\\\/\\\/www.leterredeisavoia.it\\\/fr\\\/actualites\\\/#primaryimage\"},\"image\":{\"@id\":\"https:\\\/\\\/www.leterredeisavoia.it\\\/fr\\\/actualites\\\/#primaryimage\"},\"thumbnailUrl\":\"https:\\\/\\\/www.leterredeisavoia.it\\\/wp-content\\\/uploads\\\/2025\\\/12\\\/Natale.jpg\",\"datePublished\":\"2026-01-12T13:26:26+00:00\",\"dateModified\":\"2026-01-12T13:29:56+00:00\",\"breadcrumb\":{\"@id\":\"https:\\\/\\\/www.leterredeisavoia.it\\\/fr\\\/actualites\\\/#breadcrumb\"},\"inLanguage\":\"fr-FR\",\"potentialAction\":[{\"@type\":\"ReadAction\",\"target\":[\"https:\\\/\\\/www.leterredeisavoia.it\\\/fr\\\/actualites\\\/\"]}]},{\"@type\":\"ImageObject\",\"inLanguage\":\"fr-FR\",\"@id\":\"https:\\\/\\\/www.leterredeisavoia.it\\\/fr\\\/actualites\\\/#primaryimage\",\"url\":\"https:\\\/\\\/www.leterredeisavoia.it\\\/wp-content\\\/uploads\\\/2025\\\/12\\\/Natale.jpg\",\"contentUrl\":\"https:\\\/\\\/www.leterredeisavoia.it\\\/wp-content\\\/uploads\\\/2025\\\/12\\\/Natale.jpg\"},{\"@type\":\"BreadcrumbList\",\"@id\":\"https:\\\/\\\/www.leterredeisavoia.it\\\/fr\\\/actualites\\\/#breadcrumb\",\"itemListElement\":[{\"@type\":\"ListItem\",\"position\":1,\"name\":\"Home\",\"item\":\"https:\\\/\\\/www.leterredeisavoia.it\\\/fr\\\/\"},{\"@type\":\"ListItem\",\"position\":2,\"name\":\"Actualit\u00e9s\"}]},{\"@type\":\"WebSite\",\"@id\":\"https:\\\/\\\/www.leterredeisavoia.it\\\/fr\\\/#website\",\"url\":\"https:\\\/\\\/www.leterredeisavoia.it\\\/fr\\\/\",\"name\":\"Le Terre dei Savoia\",\"description\":\"\",\"potentialAction\":[{\"@type\":\"SearchAction\",\"target\":{\"@type\":\"EntryPoint\",\"urlTemplate\":\"https:\\\/\\\/www.leterredeisavoia.it\\\/fr\\\/?s={search_term_string}\"},\"query-input\":{\"@type\":\"PropertyValueSpecification\",\"valueRequired\":true,\"valueName\":\"search_term_string\"}}],\"inLanguage\":\"fr-FR\"}]}<\/script>\n<!-- \/ Yoast SEO plugin. -->","yoast_head_json":{"title":"Actualit\u00e9s - Le Terre dei Savoia","robots":{"index":"index","follow":"follow","max-snippet":"max-snippet:-1","max-image-preview":"max-image-preview:large","max-video-preview":"max-video-preview:-1"},"canonical":"https:\/\/www.leterredeisavoia.it\/fr\/actualites\/","og_locale":"fr_FR","og_type":"article","og_title":"Actualit\u00e9s - Le Terre dei Savoia","og_description":"guarda tutto CULTURA ENOGASTRONOMIA EVENTI NATURA TERRE Natale ne Le Terre dei Savoia tra bellezza e magia E\u2019 tempo di Natale ne Le Terre dei Savoia. Il periodo pi\u00f9 magico dell\u2019anno permea l\u2019aria di luci, musiche, profumi e dolcezza nelle Province di Torino, Cuneo e...","og_url":"https:\/\/www.leterredeisavoia.it\/fr\/actualites\/","og_site_name":"Le Terre dei Savoia","article_modified_time":"2026-01-12T13:29:56+00:00","og_image":[{"url":"https:\/\/www.leterredeisavoia.it\/wp-content\/uploads\/2025\/12\/Natale.jpg","type":"","width":"","height":""}],"twitter_card":"summary_large_image","twitter_misc":{"Dur\u00e9e de lecture estim\u00e9e":"2 minutes"},"schema":{"@context":"https:\/\/schema.org","@graph":[{"@type":"WebPage","@id":"https:\/\/www.leterredeisavoia.it\/fr\/actualites\/","url":"https:\/\/www.leterredeisavoia.it\/fr\/actualites\/","name":"Actualit\u00e9s - Le Terre dei Savoia","isPartOf":{"@id":"https:\/\/www.leterredeisavoia.it\/fr\/#website"},"primaryImageOfPage":{"@id":"https:\/\/www.leterredeisavoia.it\/fr\/actualites\/#primaryimage"},"image":{"@id":"https:\/\/www.leterredeisavoia.it\/fr\/actualites\/#primaryimage"},"thumbnailUrl":"https:\/\/www.leterredeisavoia.it\/wp-content\/uploads\/2025\/12\/Natale.jpg","datePublished":"2026-01-12T13:26:26+00:00","dateModified":"2026-01-12T13:29:56+00:00","breadcrumb":{"@id":"https:\/\/www.leterredeisavoia.it\/fr\/actualites\/#breadcrumb"},"inLanguage":"fr-FR","potentialAction":[{"@type":"ReadAction","target":["https:\/\/www.leterredeisavoia.it\/fr\/actualites\/"]}]},{"@type":"ImageObject","inLanguage":"fr-FR","@id":"https:\/\/www.leterredeisavoia.it\/fr\/actualites\/#primaryimage","url":"https:\/\/www.leterredeisavoia.it\/wp-content\/uploads\/2025\/12\/Natale.jpg","contentUrl":"https:\/\/www.leterredeisavoia.it\/wp-content\/uploads\/2025\/12\/Natale.jpg"},{"@type":"BreadcrumbList","@id":"https:\/\/www.leterredeisavoia.it\/fr\/actualites\/#breadcrumb","itemListElement":[{"@type":"ListItem","position":1,"name":"Home","item":"https:\/\/www.leterredeisavoia.it\/fr\/"},{"@type":"ListItem","position":2,"name":"Actualit\u00e9s"}]},{"@type":"WebSite","@id":"https:\/\/www.leterredeisavoia.it\/fr\/#website","url":"https:\/\/www.leterredeisavoia.it\/fr\/","name":"Le Terre dei Savoia","description":"","potentialAction":[{"@type":"SearchAction","target":{"@type":"EntryPoint","urlTemplate":"https:\/\/www.leterredeisavoia.it\/fr\/?s={search_term_string}"},"query-input":{"@type":"PropertyValueSpecification","valueRequired":true,"valueName":"search_term_string"}}],"inLanguage":"fr-FR"}]}},"_links":{"self":[{"href":"https:\/\/www.leterredeisavoia.it\/fr\/wp-json\/wp\/v2\/pages\/21527","targetHints":{"allow":["GET"]}}],"collection":[{"href":"https:\/\/www.leterredeisavoia.it\/fr\/wp-json\/wp\/v2\/pages"}],"about":[{"href":"https:\/\/www.leterredeisavoia.it\/fr\/wp-json\/wp\/v2\/types\/page"}],"author":[{"embeddable":true,"href":"https:\/\/www.leterredeisavoia.it\/fr\/wp-json\/wp\/v2\/users\/3"}],"replies":[{"embeddable":true,"href":"https:\/\/www.leterredeisavoia.it\/fr\/wp-json\/wp\/v2\/comments?post=21527"}],"version-history":[{"count":5,"href":"https:\/\/www.leterredeisavoia.it\/fr\/wp-json\/wp\/v2\/pages\/21527\/revisions"}],"predecessor-version":[{"id":21541,"href":"https:\/\/www.leterredeisavoia.it\/fr\/wp-json\/wp\/v2\/pages\/21527\/revisions\/21541"}],"wp:attachment":[{"href":"https:\/\/www.leterredeisavoia.it\/fr\/wp-json\/wp\/v2\/media?parent=21527"}],"curies":[{"name":"wp","href":"https:\/\/api.w.org\/{rel}","templated":true}]}}