{"id":21497,"date":"2026-01-12T14:04:09","date_gmt":"2026-01-12T13:04:09","guid":{"rendered":"https:\/\/www.leterredeisavoia.it\/traversee-de-leurope-materiaux\/"},"modified":"2026-01-12T14:04:16","modified_gmt":"2026-01-12T13:04:16","slug":"traversee-de-leurope-materiaux","status":"publish","type":"page","link":"https:\/\/www.leterredeisavoia.it\/fr\/traversee-de-leurope-materiaux\/","title":{"rendered":"Travers\u00e9e de l&rsquo;Europe &#8211; Mat\u00e9riaux"},"content":{"rendered":"<div class=\"wpb-content-wrapper\"><p>[vc_row css_animation=\u00a0\u00bb\u00a0\u00bb row_type=\u00a0\u00bbrow\u00a0\u00bb use_row_as_full_screen_section=\u00a0\u00bbno\u00a0\u00bb type=\u00a0\u00bbfull_width\u00a0\u00bb angled_section=\u00a0\u00bbno\u00a0\u00bb text_align=\u00a0\u00bbleft\u00a0\u00bb background_image_as_pattern=\u00a0\u00bbwithout_pattern\u00a0\u00bb][vc_column][vc_single_image image=\u00a0\u00bb3872&Prime; img_size=\u00a0\u00bb1200&#215;300&Prime; qode_css_animation=\u00a0\u00bb\u00a0\u00bb][vc_column_text el_class=\u00a0\u00bbriga\u00a0\u00bb][\/vc_column_text][\/vc_column][\/vc_row][vc_row css_animation=\u00a0\u00bb\u00a0\u00bb row_type=\u00a0\u00bbrow\u00a0\u00bb use_row_as_full_screen_section=\u00a0\u00bbno\u00a0\u00bb type=\u00a0\u00bbfull_width\u00a0\u00bb angled_section=\u00a0\u00bbno\u00a0\u00bb text_align=\u00a0\u00bbleft\u00a0\u00bb background_image_as_pattern=\u00a0\u00bbwithout_pattern\u00a0\u00bb][vc_column]<div class=\"qode-accordion-holder clearfix qode-toggle qode-initial \">\n\t<h2 class=\"clearfix qode-title-holder\">\n<span class=\"qode-tab-title\">\n\t    <span class=\"qode-tab-title-inner\">\n        T\u00e9l\u00e9charger le mat\u00e9riel    <\/span>\n<\/span>\n<span class=\"qode-accordion-mark\">\n    <span class=\"qode-accordion-mark-icon\">\n        <span class=\"icon_plus\"><\/span>\n        <span class=\"icon_minus-06\"><\/span>\n    <\/span>\n<\/span>\n<\/h2>\n<div  class=\"qode-accordion-content \" >\n    <div class=\"qode-accordion-content-inner\">\n            <\/div>\n<\/div><h2 class=\"clearfix qode-title-holder\">\n<span class=\"qode-tab-title\">\n\t    <span class=\"qode-tab-title-inner\">\n        Zone de presse    <\/span>\n<\/span>\n<span class=\"qode-accordion-mark\">\n    <span class=\"qode-accordion-mark-icon\">\n        <span class=\"icon_plus\"><\/span>\n        <span class=\"icon_minus-06\"><\/span>\n    <\/span>\n<\/span>\n<\/h2>\n<div  class=\"qode-accordion-content \" >\n    <div class=\"qode-accordion-content-inner\">\n        [vc_column_text el_class=\u00a0\u00bbToggle-class\u00a0\u00bb]<strong>COMMUNIQU\u00c9S DE PRESSE<\/strong><\/p>\n<p><a href=\"https:\/\/www.leterredeisavoia.it\/wp-content\/uploads\/2021\/07\/1_CS-Crossing-Europe-Progettare-per-la-nostra-Europa.doc\">1_CS Traverser l&rsquo;Europe Concevoir pour notre Europe<\/a><\/p>\n<p><a href=\"https:\/\/www.leterredeisavoia.it\/wp-content\/uploads\/2021\/07\/2_CS-Crossing-Europe_EVENTOFINALE.doc\">2_CS Crossing Europe_FINAL EVENT<\/a><\/p>\n<p>&nbsp;<\/p>\n<p><strong>ARTICLES DE PRESSE<\/strong><\/p>\n<p><a href=\"https:\/\/www.leterredeisavoia.it\/wp-content\/uploads\/2021\/07\/17-3-Pancalera-Crossing-EU.pdf\">17 3 Pancalera Crossing UE<\/a><\/p>\n<p><a href=\"https:\/\/www.leterredeisavoia.it\/wp-content\/uploads\/2021\/07\/2-3-IlCarmagnolese-CrossingEU-convertito-compresso.pdf\">2 3 La travers\u00e9e de la CarmagnoleUE<\/a><\/p>\n<p><a href=\"https:\/\/www.leterredeisavoia.it\/wp-content\/uploads\/2021\/07\/23-6-Saviglianese.pdf\">23 6 Saviglianese<\/a><\/p>\n<p><a href=\"https:\/\/www.leterredeisavoia.it\/wp-content\/uploads\/2021\/07\/16-6-Saviglianese_Assemblea-tds.pdf\">16 6 Saviglianese<\/a><\/p>\n<p><a href=\"https:\/\/www.leterredeisavoia.it\/wp-content\/uploads\/2021\/07\/2-4-Pancalera-CrossingEU.pdf\">2 4 Travers\u00e9e de PancaleraUE<\/a><\/p>\n<p><a href=\"https:\/\/www.leterredeisavoia.it\/wp-content\/uploads\/2021\/07\/23-6-CorSav-CrossingEU.pdf\">23 6 CorSav CrossingEU<\/a><\/p>\n<p><a href=\"https:\/\/www.leterredeisavoia.it\/wp-content\/uploads\/2021\/07\/17-6-IDEA_CROSSING-EU.pdf\">17 6 IDEA_CROSSING EU<\/a><\/p>\n<p><a href=\"https:\/\/www.leterredeisavoia.it\/wp-content\/uploads\/2021\/07\/17-6-CorSaluzzo.pdf\">17 6 CorSaluzzo<\/a><\/p>\n<p><a href=\"https:\/\/www.leterredeisavoia.it\/wp-content\/uploads\/2021\/06\/12-6-Ideaweb-Crossing-EU.pdf\">11 6 Ideaweb<\/a><\/p>\n<p><a href=\"https:\/\/www.leterredeisavoia.it\/wp-content\/uploads\/2021\/06\/14-6-Targato-Crossing-EU.pdf\">13 6 CN cibl\u00e9e<\/a><\/p>\n<p><a href=\"https:\/\/www.leterredeisavoia.it\/wp-content\/uploads\/2021\/06\/16-6-CorSav-Crossing.pdf\">16 6 Courrier de Savigliano<\/a><\/p>\n<p><a href=\"https:\/\/www.leterredeisavoia.it\/wp-content\/uploads\/2021\/06\/17-3-CorriereSavigliano.pdf\">17 3 Savigliano Courier<\/a>[\/vc_column_text]    <\/div>\n<\/div><h2 class=\"clearfix qode-title-holder\">\n<span class=\"qode-tab-title\">\n\t    <span class=\"qode-tab-title-inner\">\n        Mat\u00e9riel de communication    <\/span>\n<\/span>\n<span class=\"qode-accordion-mark\">\n    <span class=\"qode-accordion-mark-icon\">\n        <span class=\"icon_plus\"><\/span>\n        <span class=\"icon_minus-06\"><\/span>\n    <\/span>\n<\/span>\n<\/h2>\n<div  class=\"qode-accordion-content \" >\n    <div class=\"qode-accordion-content-inner\">\n        [vc_column_text el_class=\u00a0\u00bbToggle-class\u00a0\u00bb]<a href=\"https:\/\/www.leterredeisavoia.it\/wp-content\/uploads\/2021\/07\/EBOOK_CrossingEU-compresso.pdf\" target=\"_blank\" rel=\"noopener\">EBOOK_La travers\u00e9e de l&rsquo;Europe<\/a>[\/vc_column_text]    <\/div>\n<\/div><\/div>[\/vc_column][\/vc_row]<\/p>\n<\/div>","protected":false},"excerpt":{"rendered":"<p>[vc_row css_animation=\u00a0\u00bb\u00a0\u00bb row_type=\u00a0\u00bbrow\u00a0\u00bb use_row_as_full_screen_section=\u00a0\u00bbno\u00a0\u00bb type=\u00a0\u00bbfull_width\u00a0\u00bb angled_section=\u00a0\u00bbno\u00a0\u00bb text_align=\u00a0\u00bbleft\u00a0\u00bb background_image_as_pattern=\u00a0\u00bbwithout_pattern\u00a0\u00bb][vc_column][vc_single_image image=\u00a0\u00bb3872&Prime; img_size=\u00a0\u00bb1200&#215;300&Prime; qode_css_animation=\u00a0\u00bb\u00a0\u00bb][vc_column_text el_class=\u00a0\u00bbriga\u00a0\u00bb][\/vc_column_text][\/vc_column][\/vc_row][vc_row css_animation=\u00a0\u00bb\u00a0\u00bb row_type=\u00a0\u00bbrow\u00a0\u00bb use_row_as_full_screen_section=\u00a0\u00bbno\u00a0\u00bb type=\u00a0\u00bbfull_width\u00a0\u00bb angled_section=\u00a0\u00bbno\u00a0\u00bb text_align=\u00a0\u00bbleft\u00a0\u00bb background_image_as_pattern=\u00a0\u00bbwithout_pattern\u00a0\u00bb][vc_column][\/vc_column][\/vc_row]<\/p>\n","protected":false},"author":1,"featured_media":0,"parent":0,"menu_order":0,"comment_status":"closed","ping_status":"closed","template":"","meta":{"footnotes":""},"class_list":["post-21497","page","type-page","status-publish","hentry"],"yoast_head":"<!-- This site is optimized with the Yoast SEO plugin v27.3 - https:\/\/yoast.com\/product\/yoast-seo-wordpress\/ -->\n<title>Travers\u00e9e de l&#039;Europe - Mat\u00e9riaux - Le Terre dei Savoia<\/title>\n<meta name=\"robots\" content=\"index, follow, max-snippet:-1, max-image-preview:large, max-video-preview:-1\" \/>\n<link rel=\"canonical\" href=\"https:\/\/www.leterredeisavoia.it\/fr\/traversee-de-leurope-materiaux\/\" \/>\n<meta property=\"og:locale\" content=\"fr_FR\" \/>\n<meta property=\"og:type\" content=\"article\" \/>\n<meta property=\"og:title\" content=\"Travers\u00e9e de l&#039;Europe - Mat\u00e9riaux - Le Terre dei Savoia\" \/>\n<meta property=\"og:description\" content=\"[vc_row css_animation=\u00a0\u00bb\u00a0\u00bb row_type=\u00a0\u00bbrow\u00a0\u00bb use_row_as_full_screen_section=\u00a0\u00bbno\u00a0\u00bb type=\u00a0\u00bbfull_width\u00a0\u00bb angled_section=\u00a0\u00bbno\u00a0\u00bb text_align=\u00a0\u00bbleft\u00a0\u00bb background_image_as_pattern=\u00a0\u00bbwithout_pattern\u00a0\u00bb][vc_column][vc_single_image image=\u00a0\u00bb3872&Prime; img_size=\u00a0\u00bb1200&#215;300&Prime; qode_css_animation=\u00a0\u00bb\u00a0\u00bb][vc_column_text el_class=\u00a0\u00bbriga\u00a0\u00bb][\/vc_column_text][\/vc_column][\/vc_row][vc_row css_animation=\u00a0\u00bb\u00a0\u00bb row_type=\u00a0\u00bbrow\u00a0\u00bb use_row_as_full_screen_section=\u00a0\u00bbno\u00a0\u00bb type=\u00a0\u00bbfull_width\u00a0\u00bb angled_section=\u00a0\u00bbno\u00a0\u00bb text_align=\u00a0\u00bbleft\u00a0\u00bb background_image_as_pattern=\u00a0\u00bbwithout_pattern\u00a0\u00bb][vc_column][\/vc_column][\/vc_row]\" \/>\n<meta property=\"og:url\" content=\"https:\/\/www.leterredeisavoia.it\/fr\/traversee-de-leurope-materiaux\/\" \/>\n<meta property=\"og:site_name\" content=\"Le Terre dei Savoia\" \/>\n<meta property=\"article:modified_time\" content=\"2026-01-12T13:04:16+00:00\" \/>\n<meta name=\"twitter:card\" content=\"summary_large_image\" \/>\n<meta name=\"twitter:label1\" content=\"Dur\u00e9e de lecture estim\u00e9e\" \/>\n\t<meta name=\"twitter:data1\" content=\"1 minute\" \/>\n<script type=\"application\/ld+json\" class=\"yoast-schema-graph\">{\"@context\":\"https:\\\/\\\/schema.org\",\"@graph\":[{\"@type\":\"WebPage\",\"@id\":\"https:\\\/\\\/www.leterredeisavoia.it\\\/fr\\\/traversee-de-leurope-materiaux\\\/\",\"url\":\"https:\\\/\\\/www.leterredeisavoia.it\\\/fr\\\/traversee-de-leurope-materiaux\\\/\",\"name\":\"Travers\u00e9e de l'Europe - Mat\u00e9riaux - Le Terre dei Savoia\",\"isPartOf\":{\"@id\":\"https:\\\/\\\/www.leterredeisavoia.it\\\/fr\\\/#website\"},\"datePublished\":\"2026-01-12T13:04:09+00:00\",\"dateModified\":\"2026-01-12T13:04:16+00:00\",\"breadcrumb\":{\"@id\":\"https:\\\/\\\/www.leterredeisavoia.it\\\/fr\\\/traversee-de-leurope-materiaux\\\/#breadcrumb\"},\"inLanguage\":\"fr-FR\",\"potentialAction\":[{\"@type\":\"ReadAction\",\"target\":[\"https:\\\/\\\/www.leterredeisavoia.it\\\/fr\\\/traversee-de-leurope-materiaux\\\/\"]}]},{\"@type\":\"BreadcrumbList\",\"@id\":\"https:\\\/\\\/www.leterredeisavoia.it\\\/fr\\\/traversee-de-leurope-materiaux\\\/#breadcrumb\",\"itemListElement\":[{\"@type\":\"ListItem\",\"position\":1,\"name\":\"Home\",\"item\":\"https:\\\/\\\/www.leterredeisavoia.it\\\/fr\\\/\"},{\"@type\":\"ListItem\",\"position\":2,\"name\":\"Travers\u00e9e de l&#8217;Europe &#8211; Mat\u00e9riaux\"}]},{\"@type\":\"WebSite\",\"@id\":\"https:\\\/\\\/www.leterredeisavoia.it\\\/fr\\\/#website\",\"url\":\"https:\\\/\\\/www.leterredeisavoia.it\\\/fr\\\/\",\"name\":\"Le Terre dei Savoia\",\"description\":\"\",\"potentialAction\":[{\"@type\":\"SearchAction\",\"target\":{\"@type\":\"EntryPoint\",\"urlTemplate\":\"https:\\\/\\\/www.leterredeisavoia.it\\\/fr\\\/?s={search_term_string}\"},\"query-input\":{\"@type\":\"PropertyValueSpecification\",\"valueRequired\":true,\"valueName\":\"search_term_string\"}}],\"inLanguage\":\"fr-FR\"}]}<\/script>\n<!-- \/ Yoast SEO plugin. -->","yoast_head_json":{"title":"Travers\u00e9e de l'Europe - Mat\u00e9riaux - Le Terre dei Savoia","robots":{"index":"index","follow":"follow","max-snippet":"max-snippet:-1","max-image-preview":"max-image-preview:large","max-video-preview":"max-video-preview:-1"},"canonical":"https:\/\/www.leterredeisavoia.it\/fr\/traversee-de-leurope-materiaux\/","og_locale":"fr_FR","og_type":"article","og_title":"Travers\u00e9e de l'Europe - Mat\u00e9riaux - Le Terre dei Savoia","og_description":"[vc_row css_animation=\u00a0\u00bb\u00a0\u00bb row_type=\u00a0\u00bbrow\u00a0\u00bb use_row_as_full_screen_section=\u00a0\u00bbno\u00a0\u00bb type=\u00a0\u00bbfull_width\u00a0\u00bb angled_section=\u00a0\u00bbno\u00a0\u00bb text_align=\u00a0\u00bbleft\u00a0\u00bb background_image_as_pattern=\u00a0\u00bbwithout_pattern\u00a0\u00bb][vc_column][vc_single_image image=\u00a0\u00bb3872&Prime; img_size=\u00a0\u00bb1200&#215;300&Prime; qode_css_animation=\u00a0\u00bb\u00a0\u00bb][vc_column_text el_class=\u00a0\u00bbriga\u00a0\u00bb][\/vc_column_text][\/vc_column][\/vc_row][vc_row css_animation=\u00a0\u00bb\u00a0\u00bb row_type=\u00a0\u00bbrow\u00a0\u00bb use_row_as_full_screen_section=\u00a0\u00bbno\u00a0\u00bb type=\u00a0\u00bbfull_width\u00a0\u00bb angled_section=\u00a0\u00bbno\u00a0\u00bb text_align=\u00a0\u00bbleft\u00a0\u00bb background_image_as_pattern=\u00a0\u00bbwithout_pattern\u00a0\u00bb][vc_column][\/vc_column][\/vc_row]","og_url":"https:\/\/www.leterredeisavoia.it\/fr\/traversee-de-leurope-materiaux\/","og_site_name":"Le Terre dei Savoia","article_modified_time":"2026-01-12T13:04:16+00:00","twitter_card":"summary_large_image","twitter_misc":{"Dur\u00e9e de lecture estim\u00e9e":"1 minute"},"schema":{"@context":"https:\/\/schema.org","@graph":[{"@type":"WebPage","@id":"https:\/\/www.leterredeisavoia.it\/fr\/traversee-de-leurope-materiaux\/","url":"https:\/\/www.leterredeisavoia.it\/fr\/traversee-de-leurope-materiaux\/","name":"Travers\u00e9e de l'Europe - Mat\u00e9riaux - Le Terre dei Savoia","isPartOf":{"@id":"https:\/\/www.leterredeisavoia.it\/fr\/#website"},"datePublished":"2026-01-12T13:04:09+00:00","dateModified":"2026-01-12T13:04:16+00:00","breadcrumb":{"@id":"https:\/\/www.leterredeisavoia.it\/fr\/traversee-de-leurope-materiaux\/#breadcrumb"},"inLanguage":"fr-FR","potentialAction":[{"@type":"ReadAction","target":["https:\/\/www.leterredeisavoia.it\/fr\/traversee-de-leurope-materiaux\/"]}]},{"@type":"BreadcrumbList","@id":"https:\/\/www.leterredeisavoia.it\/fr\/traversee-de-leurope-materiaux\/#breadcrumb","itemListElement":[{"@type":"ListItem","position":1,"name":"Home","item":"https:\/\/www.leterredeisavoia.it\/fr\/"},{"@type":"ListItem","position":2,"name":"Travers\u00e9e de l&#8217;Europe &#8211; Mat\u00e9riaux"}]},{"@type":"WebSite","@id":"https:\/\/www.leterredeisavoia.it\/fr\/#website","url":"https:\/\/www.leterredeisavoia.it\/fr\/","name":"Le Terre dei Savoia","description":"","potentialAction":[{"@type":"SearchAction","target":{"@type":"EntryPoint","urlTemplate":"https:\/\/www.leterredeisavoia.it\/fr\/?s={search_term_string}"},"query-input":{"@type":"PropertyValueSpecification","valueRequired":true,"valueName":"search_term_string"}}],"inLanguage":"fr-FR"}]}},"_links":{"self":[{"href":"https:\/\/www.leterredeisavoia.it\/fr\/wp-json\/wp\/v2\/pages\/21497","targetHints":{"allow":["GET"]}}],"collection":[{"href":"https:\/\/www.leterredeisavoia.it\/fr\/wp-json\/wp\/v2\/pages"}],"about":[{"href":"https:\/\/www.leterredeisavoia.it\/fr\/wp-json\/wp\/v2\/types\/page"}],"author":[{"embeddable":true,"href":"https:\/\/www.leterredeisavoia.it\/fr\/wp-json\/wp\/v2\/users\/1"}],"replies":[{"embeddable":true,"href":"https:\/\/www.leterredeisavoia.it\/fr\/wp-json\/wp\/v2\/comments?post=21497"}],"version-history":[{"count":2,"href":"https:\/\/www.leterredeisavoia.it\/fr\/wp-json\/wp\/v2\/pages\/21497\/revisions"}],"predecessor-version":[{"id":21502,"href":"https:\/\/www.leterredeisavoia.it\/fr\/wp-json\/wp\/v2\/pages\/21497\/revisions\/21502"}],"wp:attachment":[{"href":"https:\/\/www.leterredeisavoia.it\/fr\/wp-json\/wp\/v2\/media?parent=21497"}],"curies":[{"name":"wp","href":"https:\/\/api.w.org\/{rel}","templated":true}]}}