{"id":21268,"date":"2021-06-11T12:45:36","date_gmt":"2021-06-11T10:45:36","guid":{"rendered":"https:\/\/www.leterredeisavoia.it\/crossing-europe-progettare-la-nostra-europa\/"},"modified":"2026-01-12T13:31:07","modified_gmt":"2026-01-12T12:31:07","slug":"crossing-europe-progettare-la-nostra-europa","status":"publish","type":"page","link":"https:\/\/www.leterredeisavoia.it\/fr\/crossing-europe-progettare-la-nostra-europa\/","title":{"rendered":"Travers\u00e9e de l&rsquo;Europe"},"content":{"rendered":"<div class=\"wpb-content-wrapper\"><p>[vc_row css_animation=\u00a0\u00bb\u00a0\u00bb row_type=\u00a0\u00bbrow\u00a0\u00bb use_row_as_full_screen_section=\u00a0\u00bbno\u00a0\u00bb type=\u00a0\u00bbfull_width\u00a0\u00bb angled_section=\u00a0\u00bbno\u00a0\u00bb text_align=\u00a0\u00bbleft\u00a0\u00bb background_image_as_pattern=\u00a0\u00bbwithout_pattern\u00a0\u00bb][vc_column][rev_slider_vc alias=\u00a0\u00bbcrossing-eu\u00a0\u00bb][vc_row_inner row_type=\u00a0\u00bbrow\u00a0\u00bb type=\u00a0\u00bbfull_width\u00a0\u00bb text_align=\u00a0\u00bbleft\u00a0\u00bb css_animation=\u00a0\u00bb\u00a0\u00bb el_class=\u00a0\u00bbriga\u00a0\u00bb][vc_column_inner][vc_column_text el_class=\u00a0\u00bbtesto-riga\u00a0\u00bb]<\/p>\n<h2>Le projet<\/h2>\n<p>&nbsp;<\/p>\n<p>Le projet \u00ab\u00a0Traverser l&rsquo;Europe : concevoir notre Europe\u00a0\u00bb a \u00e9t\u00e9 promu par la municipalit\u00e9 de Racconigi et 11 autres municipalit\u00e9s de la r\u00e9gion de Cuneo. Il a impliqu\u00e9 de jeunes administrateurs de moins de 35 ans ou nouvellement nomm\u00e9s et\/ou de jeunes citoyens dans des ateliers d&rsquo;Europlanning li\u00e9s \u00e0 un certain nombre de programmes europ\u00e9ens d&rsquo;int\u00e9r\u00eat et d&rsquo;utilit\u00e9 pour les municipalit\u00e9s et les communaut\u00e9s locales. <\/p>\n<p>&nbsp;<\/p>\n<p>Le projet a \u00e9t\u00e9 cr\u00e9\u00e9 conform\u00e9ment aux recommandations de la r\u00e9gion du Pi\u00e9mont dans la loi 6\/2019, visant \u00e0 soutenir la participation des jeunes g\u00e9n\u00e9rations \u00e0 la vie municipale et r\u00e9gionale, ainsi qu&rsquo;\u00e0 la vie sociale et politique des territoires.<\/p>\n<p>&nbsp;<\/p>\n<p>L&rsquo;objectif principal est de combler le foss\u00e9 entre la politique et les institutions, en favorisant les petites municipalit\u00e9s qui seules peinent \u00e0 participer aux projets de la Commission europ\u00e9enne. En outre, le projet s&rsquo;est concentr\u00e9 en particulier sur l&rsquo;am\u00e9lioration des comp\u00e9tences des \u00e9l\u00e8ves, les initiatives de la jeune g\u00e9n\u00e9ration et la promotion de leur engagement civique et politique, afin de favoriser un sentiment d&rsquo;appartenance \u00e0 la communaut\u00e9 europ\u00e9enne.[\/vc_column_text][\/vc_column_inner][\/vc_row_inner][vc_row_inner row_type=\u00a0\u00bbrow\u00a0\u00bb type=\u00a0\u00bbfull_width\u00a0\u00bb text_align=\u00a0\u00bbleft\u00a0\u00bb css_animation=\u00a0\u00bb\u00a0\u00bb el_class=\u00a0\u00bbriga\u00a0\u00bb][vc_column_inner][vc_column_text el_class=\u00a0\u00bbtitolo-attivita\u00a0\u00bb]<\/p>\n<h2>Activit\u00e9s<\/h2>\n<p>[\/vc_column_text][\/vc_column_inner][\/vc_row_inner][vc_row_inner row_type=\u00a0\u00bbrow\u00a0\u00bb type=\u00a0\u00bbfull_width\u00a0\u00bb text_align=\u00a0\u00bbleft\u00a0\u00bb css_animation=\u00a0\u00bb\u00a0\u00bb el_class=\u00a0\u00bbslider-attivita\u00a0\u00bb][vc_column_inner][vc_column_text el_class=\u00a0\u00bbtesto-attivita\u00a0\u00bb]Le cours d\u00e9velopp\u00e9 par Crossing Europe a dur\u00e9 40 heures ; il a fourni une formation sp\u00e9cialis\u00e9e pour les administrateurs locaux avec un cadre sur les programmes europ\u00e9ens d&rsquo;appel direct 2021-2027 et un aper\u00e7u approfondi de la coop\u00e9ration territoriale europ\u00e9enne.<\/p>\n<p>&nbsp;<\/p>\n<p>Les agendas europ\u00e9ens ont \u00e9t\u00e9 examin\u00e9s \u00e0 la lumi\u00e8re des nouvelles priorit\u00e9s politiques de la Commission : la n\u00e9cessit\u00e9 d&rsquo;acc\u00e9l\u00e9rer la double transition vers une soci\u00e9t\u00e9 num\u00e9rique et plus verte \u00e0 la fois, de construire une Europe plus juste avec une \u00e9conomie au service des citoyens, de renforcer le march\u00e9 unique et l&rsquo;autonomie strat\u00e9gique, de se mobiliser en faveur de nos valeurs, de cultiver la d\u00e9mocratie et d&rsquo;assumer pleinement nos responsabilit\u00e9s dans le sc\u00e9nario g\u00e9opolitique mondial.[\/vc_column_text][\/vc_column_inner][\/vc_row_inner][vc_row_inner row_type=\u00a0\u00bbrow\u00a0\u00bb type=\u00a0\u00bbfull_width\u00a0\u00bb text_align=\u00a0\u00bbleft\u00a0\u00bb css_animation=\u00a0\u00bb\u00a0\u00bb el_class=\u00a0\u00bbriga\u00a0\u00bb][vc_column_inner][vc_column_text el_class=\u00a0\u00bbtitolo-attivita\u00a0\u00bb]<\/p>\n<h2>Les partenaires<\/h2>\n<p>[\/vc_column_text][\/vc_column_inner][\/vc_row_inner][\/vc_column][\/vc_row][vc_row css_animation=\u00a0\u00bb\u00a0\u00bb row_type=\u00a0\u00bbrow\u00a0\u00bb use_row_as_full_screen_section=\u00a0\u00bbno\u00a0\u00bb type=\u00a0\u00bbfull_width\u00a0\u00bb angled_section=\u00a0\u00bbno\u00a0\u00bb text_align=\u00a0\u00bbleft\u00a0\u00bb background_image_as_pattern=\u00a0\u00bbwithout_pattern\u00a0\u00bb el_class=\u00a0\u00bbriga\u00a0\u00bb z_index=\u00a0\u00bb\u00a0\u00bb][vc_column width=\u00a0\u00bb1\/4&Prime;][\/vc_column][vc_column width=\u00a0\u00bb3\/4&Prime; el_class=\u00a0\u00bbcolonna-testo\u00a0\u00bb][vc_column_text el_class=\u00a0\u00bbtesto-riga\u00a0\u00bb]Municipalit\u00e9 de Racconigi (promoteur)<\/p>\n<p>Municipalit\u00e9 de Marene<\/p>\n<p>Commune de Lagnasco<\/p>\n<p>Municipalit\u00e9 de Caramagna Piemonte<\/p>\n<p>Municipalit\u00e9 de Genola<\/p>\n<p>Commune de Cervere<\/p>\n<p>Commune de Cavallermaggiore<\/p>\n<p>Commune de Faule<\/p>\n<p>Municipalit\u00e9 de Pocapaglia<\/p>\n<p>Commune de Garessio<\/p>\n<p>Municipalit\u00e9 d&rsquo;Ostana<\/p>\n<p>Municipalit\u00e9 de Santa Vittoria d&rsquo;Alba[\/vc_column_text][\/vc_column][\/vc_row][vc_row css_animation=\u00a0\u00bb\u00a0\u00bb row_type=\u00a0\u00bbrow\u00a0\u00bb use_row_as_full_screen_section=\u00a0\u00bbno\u00a0\u00bb type=\u00a0\u00bbfull_width\u00a0\u00bb angled_section=\u00a0\u00bbno\u00a0\u00bb text_align=\u00a0\u00bbleft\u00a0\u00bb background_image_as_pattern=\u00a0\u00bbwithout_pattern\u00a0\u00bb el_class=\u00a0\u00bbriga\u00a0\u00bb z_index=\u00a0\u00bb\u00a0\u00bb][vc_column width=\u00a0\u00bb1\/4&Prime;][vc_single_image image=\u00a0\u00bb3821&Prime; qode_css_animation=\u00a0\u00bb\u00a0\u00bb][\/vc_column][vc_column width=\u00a0\u00bb3\/4&Prime; el_class=\u00a0\u00bbcolonna-testo\u00a0\u00bb][vc_column_text el_class=\u00a0\u00bbtesto-riga\u00a0\u00bb]<strong><u>Enseignement<\/u><\/strong><\/p>\n<p>Agence eConsultancy<\/p>\n<p>Gabriella Bigatti<\/p>\n<p><a href=\"http:\/\/www.econsulenza.eu\">www.econsulenza.eu<\/a>[\/vc_column_text][\/vc_column][\/vc_row][vc_row css_animation=\u00a0\u00bb\u00a0\u00bb row_type=\u00a0\u00bbrow\u00a0\u00bb use_row_as_full_screen_section=\u00a0\u00bbno\u00a0\u00bb type=\u00a0\u00bbfull_width\u00a0\u00bb angled_section=\u00a0\u00bbno\u00a0\u00bb text_align=\u00a0\u00bbleft\u00a0\u00bb background_image_as_pattern=\u00a0\u00bbwithout_pattern\u00a0\u00bb el_class=\u00a0\u00bbriga\u00a0\u00bb z_index=\u00a0\u00bb\u00a0\u00bb][vc_column width=\u00a0\u00bb1\/4&Prime;][vc_single_image image=\u00a0\u00bb1577&Prime; qode_css_animation=\u00a0\u00bb\u00a0\u00bb][\/vc_column][vc_column width=\u00a0\u00bb3\/4&Prime; el_class=\u00a0\u00bbcolonna-testo\u00a0\u00bb][vc_column_text el_class=\u00a0\u00bbtesto-riga\u00a0\u00bb]<strong><u>Tutorat et co-enseignement<\/u><\/strong><\/p>\n<p>Le Terre dei Savoia<\/p>\n<p>Elena Cerutti<\/p>\n<p>Francesco Cozzolino[\/vc_column_text][\/vc_column][\/vc_row][vc_row css_animation=\u00a0\u00bb\u00a0\u00bb row_type=\u00a0\u00bbrow\u00a0\u00bb use_row_as_full_screen_section=\u00a0\u00bbno\u00a0\u00bb type=\u00a0\u00bbfull_width\u00a0\u00bb angled_section=\u00a0\u00bbno\u00a0\u00bb text_align=\u00a0\u00bbleft\u00a0\u00bb background_image_as_pattern=\u00a0\u00bbwithout_pattern\u00a0\u00bb css=\u00a0\u00bb.vc_custom_1572009751308{margin-top: 70px !important;}\u00a0\u00bb z_index=\u00a0\u00bb\u00a0\u00bb el_class=\u00a0\u00bbriga\u00a0\u00bb][vc_column][vc_column_text]<\/p>\n<h2>T\u00e9l\u00e9charger le mat\u00e9riel<\/h2>\n<p>Aller \u00e0 la section  <a href=\"http:\/\/www.leterredeisavoia.it\/CROSSING%20EUROPE-%20materiali\">T\u00e9l\u00e9charger le mat\u00e9riel<\/a>[\/vc_column_text][\/vc_column][\/vc_row]<\/p>\n<\/div>","protected":false},"excerpt":{"rendered":"<p>[vc_row css_animation=\u00a0\u00bb\u00a0\u00bb row_type=\u00a0\u00bbrow\u00a0\u00bb use_row_as_full_screen_section=\u00a0\u00bbno\u00a0\u00bb type=\u00a0\u00bbfull_width\u00a0\u00bb angled_section=\u00a0\u00bbno\u00a0\u00bb text_align=\u00a0\u00bbleft\u00a0\u00bb background_image_as_pattern=\u00a0\u00bbwithout_pattern\u00a0\u00bb][vc_column][rev_slider_vc alias=\u00a0\u00bbcrossing-eu\u00a0\u00bb][vc_row_inner row_type=\u00a0\u00bbrow\u00a0\u00bb type=\u00a0\u00bbfull_width\u00a0\u00bb text_align=\u00a0\u00bbleft\u00a0\u00bb css_animation=\u00a0\u00bb\u00a0\u00bb el_class=\u00a0\u00bbriga\u00a0\u00bb][vc_column_inner][vc_column_text el_class=\u00a0\u00bbtesto-riga\u00a0\u00bb] Le projet &nbsp; Le projet \u00ab\u00a0Traverser l&rsquo;Europe : concevoir notre Europe\u00a0\u00bb a \u00e9t\u00e9 promu par la municipalit\u00e9 de Racconigi et 11 autres municipalit\u00e9s de la r\u00e9gion de Cuneo. Il a&#8230;<\/p>\n","protected":false},"author":1,"featured_media":0,"parent":0,"menu_order":0,"comment_status":"closed","ping_status":"closed","template":"","meta":{"footnotes":""},"class_list":["post-21268","page","type-page","status-publish","hentry"],"yoast_head":"<!-- This site is optimized with the Yoast SEO plugin v27.3 - https:\/\/yoast.com\/product\/yoast-seo-wordpress\/ -->\n<title>Travers\u00e9e de l&#039;Europe - Le Terre dei Savoia<\/title>\n<meta name=\"robots\" content=\"index, follow, max-snippet:-1, max-image-preview:large, max-video-preview:-1\" \/>\n<link rel=\"canonical\" href=\"https:\/\/www.leterredeisavoia.it\/fr\/crossing-europe-progettare-la-nostra-europa\/\" \/>\n<meta property=\"og:locale\" content=\"fr_FR\" \/>\n<meta property=\"og:type\" content=\"article\" \/>\n<meta property=\"og:title\" content=\"Travers\u00e9e de l&#039;Europe - Le Terre dei Savoia\" \/>\n<meta property=\"og:description\" content=\"[vc_row css_animation=\u00a0\u00bb\u00a0\u00bb row_type=\u00a0\u00bbrow\u00a0\u00bb use_row_as_full_screen_section=\u00a0\u00bbno\u00a0\u00bb type=\u00a0\u00bbfull_width\u00a0\u00bb angled_section=\u00a0\u00bbno\u00a0\u00bb text_align=\u00a0\u00bbleft\u00a0\u00bb background_image_as_pattern=\u00a0\u00bbwithout_pattern\u00a0\u00bb][vc_column][rev_slider_vc alias=\u00a0\u00bbcrossing-eu\u00a0\u00bb][vc_row_inner row_type=\u00a0\u00bbrow\u00a0\u00bb type=\u00a0\u00bbfull_width\u00a0\u00bb text_align=\u00a0\u00bbleft\u00a0\u00bb css_animation=\u00a0\u00bb\u00a0\u00bb el_class=\u00a0\u00bbriga\u00a0\u00bb][vc_column_inner][vc_column_text el_class=\u00a0\u00bbtesto-riga\u00a0\u00bb] Le projet &nbsp; Le projet \u00ab\u00a0Traverser l&rsquo;Europe : concevoir notre Europe\u00a0\u00bb a \u00e9t\u00e9 promu par la municipalit\u00e9 de Racconigi et 11 autres municipalit\u00e9s de la r\u00e9gion de Cuneo. Il a...\" \/>\n<meta property=\"og:url\" content=\"https:\/\/www.leterredeisavoia.it\/fr\/crossing-europe-progettare-la-nostra-europa\/\" \/>\n<meta property=\"og:site_name\" content=\"Le Terre dei Savoia\" \/>\n<meta property=\"article:modified_time\" content=\"2026-01-12T12:31:07+00:00\" \/>\n<meta name=\"twitter:card\" content=\"summary_large_image\" \/>\n<meta name=\"twitter:label1\" content=\"Dur\u00e9e de lecture estim\u00e9e\" \/>\n\t<meta name=\"twitter:data1\" content=\"4 minutes\" \/>\n<script type=\"application\/ld+json\" class=\"yoast-schema-graph\">{\"@context\":\"https:\\\/\\\/schema.org\",\"@graph\":[{\"@type\":\"WebPage\",\"@id\":\"https:\\\/\\\/www.leterredeisavoia.it\\\/fr\\\/crossing-europe-progettare-la-nostra-europa\\\/\",\"url\":\"https:\\\/\\\/www.leterredeisavoia.it\\\/fr\\\/crossing-europe-progettare-la-nostra-europa\\\/\",\"name\":\"Travers\u00e9e de l'Europe - Le Terre dei Savoia\",\"isPartOf\":{\"@id\":\"https:\\\/\\\/www.leterredeisavoia.it\\\/fr\\\/#website\"},\"datePublished\":\"2021-06-11T10:45:36+00:00\",\"dateModified\":\"2026-01-12T12:31:07+00:00\",\"breadcrumb\":{\"@id\":\"https:\\\/\\\/www.leterredeisavoia.it\\\/fr\\\/crossing-europe-progettare-la-nostra-europa\\\/#breadcrumb\"},\"inLanguage\":\"fr-FR\",\"potentialAction\":[{\"@type\":\"ReadAction\",\"target\":[\"https:\\\/\\\/www.leterredeisavoia.it\\\/fr\\\/crossing-europe-progettare-la-nostra-europa\\\/\"]}]},{\"@type\":\"BreadcrumbList\",\"@id\":\"https:\\\/\\\/www.leterredeisavoia.it\\\/fr\\\/crossing-europe-progettare-la-nostra-europa\\\/#breadcrumb\",\"itemListElement\":[{\"@type\":\"ListItem\",\"position\":1,\"name\":\"Home\",\"item\":\"https:\\\/\\\/www.leterredeisavoia.it\\\/fr\\\/\"},{\"@type\":\"ListItem\",\"position\":2,\"name\":\"Travers\u00e9e de l&rsquo;Europe\"}]},{\"@type\":\"WebSite\",\"@id\":\"https:\\\/\\\/www.leterredeisavoia.it\\\/fr\\\/#website\",\"url\":\"https:\\\/\\\/www.leterredeisavoia.it\\\/fr\\\/\",\"name\":\"Le Terre dei Savoia\",\"description\":\"\",\"potentialAction\":[{\"@type\":\"SearchAction\",\"target\":{\"@type\":\"EntryPoint\",\"urlTemplate\":\"https:\\\/\\\/www.leterredeisavoia.it\\\/fr\\\/?s={search_term_string}\"},\"query-input\":{\"@type\":\"PropertyValueSpecification\",\"valueRequired\":true,\"valueName\":\"search_term_string\"}}],\"inLanguage\":\"fr-FR\"}]}<\/script>\n<!-- \/ Yoast SEO plugin. -->","yoast_head_json":{"title":"Travers\u00e9e de l'Europe - Le Terre dei Savoia","robots":{"index":"index","follow":"follow","max-snippet":"max-snippet:-1","max-image-preview":"max-image-preview:large","max-video-preview":"max-video-preview:-1"},"canonical":"https:\/\/www.leterredeisavoia.it\/fr\/crossing-europe-progettare-la-nostra-europa\/","og_locale":"fr_FR","og_type":"article","og_title":"Travers\u00e9e de l'Europe - Le Terre dei Savoia","og_description":"[vc_row css_animation=\u00a0\u00bb\u00a0\u00bb row_type=\u00a0\u00bbrow\u00a0\u00bb use_row_as_full_screen_section=\u00a0\u00bbno\u00a0\u00bb type=\u00a0\u00bbfull_width\u00a0\u00bb angled_section=\u00a0\u00bbno\u00a0\u00bb text_align=\u00a0\u00bbleft\u00a0\u00bb background_image_as_pattern=\u00a0\u00bbwithout_pattern\u00a0\u00bb][vc_column][rev_slider_vc alias=\u00a0\u00bbcrossing-eu\u00a0\u00bb][vc_row_inner row_type=\u00a0\u00bbrow\u00a0\u00bb type=\u00a0\u00bbfull_width\u00a0\u00bb text_align=\u00a0\u00bbleft\u00a0\u00bb css_animation=\u00a0\u00bb\u00a0\u00bb el_class=\u00a0\u00bbriga\u00a0\u00bb][vc_column_inner][vc_column_text el_class=\u00a0\u00bbtesto-riga\u00a0\u00bb] Le projet &nbsp; Le projet \u00ab\u00a0Traverser l&rsquo;Europe : concevoir notre Europe\u00a0\u00bb a \u00e9t\u00e9 promu par la municipalit\u00e9 de Racconigi et 11 autres municipalit\u00e9s de la r\u00e9gion de Cuneo. Il a...","og_url":"https:\/\/www.leterredeisavoia.it\/fr\/crossing-europe-progettare-la-nostra-europa\/","og_site_name":"Le Terre dei Savoia","article_modified_time":"2026-01-12T12:31:07+00:00","twitter_card":"summary_large_image","twitter_misc":{"Dur\u00e9e de lecture estim\u00e9e":"4 minutes"},"schema":{"@context":"https:\/\/schema.org","@graph":[{"@type":"WebPage","@id":"https:\/\/www.leterredeisavoia.it\/fr\/crossing-europe-progettare-la-nostra-europa\/","url":"https:\/\/www.leterredeisavoia.it\/fr\/crossing-europe-progettare-la-nostra-europa\/","name":"Travers\u00e9e de l'Europe - Le Terre dei Savoia","isPartOf":{"@id":"https:\/\/www.leterredeisavoia.it\/fr\/#website"},"datePublished":"2021-06-11T10:45:36+00:00","dateModified":"2026-01-12T12:31:07+00:00","breadcrumb":{"@id":"https:\/\/www.leterredeisavoia.it\/fr\/crossing-europe-progettare-la-nostra-europa\/#breadcrumb"},"inLanguage":"fr-FR","potentialAction":[{"@type":"ReadAction","target":["https:\/\/www.leterredeisavoia.it\/fr\/crossing-europe-progettare-la-nostra-europa\/"]}]},{"@type":"BreadcrumbList","@id":"https:\/\/www.leterredeisavoia.it\/fr\/crossing-europe-progettare-la-nostra-europa\/#breadcrumb","itemListElement":[{"@type":"ListItem","position":1,"name":"Home","item":"https:\/\/www.leterredeisavoia.it\/fr\/"},{"@type":"ListItem","position":2,"name":"Travers\u00e9e de l&rsquo;Europe"}]},{"@type":"WebSite","@id":"https:\/\/www.leterredeisavoia.it\/fr\/#website","url":"https:\/\/www.leterredeisavoia.it\/fr\/","name":"Le Terre dei Savoia","description":"","potentialAction":[{"@type":"SearchAction","target":{"@type":"EntryPoint","urlTemplate":"https:\/\/www.leterredeisavoia.it\/fr\/?s={search_term_string}"},"query-input":{"@type":"PropertyValueSpecification","valueRequired":true,"valueName":"search_term_string"}}],"inLanguage":"fr-FR"}]}},"_links":{"self":[{"href":"https:\/\/www.leterredeisavoia.it\/fr\/wp-json\/wp\/v2\/pages\/21268","targetHints":{"allow":["GET"]}}],"collection":[{"href":"https:\/\/www.leterredeisavoia.it\/fr\/wp-json\/wp\/v2\/pages"}],"about":[{"href":"https:\/\/www.leterredeisavoia.it\/fr\/wp-json\/wp\/v2\/types\/page"}],"author":[{"embeddable":true,"href":"https:\/\/www.leterredeisavoia.it\/fr\/wp-json\/wp\/v2\/users\/1"}],"replies":[{"embeddable":true,"href":"https:\/\/www.leterredeisavoia.it\/fr\/wp-json\/wp\/v2\/comments?post=21268"}],"version-history":[{"count":5,"href":"https:\/\/www.leterredeisavoia.it\/fr\/wp-json\/wp\/v2\/pages\/21268\/revisions"}],"predecessor-version":[{"id":21488,"href":"https:\/\/www.leterredeisavoia.it\/fr\/wp-json\/wp\/v2\/pages\/21268\/revisions\/21488"}],"wp:attachment":[{"href":"https:\/\/www.leterredeisavoia.it\/fr\/wp-json\/wp\/v2\/media?parent=21268"}],"curies":[{"name":"wp","href":"https:\/\/api.w.org\/{rel}","templated":true}]}}