{"id":21157,"date":"2026-01-09T15:06:36","date_gmt":"2026-01-09T14:06:36","guid":{"rendered":"https:\/\/www.leterredeisavoia.it\/bibliotheque-de-charles-albert\/"},"modified":"2026-01-09T15:06:39","modified_gmt":"2026-01-09T14:06:39","slug":"bibliotheque-de-charles-albert","status":"publish","type":"page","link":"https:\/\/www.leterredeisavoia.it\/fr\/bibliotheque-de-charles-albert\/","title":{"rendered":"Biblioth\u00e8que de Charles Albert"},"content":{"rendered":"\t\t<div data-elementor-type=\"wp-page\" data-elementor-id=\"21157\" class=\"elementor elementor-21157 elementor-19828\">\n\t\t\t\t<div class=\"elementor-element elementor-element-d41b60d e-con-full e-flex parallax_section_no qode_elementor_container_no e-con e-parent\" data-id=\"d41b60d\" data-element_type=\"container\" data-e-type=\"container\">\n\t\t\t\t<div class=\"elementor-element elementor-element-3400ee1 elementor-widget elementor-widget-image\" data-id=\"3400ee1\" data-element_type=\"widget\" data-e-type=\"widget\" data-widget_type=\"image.default\">\n\t\t\t\t<div class=\"elementor-widget-container\">\n\t\t\t\t\t\t\t\t\t\t\t\t\t\t\t<img fetchpriority=\"high\" decoding=\"async\" width=\"1440\" height=\"400\" src=\"https:\/\/www.leterredeisavoia.it\/wp-content\/uploads\/2025\/09\/bibliocarlo.webp\" class=\"attachment-2048x2048 size-2048x2048 wp-image-19993\" alt=\"\" srcset=\"https:\/\/www.leterredeisavoia.it\/wp-content\/uploads\/2025\/09\/bibliocarlo.webp 1440w, https:\/\/www.leterredeisavoia.it\/wp-content\/uploads\/2025\/09\/bibliocarlo-300x83.webp 300w, https:\/\/www.leterredeisavoia.it\/wp-content\/uploads\/2025\/09\/bibliocarlo-1024x284.webp 1024w, https:\/\/www.leterredeisavoia.it\/wp-content\/uploads\/2025\/09\/bibliocarlo-768x213.webp 768w, https:\/\/www.leterredeisavoia.it\/wp-content\/uploads\/2025\/09\/bibliocarlo-700x194.webp 700w\" sizes=\"(max-width: 1440px) 100vw, 1440px\" \/>\t\t\t\t\t\t\t\t\t\t\t\t\t\t\t<\/div>\n\t\t\t\t<\/div>\n\t\t\t\t<\/div>\n\t\t<div class=\"elementor-element elementor-element-b2bfce0 e-flex e-con-boxed parallax_section_no qode_elementor_container_no e-con e-parent\" data-id=\"b2bfce0\" data-element_type=\"container\" data-e-type=\"container\">\n\t\t\t\t\t<div class=\"e-con-inner\">\n\t\t<div class=\"elementor-element elementor-element-112f6e77 e-con-full e-flex parallax_section_no qode_elementor_container_no e-con e-child\" data-id=\"112f6e77\" data-element_type=\"container\" data-e-type=\"container\">\n\t\t\t\t<div class=\"elementor-element elementor-element-47f68df3 elementor-widget__width-inherit elementor-widget elementor-widget-image\" data-id=\"47f68df3\" data-element_type=\"widget\" data-e-type=\"widget\" data-widget_type=\"image.default\">\n\t\t\t\t<div class=\"elementor-widget-container\">\n\t\t\t\t\t\t\t\t\t\t\t\t\t\t\t<img decoding=\"async\" width=\"340\" height=\"190\" src=\"https:\/\/www.leterredeisavoia.it\/wp-content\/uploads\/2025\/09\/BibliotecaCarloAlberto-logo.png\" class=\"attachment-large size-large wp-image-19838\" alt=\"\" srcset=\"https:\/\/www.leterredeisavoia.it\/wp-content\/uploads\/2025\/09\/BibliotecaCarloAlberto-logo.png 340w, https:\/\/www.leterredeisavoia.it\/wp-content\/uploads\/2025\/09\/BibliotecaCarloAlberto-logo-300x168.png 300w\" sizes=\"(max-width: 340px) 100vw, 340px\" \/>\t\t\t\t\t\t\t\t\t\t\t\t\t\t\t<\/div>\n\t\t\t\t<\/div>\n\t\t\t\t<\/div>\n\t\t<div class=\"elementor-element elementor-element-7a9e1fd3 e-con-full e-flex parallax_section_no qode_elementor_container_no e-con e-child\" data-id=\"7a9e1fd3\" data-element_type=\"container\" data-e-type=\"container\">\n\t\t\t\t<div class=\"elementor-element elementor-element-3d92ed91 elementor-widget elementor-widget-text-editor\" data-id=\"3d92ed91\" data-element_type=\"widget\" data-e-type=\"widget\" data-widget_type=\"text-editor.default\">\n\t\t\t\t<div class=\"elementor-widget-container\">\n\t\t\t\t\t\t\t\t\t<h1 class=\"p1\"><span style=\"color: #bc1313;\">Des pages qui passent du papier au num\u00e9rique<\/span><\/h1><p style=\"font-weight: 400;\"><strong><em>raconter la dimension la plus intime du souverain, du lecteur et de l&rsquo;\u00e9crivain.<\/em><\/strong><\/p><p> <\/p><p style=\"font-weight: 400;\">Plus de <strong>5 000<\/strong> volumes sont soigneusement rang\u00e9s dans des \u00e9tag\u00e8res en bois du XIXe si\u00e8cle et une fen\u00eatre donne sur le parc du <a href=\"http:\/\/polomusealepiemonte.beniculturali.it\/index.php\/musei-e-luoghi-della-cultura\/castello-di-racconigi\/\" target=\"_blank\" rel=\"noopener\" data-saferedirecturl=\"https:\/\/www.google.com\/url?q=http:\/\/polomusealepiemonte.beniculturali.it\/index.php\/musei-e-luoghi-della-cultura\/castello-di-racconigi\/&amp;source=gmail&amp;ust=1757755156700000&amp;usg=AOvVaw2aqJi6bcTG4QoZBR3ACirh\">ch\u00e2teau de Racconigi<\/a>.  <\/p><p style=\"font-weight: 400;\">Depuis 1930, les livres de Carlo Alberto ont \u00e9t\u00e9 rejoints par ceux collect\u00e9s par Umberto II de Savoie.<\/p><p class=\"p1\"> <\/p>\t\t\t\t\t\t\t\t<\/div>\n\t\t\t\t<\/div>\n\t\t\t\t<\/div>\n\t\t\t\t\t<\/div>\n\t\t\t\t<\/div>\n\t\t<div class=\"elementor-element elementor-element-fbbfb2b e-flex e-con-boxed parallax_section_no qode_elementor_container_no e-con e-parent\" data-id=\"fbbfb2b\" data-element_type=\"container\" data-e-type=\"container\">\n\t\t\t\t\t<div class=\"e-con-inner\">\n\t\t<div class=\"elementor-element elementor-element-7683a7c e-con-full e-flex parallax_section_no qode_elementor_container_no e-con e-child\" data-id=\"7683a7c\" data-element_type=\"container\" data-e-type=\"container\">\n\t\t\t\t<div class=\"elementor-element elementor-element-53639ef elementor-widget__width-inherit elementor-widget elementor-widget-image\" data-id=\"53639ef\" data-element_type=\"widget\" data-e-type=\"widget\" data-widget_type=\"image.default\">\n\t\t\t\t<div class=\"elementor-widget-container\">\n\t\t\t\t\t\t\t\t\t\t\t\t\t\t\t<img decoding=\"async\" width=\"900\" height=\"600\" src=\"https:\/\/www.leterredeisavoia.it\/wp-content\/uploads\/2025\/09\/1_ph.pino-dellaquila.webp\" class=\"attachment-full size-full wp-image-19996\" alt=\"\" srcset=\"https:\/\/www.leterredeisavoia.it\/wp-content\/uploads\/2025\/09\/1_ph.pino-dellaquila.webp 900w, https:\/\/www.leterredeisavoia.it\/wp-content\/uploads\/2025\/09\/1_ph.pino-dellaquila-300x200.webp 300w, https:\/\/www.leterredeisavoia.it\/wp-content\/uploads\/2025\/09\/1_ph.pino-dellaquila-768x512.webp 768w, https:\/\/www.leterredeisavoia.it\/wp-content\/uploads\/2025\/09\/1_ph.pino-dellaquila-700x467.webp 700w\" sizes=\"(max-width: 900px) 100vw, 900px\" \/>\t\t\t\t\t\t\t\t\t\t\t\t\t\t\t<\/div>\n\t\t\t\t<\/div>\n\t\t\t\t<\/div>\n\t\t<div class=\"elementor-element elementor-element-52bf5ba e-con-full e-flex parallax_section_no qode_elementor_container_no e-con e-child\" data-id=\"52bf5ba\" data-element_type=\"container\" data-e-type=\"container\">\n\t\t\t\t<div class=\"elementor-element elementor-element-7fbc7a62 elementor-widget elementor-widget-ucaddon_flip_box\" data-id=\"7fbc7a62\" data-element_type=\"widget\" data-e-type=\"widget\" data-widget_type=\"ucaddon_flip_box.default\">\n\t\t\t\t<div class=\"elementor-widget-container\">\n\t\t\t\t\t\n<!-- start Flip Box -->\n\t\t<link id='font-awesome-css' href='https:\/\/www.leterredeisavoia.it\/wp-content\/plugins\/unlimited-elements-for-elementor\/assets_libraries\/font-awesome6\/fontawesome-all.min.css' type='text\/css' rel='stylesheet' >\n\t\t<link id='font-awesome-4-shim-css' href='https:\/\/www.leterredeisavoia.it\/wp-content\/plugins\/unlimited-elements-for-elementor\/assets_libraries\/font-awesome6\/fontawesome-v4-shims.min.css' type='text\/css' rel='stylesheet' >\n\t\t<link id='uc_ac_assets_file_ue_flipbox_styles_css_12353-css' href='https:\/\/www.leterredeisavoia.it\/wp-content\/uploads\/ac_assets\/uc_flip_box_base\/animations\/ue-flipbox-styles.css' type='text\/css' rel='stylesheet' >\n\n<style>\/* widget: Flip Box *\/\n\n\/* elementor container support *\/\n.e-con-inner>.elementor-widget-ucaddon_flip_box, .e-con>.elementor-widget-ucaddon_flip_box {\n    width: var(--container-widget-width);\n    --flex-grow: var(--container-widget-flex-grow);\n}\n\n#uc_flip_box_elementor_7fbc7a62 .ue-flip-box__panel.ue-flip-box__panel--front,\n#uc_flip_box_elementor_7fbc7a62 .ue-flip-box__panel.ue-flip-box__panel--back {\n    backface-visibility: hidden;\n    -webkit-backface-visibility: hidden; \n}\n\n#uc_flip_box_elementor_7fbc7a62 .ue-flip-box__container .ue-flip-box__panel--back {\n  z-index: -1;\n}\n\n#uc_flip_box_elementor_7fbc7a62 .ue-flip-box__container .ue-flip-box__panel--front {\n  z-index: 1;\n}\n\n#uc_flip_box_elementor_7fbc7a62 .ue-flip-box__container.uc-show .ue-flip-box__panel--back {\n  z-index: 1;\n}\n\n#uc_flip_box_elementor_7fbc7a62 .ue-flip-box__container.uc-show .ue-flip-box__panel--front {\n  z-index: -1;\n}\n\n#uc_flip_box_elementor_7fbc7a62 .ue-flip-box__panel__wrapper{\n  pointer-events: all;\n}\n\n#uc_flip_box_elementor_7fbc7a62 .ue-flip-box__panel--back .ue_btn{\n\tdisplay: inline-block;\n}\n\n \n\t\n\n\n#uc_flip_box_elementor_7fbc7a62 .ue-flip-box__panel--front-overlay, \n#uc_flip_box_elementor_7fbc7a62 .ue-flip-box__panel--back-overlay{\n  position:absolute;\n  top:0;\n  bottom:0;\n  right:0;\n  left:0;\n  z-index:-1;\n}\n\n  #uc_flip_box_elementor_7fbc7a62 .ue-flip-box__panel--front .ue-flip-box__icon img{\n    max-width: none;\n  }\n\n  #uc_flip_box_elementor_7fbc7a62 .ue-flip-box__panel--back .ue-flip-box__icon img{\n    max-width: none;\n  }\n\n\n\n<\/style>\n\n\n<div id=\"uc_flip_box_elementor_7fbc7a62\" class=\"ue-flip-box\" data-id=\"uc_flip_box_elementor_7fbc7a62\" data-closeonbody='false'>\n  \n      <div class=\"ue-flip-box__container uc-hide ue-flip_left ue-flip-box__container--hover\" tabindex=\"0\">\n      \n    <div class=\"ue-flip-box__panel ue-flip-box__panel--front\">\n      <div class=\"ue-flip-box__panel--front-overlay\"><\/div>\n            <div class=\"ue-flip-box__panel__wrapper\">\n        <div class=\"ue-flip-box__panel__content\">\n               <div class=\"ue-flip-box__panel__element ue-flip-box__icon\"><img loading=\"lazy\" decoding=\"async\" src=\"https:\/\/www.leterredeisavoia.it\/wp-content\/uploads\/2025\/09\/BibliotecaCarloAlberto-logo.png\" title=\"BibliotecaCarloAlberto-logo\" alt=\"BibliotecaCarloAlberto-logo\"  src=\"https:\/\/www.leterredeisavoia.it\/wp-content\/uploads\/2025\/09\/BibliotecaCarloAlberto-logo.png\" alt=\"BibliotecaCarloAlberto-logo\" width=\"340\" height=\"190\"><\/div>             <div class=\"ue-flip-box__panel__element ue-flip-box__title\"><\/div>                    <div class=\"ue-flip-box__panel__element ue-flip-box__description\"><h1 style=\"text-align: center;\"><span style=\"color: #ffffff;\">le projet<\/span><\/h1><\/div>        <\/div>      <\/div>    <\/div>      \n    <div class=\"ue-flip-box__panel ue-flip-box__panel--back\" inert>\n      <div class=\"ue-flip-box__panel--back-overlay\"><\/div>\n            <div class=\"ue-flip-box__panel__wrapper\">\n        <div class=\"ue-flip-box__panel__content\">\n              <div class=\"ue-flip-box__panel__element ue-flip-box__icon\"><img loading=\"lazy\" decoding=\"async\" src=\"https:\/\/www.leterredeisavoia.it\/wp-content\/uploads\/2025\/09\/BibliotecaCarloAlberto-logo.png\" title=\"BibliotecaCarloAlberto-logo\" alt=\"BibliotecaCarloAlberto-logo\"  src=\"https:\/\/www.leterredeisavoia.it\/wp-content\/uploads\/2025\/09\/BibliotecaCarloAlberto-logo.png\" alt=\"BibliotecaCarloAlberto-logo\" width=\"340\" height=\"190\"><\/div>             <div class=\"ue-flip-box__panel__element ue-flip-box__title\"><\/div>                    <div class=\"ue-flip-box__panel__element ue-flip-box__description\"><\/div>          <div class=\"ue-flip-box__panel__element ue-flip-box__button\"><a href=\"https:\/\/www.bibliocarloalberto.it\" class=\"ue_btn\"  target='_blank'>Acc\u00e9der \u00e0 la biblioth\u00e8que num\u00e9rique<\/a><\/div>                  <\/div>      <\/div>    <\/div>    \n  <\/div>      \n        \n<\/div>\n<!-- end Flip Box -->\t\t\t\t<\/div>\n\t\t\t\t<\/div>\n\t\t\t\t<\/div>\n\t\t\t\t\t<\/div>\n\t\t\t\t<\/div>\n\t\t<div class=\"elementor-element elementor-element-465e005 e-flex e-con-boxed parallax_section_no qode_elementor_container_no e-con e-parent\" data-id=\"465e005\" data-element_type=\"container\" data-e-type=\"container\">\n\t\t\t\t\t<div class=\"e-con-inner\">\n\t\t<div class=\"elementor-element elementor-element-da0d79b e-con-full e-flex parallax_section_no qode_elementor_container_no e-con e-child\" data-id=\"da0d79b\" data-element_type=\"container\" data-e-type=\"container\">\n\t\t\t\t<div class=\"elementor-element elementor-element-3222d77e elementor-widget__width-initial elementor-widget elementor-widget-image\" data-id=\"3222d77e\" data-element_type=\"widget\" data-e-type=\"widget\" data-widget_type=\"image.default\">\n\t\t\t\t<div class=\"elementor-widget-container\">\n\t\t\t\t\t\t\t\t\t\t\t\t\t\t\t<img loading=\"lazy\" decoding=\"async\" width=\"512\" height=\"512\" src=\"https:\/\/www.leterredeisavoia.it\/wp-content\/uploads\/2019\/10\/cropped-logo_tds-1.png\" class=\"attachment-large size-large wp-image-798\" alt=\"\" srcset=\"https:\/\/www.leterredeisavoia.it\/wp-content\/uploads\/2019\/10\/cropped-logo_tds-1.png 512w, https:\/\/www.leterredeisavoia.it\/wp-content\/uploads\/2019\/10\/cropped-logo_tds-1-150x150.png 150w, https:\/\/www.leterredeisavoia.it\/wp-content\/uploads\/2019\/10\/cropped-logo_tds-1-300x300.png 300w, https:\/\/www.leterredeisavoia.it\/wp-content\/uploads\/2019\/10\/cropped-logo_tds-1-500x500.png 500w, https:\/\/www.leterredeisavoia.it\/wp-content\/uploads\/2019\/10\/cropped-logo_tds-1-270x270.png 270w, https:\/\/www.leterredeisavoia.it\/wp-content\/uploads\/2019\/10\/cropped-logo_tds-1-192x192.png 192w, https:\/\/www.leterredeisavoia.it\/wp-content\/uploads\/2019\/10\/cropped-logo_tds-1-180x180.png 180w, https:\/\/www.leterredeisavoia.it\/wp-content\/uploads\/2019\/10\/cropped-logo_tds-1-32x32.png 32w\" sizes=\"(max-width: 512px) 100vw, 512px\" \/>\t\t\t\t\t\t\t\t\t\t\t\t\t\t\t<\/div>\n\t\t\t\t<\/div>\n\t\t\t\t<\/div>\n\t\t<div class=\"elementor-element elementor-element-d4a7649 e-con-full e-flex parallax_section_no qode_elementor_container_no e-con e-child\" data-id=\"d4a7649\" data-element_type=\"container\" data-e-type=\"container\">\n\t\t\t\t<div class=\"elementor-element elementor-element-302900b elementor-widget elementor-widget-image\" data-id=\"302900b\" data-element_type=\"widget\" data-e-type=\"widget\" data-widget_type=\"image.default\">\n\t\t\t\t<div class=\"elementor-widget-container\">\n\t\t\t\t\t\t\t\t\t\t\t\t\t\t\t\t<a href=\"http:\/\/polomusealepiemonte.beniculturali.it\/\" target=\"_blank\">\n\t\t\t\t\t\t\t<img loading=\"lazy\" decoding=\"async\" width=\"611\" height=\"236\" src=\"https:\/\/www.leterredeisavoia.it\/wp-content\/uploads\/2025\/09\/RRS-solo-blu.png\" class=\"attachment-large size-large wp-image-20170\" alt=\"\" srcset=\"https:\/\/www.leterredeisavoia.it\/wp-content\/uploads\/2025\/09\/RRS-solo-blu.png 611w, https:\/\/www.leterredeisavoia.it\/wp-content\/uploads\/2025\/09\/RRS-solo-blu-300x116.png 300w\" sizes=\"(max-width: 611px) 100vw, 611px\" \/>\t\t\t\t\t\t\t\t<\/a>\n\t\t\t\t\t\t\t\t\t\t\t\t\t\t\t<\/div>\n\t\t\t\t<\/div>\n\t\t\t\t<\/div>\n\t\t<div class=\"elementor-element elementor-element-f88069e e-con-full e-flex parallax_section_no qode_elementor_container_no e-con e-child\" data-id=\"f88069e\" data-element_type=\"container\" data-e-type=\"container\">\n\t\t\t\t<div class=\"elementor-element elementor-element-a89d72c elementor-widget__width-initial elementor-widget elementor-widget-image\" data-id=\"a89d72c\" data-element_type=\"widget\" data-e-type=\"widget\" data-widget_type=\"image.default\">\n\t\t\t\t<div class=\"elementor-widget-container\">\n\t\t\t\t\t\t\t\t\t\t\t\t\t\t\t\t<a href=\"http:\/\/polomusealepiemonte.beniculturali.it\/index.php\/musei-e-luoghi-della-cultura\/castello-di-racconigi\/\" target=\"_blank\">\n\t\t\t\t\t\t\t<img loading=\"lazy\" decoding=\"async\" width=\"567\" height=\"667\" src=\"https:\/\/www.leterredeisavoia.it\/wp-content\/uploads\/2025\/09\/thumbnail_logo-racconigi_02.jpg\" class=\"attachment-large size-large wp-image-20167\" alt=\"\" srcset=\"https:\/\/www.leterredeisavoia.it\/wp-content\/uploads\/2025\/09\/thumbnail_logo-racconigi_02.jpg 567w, https:\/\/www.leterredeisavoia.it\/wp-content\/uploads\/2025\/09\/thumbnail_logo-racconigi_02-255x300.jpg 255w\" sizes=\"(max-width: 567px) 100vw, 567px\" \/>\t\t\t\t\t\t\t\t<\/a>\n\t\t\t\t\t\t\t\t\t\t\t\t\t\t\t<\/div>\n\t\t\t\t<\/div>\n\t\t\t\t<\/div>\n\t\t\t\t\t<\/div>\n\t\t\t\t<\/div>\n\t\t\t\t<\/div>\n\t\t","protected":false},"excerpt":{"rendered":"<p>Des pages qui passent du papier au num\u00e9rique raconter la dimension la plus intime du souverain, du lecteur et de l&rsquo;\u00e9crivain. Plus de 5 000 volumes sont soigneusement rang\u00e9s dans des \u00e9tag\u00e8res en bois du XIXe si\u00e8cle et une fen\u00eatre donne sur le parc du&#8230;<\/p>\n","protected":false},"author":3,"featured_media":0,"parent":0,"menu_order":0,"comment_status":"closed","ping_status":"closed","template":"","meta":{"footnotes":""},"class_list":["post-21157","page","type-page","status-publish","hentry"],"yoast_head":"<!-- This site is optimized with the Yoast SEO plugin v27.3 - https:\/\/yoast.com\/product\/yoast-seo-wordpress\/ -->\n<title>Biblioth\u00e8que de Charles Albert - Le Terre dei Savoia<\/title>\n<meta name=\"robots\" content=\"index, follow, max-snippet:-1, max-image-preview:large, max-video-preview:-1\" \/>\n<link rel=\"canonical\" href=\"https:\/\/www.leterredeisavoia.it\/fr\/bibliotheque-de-charles-albert\/\" \/>\n<meta property=\"og:locale\" content=\"fr_FR\" \/>\n<meta property=\"og:type\" content=\"article\" \/>\n<meta property=\"og:title\" content=\"Biblioth\u00e8que de Charles Albert - Le Terre dei Savoia\" \/>\n<meta property=\"og:description\" content=\"Des pages qui passent du papier au num\u00e9rique raconter la dimension la plus intime du souverain, du lecteur et de l&rsquo;\u00e9crivain. Plus de 5 000 volumes sont soigneusement rang\u00e9s dans des \u00e9tag\u00e8res en bois du XIXe si\u00e8cle et une fen\u00eatre donne sur le parc du...\" \/>\n<meta property=\"og:url\" content=\"https:\/\/www.leterredeisavoia.it\/fr\/bibliotheque-de-charles-albert\/\" \/>\n<meta property=\"og:site_name\" content=\"Le Terre dei Savoia\" \/>\n<meta property=\"article:modified_time\" content=\"2026-01-09T14:06:39+00:00\" \/>\n<meta property=\"og:image\" content=\"https:\/\/www.leterredeisavoia.it\/wp-content\/uploads\/2025\/09\/bibliocarlo.webp\" \/>\n\t<meta property=\"og:image:width\" content=\"1440\" \/>\n\t<meta property=\"og:image:height\" content=\"400\" \/>\n\t<meta property=\"og:image:type\" content=\"image\/webp\" \/>\n<meta name=\"twitter:card\" content=\"summary_large_image\" \/>\n<script type=\"application\/ld+json\" class=\"yoast-schema-graph\">{\"@context\":\"https:\\\/\\\/schema.org\",\"@graph\":[{\"@type\":\"WebPage\",\"@id\":\"https:\\\/\\\/www.leterredeisavoia.it\\\/fr\\\/bibliotheque-de-charles-albert\\\/\",\"url\":\"https:\\\/\\\/www.leterredeisavoia.it\\\/fr\\\/bibliotheque-de-charles-albert\\\/\",\"name\":\"Biblioth\u00e8que de Charles Albert - Le Terre dei Savoia\",\"isPartOf\":{\"@id\":\"https:\\\/\\\/www.leterredeisavoia.it\\\/fr\\\/#website\"},\"primaryImageOfPage\":{\"@id\":\"https:\\\/\\\/www.leterredeisavoia.it\\\/fr\\\/bibliotheque-de-charles-albert\\\/#primaryimage\"},\"image\":{\"@id\":\"https:\\\/\\\/www.leterredeisavoia.it\\\/fr\\\/bibliotheque-de-charles-albert\\\/#primaryimage\"},\"thumbnailUrl\":\"https:\\\/\\\/www.leterredeisavoia.it\\\/wp-content\\\/uploads\\\/2025\\\/09\\\/bibliocarlo.webp\",\"datePublished\":\"2026-01-09T14:06:36+00:00\",\"dateModified\":\"2026-01-09T14:06:39+00:00\",\"breadcrumb\":{\"@id\":\"https:\\\/\\\/www.leterredeisavoia.it\\\/fr\\\/bibliotheque-de-charles-albert\\\/#breadcrumb\"},\"inLanguage\":\"fr-FR\",\"potentialAction\":[{\"@type\":\"ReadAction\",\"target\":[\"https:\\\/\\\/www.leterredeisavoia.it\\\/fr\\\/bibliotheque-de-charles-albert\\\/\"]}]},{\"@type\":\"ImageObject\",\"inLanguage\":\"fr-FR\",\"@id\":\"https:\\\/\\\/www.leterredeisavoia.it\\\/fr\\\/bibliotheque-de-charles-albert\\\/#primaryimage\",\"url\":\"https:\\\/\\\/www.leterredeisavoia.it\\\/wp-content\\\/uploads\\\/2025\\\/09\\\/bibliocarlo.webp\",\"contentUrl\":\"https:\\\/\\\/www.leterredeisavoia.it\\\/wp-content\\\/uploads\\\/2025\\\/09\\\/bibliocarlo.webp\"},{\"@type\":\"BreadcrumbList\",\"@id\":\"https:\\\/\\\/www.leterredeisavoia.it\\\/fr\\\/bibliotheque-de-charles-albert\\\/#breadcrumb\",\"itemListElement\":[{\"@type\":\"ListItem\",\"position\":1,\"name\":\"Home\",\"item\":\"https:\\\/\\\/www.leterredeisavoia.it\\\/fr\\\/\"},{\"@type\":\"ListItem\",\"position\":2,\"name\":\"Biblioth\u00e8que de Charles Albert\"}]},{\"@type\":\"WebSite\",\"@id\":\"https:\\\/\\\/www.leterredeisavoia.it\\\/fr\\\/#website\",\"url\":\"https:\\\/\\\/www.leterredeisavoia.it\\\/fr\\\/\",\"name\":\"Le Terre dei Savoia\",\"description\":\"\",\"potentialAction\":[{\"@type\":\"SearchAction\",\"target\":{\"@type\":\"EntryPoint\",\"urlTemplate\":\"https:\\\/\\\/www.leterredeisavoia.it\\\/fr\\\/?s={search_term_string}\"},\"query-input\":{\"@type\":\"PropertyValueSpecification\",\"valueRequired\":true,\"valueName\":\"search_term_string\"}}],\"inLanguage\":\"fr-FR\"}]}<\/script>\n<!-- \/ Yoast SEO plugin. -->","yoast_head_json":{"title":"Biblioth\u00e8que de Charles Albert - Le Terre dei Savoia","robots":{"index":"index","follow":"follow","max-snippet":"max-snippet:-1","max-image-preview":"max-image-preview:large","max-video-preview":"max-video-preview:-1"},"canonical":"https:\/\/www.leterredeisavoia.it\/fr\/bibliotheque-de-charles-albert\/","og_locale":"fr_FR","og_type":"article","og_title":"Biblioth\u00e8que de Charles Albert - Le Terre dei Savoia","og_description":"Des pages qui passent du papier au num\u00e9rique raconter la dimension la plus intime du souverain, du lecteur et de l&rsquo;\u00e9crivain. Plus de 5 000 volumes sont soigneusement rang\u00e9s dans des \u00e9tag\u00e8res en bois du XIXe si\u00e8cle et une fen\u00eatre donne sur le parc du...","og_url":"https:\/\/www.leterredeisavoia.it\/fr\/bibliotheque-de-charles-albert\/","og_site_name":"Le Terre dei Savoia","article_modified_time":"2026-01-09T14:06:39+00:00","og_image":[{"width":1440,"height":400,"url":"https:\/\/www.leterredeisavoia.it\/wp-content\/uploads\/2025\/09\/bibliocarlo.webp","type":"image\/webp"}],"twitter_card":"summary_large_image","schema":{"@context":"https:\/\/schema.org","@graph":[{"@type":"WebPage","@id":"https:\/\/www.leterredeisavoia.it\/fr\/bibliotheque-de-charles-albert\/","url":"https:\/\/www.leterredeisavoia.it\/fr\/bibliotheque-de-charles-albert\/","name":"Biblioth\u00e8que de Charles Albert - Le Terre dei Savoia","isPartOf":{"@id":"https:\/\/www.leterredeisavoia.it\/fr\/#website"},"primaryImageOfPage":{"@id":"https:\/\/www.leterredeisavoia.it\/fr\/bibliotheque-de-charles-albert\/#primaryimage"},"image":{"@id":"https:\/\/www.leterredeisavoia.it\/fr\/bibliotheque-de-charles-albert\/#primaryimage"},"thumbnailUrl":"https:\/\/www.leterredeisavoia.it\/wp-content\/uploads\/2025\/09\/bibliocarlo.webp","datePublished":"2026-01-09T14:06:36+00:00","dateModified":"2026-01-09T14:06:39+00:00","breadcrumb":{"@id":"https:\/\/www.leterredeisavoia.it\/fr\/bibliotheque-de-charles-albert\/#breadcrumb"},"inLanguage":"fr-FR","potentialAction":[{"@type":"ReadAction","target":["https:\/\/www.leterredeisavoia.it\/fr\/bibliotheque-de-charles-albert\/"]}]},{"@type":"ImageObject","inLanguage":"fr-FR","@id":"https:\/\/www.leterredeisavoia.it\/fr\/bibliotheque-de-charles-albert\/#primaryimage","url":"https:\/\/www.leterredeisavoia.it\/wp-content\/uploads\/2025\/09\/bibliocarlo.webp","contentUrl":"https:\/\/www.leterredeisavoia.it\/wp-content\/uploads\/2025\/09\/bibliocarlo.webp"},{"@type":"BreadcrumbList","@id":"https:\/\/www.leterredeisavoia.it\/fr\/bibliotheque-de-charles-albert\/#breadcrumb","itemListElement":[{"@type":"ListItem","position":1,"name":"Home","item":"https:\/\/www.leterredeisavoia.it\/fr\/"},{"@type":"ListItem","position":2,"name":"Biblioth\u00e8que de Charles Albert"}]},{"@type":"WebSite","@id":"https:\/\/www.leterredeisavoia.it\/fr\/#website","url":"https:\/\/www.leterredeisavoia.it\/fr\/","name":"Le Terre dei Savoia","description":"","potentialAction":[{"@type":"SearchAction","target":{"@type":"EntryPoint","urlTemplate":"https:\/\/www.leterredeisavoia.it\/fr\/?s={search_term_string}"},"query-input":{"@type":"PropertyValueSpecification","valueRequired":true,"valueName":"search_term_string"}}],"inLanguage":"fr-FR"}]}},"_links":{"self":[{"href":"https:\/\/www.leterredeisavoia.it\/fr\/wp-json\/wp\/v2\/pages\/21157","targetHints":{"allow":["GET"]}}],"collection":[{"href":"https:\/\/www.leterredeisavoia.it\/fr\/wp-json\/wp\/v2\/pages"}],"about":[{"href":"https:\/\/www.leterredeisavoia.it\/fr\/wp-json\/wp\/v2\/types\/page"}],"author":[{"embeddable":true,"href":"https:\/\/www.leterredeisavoia.it\/fr\/wp-json\/wp\/v2\/users\/3"}],"replies":[{"embeddable":true,"href":"https:\/\/www.leterredeisavoia.it\/fr\/wp-json\/wp\/v2\/comments?post=21157"}],"version-history":[{"count":1,"href":"https:\/\/www.leterredeisavoia.it\/fr\/wp-json\/wp\/v2\/pages\/21157\/revisions"}],"predecessor-version":[{"id":21158,"href":"https:\/\/www.leterredeisavoia.it\/fr\/wp-json\/wp\/v2\/pages\/21157\/revisions\/21158"}],"wp:attachment":[{"href":"https:\/\/www.leterredeisavoia.it\/fr\/wp-json\/wp\/v2\/media?parent=21157"}],"curies":[{"name":"wp","href":"https:\/\/api.w.org\/{rel}","templated":true}]}}