{"id":18130,"date":"2023-12-22T15:18:47","date_gmt":"2023-12-22T14:18:47","guid":{"rendered":"https:\/\/www.leterredeisavoia.it\/savoia-experience-2\/"},"modified":"2026-01-14T11:22:21","modified_gmt":"2026-01-14T10:22:21","slug":"savoia-experience-2","status":"publish","type":"page","link":"https:\/\/www.leterredeisavoia.it\/fr\/savoia-experience-2\/","title":{"rendered":"L&rsquo;exp\u00e9rience Savoy"},"content":{"rendered":"<div class=\"wpb-content-wrapper\"><p>[vc_row css_animation=\u00a0\u00bb\u00a0\u00bb row_type=\u00a0\u00bbrow\u00a0\u00bb use_row_as_full_screen_section=\u00a0\u00bbno\u00a0\u00bb type=\u00a0\u00bbfull_width\u00a0\u00bb angled_section=\u00a0\u00bbno\u00a0\u00bb text_align=\u00a0\u00bbleft\u00a0\u00bb background_image_as_pattern=\u00a0\u00bbwithout_pattern\u00a0\u00bb][vc_column][rev_slider_vc alias=\u00a0\u00bbduchi-slider-1&Prime;][vc_empty_space][vc_row_inner row_type=\u00a0\u00bbrow\u00a0\u00bb type=\u00a0\u00bbfull_width\u00a0\u00bb text_align=\u00a0\u00bbleft\u00a0\u00bb css_animation=\u00a0\u00bb\u00a0\u00bb el_class=\u00a0\u00bbriga\u00a0\u00bb][vc_column_inner][vc_column_text el_class=\u00a0\u00bbtesto-riga\u00a0\u00bb]<\/p>\n<h2>Le projet<\/h2>\n<p>&nbsp;<\/p>\n<p>SavoiaExperience est un projet, financ\u00e9 dans le cadre du <strong>programme INTERREG ALCOTRA 2021-2027<\/strong>, qui vise \u00e0 cr\u00e9er une destination touristique et culturelle au c\u0153ur de l&rsquo;Europe autour de l&rsquo;histoire commune de la Maison de Savoie et en particulier de ses lieux embl\u00e9matiques et symboliques.<\/p>\n<p>Le partenariat, compos\u00e9 de deux entit\u00e9s italiennes (pi\u00e9montaises) et de deux entit\u00e9s fran\u00e7aises (savoyardes), a d\u00e9j\u00e0 coop\u00e9r\u00e9 et travaill\u00e9 ensemble avec succ\u00e8s dans le cadre du projet \u00ab\u00a0Les Ducs des Alpes\u00a0\u00bb, financ\u00e9 par le programme INTERREG ALCOTRA 2014-2020 :<\/p>\n<ul>\n<li><strong>Le D\u00e9partement de la Savoie<\/strong>, porteur du projet, appuy\u00e9 par la Direction des Archives, du Patrimoine et des Mus\u00e9es, qui g\u00e8re le Ch\u00e2teau de Chamb\u00e9ry et met en \u0153uvre depuis des ann\u00e9es une strat\u00e9gie de diversification et de coh\u00e9sion territoriale.<\/li>\n<li>L<strong>&lsquo;association Le Terre dei Savoia<\/strong>, porte-parole d&rsquo;un r\u00e9seau de 47 communes engag\u00e9es dans la valorisation de leur patrimoine, op\u00e8re dans un coin du Pi\u00e9mont situ\u00e9 entre les provinces de Cuneo, Asti et Turin qui a connu l&rsquo;influence de la dynastie des Savoie et qui conserve cinq sites dont quatre sont inscrits au patrimoine de l&rsquo;UNESCO (Govone, Pollenzo, Valcasotto, Racconigi et Moncalieri).<\/li>\n<li><strong>Le FAI-Fondo per l&rsquo;Ambiente Italiano<\/strong>, une fondation qui g\u00e8re de nombreux sites historiques, artistiques et naturels dans toute l&rsquo;Italie, dont le Castello della Manta, une forteresse m\u00e9di\u00e9vale transform\u00e9e en une somptueuse r\u00e9sidence par les marquis de Saluzzo, situ\u00e9e dans la province de Cuneo, avec une aile construite en l&rsquo;honneur de Carlo Emanuele I, duc de Savoie.<\/li>\n<li><strong>La Fondation Hautecombe<\/strong> est propri\u00e9taire de l&rsquo;abbaye du m\u00eame nom, n\u00e9cropole de la Maison de Savoie.<\/li>\n<\/ul>\n<p>Forts de leur exp\u00e9rience et en tant qu&rsquo;organisations ayant une vocation importante pour la protection des biens du patrimoine culturel li\u00e9e \u00e0 la valorisation, la promotion et le d\u00e9veloppement du tourisme et de la culture, ces partenaires pr\u00e9sentent un projet pour aller de l&rsquo;avant et relancer la dynamique de coop\u00e9ration transfrontali\u00e8re.<\/p>\n<p>L&rsquo;approche transfrontali\u00e8re est essentielle et permet de combiner une histoire commune, des comp\u00e9tences compl\u00e9mentaires et une offre unifi\u00e9e dans le but d&rsquo;accro\u00eetre la visibilit\u00e9 de la nouvelle destination sur le march\u00e9 du tourisme culturel, de favoriser l&rsquo;\u00e9change de comp\u00e9tences et de bonnes pratiques et d&rsquo;am\u00e9liorer la connaissance de l&rsquo;espace transfrontalier par les communaut\u00e9s locales. L&rsquo;objectif du projet est de d\u00e9velopper une nouvelle destination touristique en valorisant le patrimoine historique et culturel commun centr\u00e9 sur l&rsquo;histoire de la Maison de Savoie \u00e0 travers un circuit culturel transfrontalier. <\/p>\n<p>La n\u00e9cessit\u00e9 de renforcer la connaissance de ce patrimoine transfrontalier commun et de pouvoir le raconter de mani\u00e8re innovante a conduit \u00e0 la n\u00e9cessit\u00e9 de pr\u00e9senter ce projet.[\/vc_column_text][\/vc_column_inner][\/vc_row_inner][vc_empty_space][vc_empty_space][vc_row_inner row_type=\u00a0\u00bbrow\u00a0\u00bb type=\u00a0\u00bbfull_width\u00a0\u00bb text_align=\u00a0\u00bbleft\u00a0\u00bb css_animation=\u00a0\u00bb\u00a0\u00bb el_class=\u00a0\u00bbriga\u00a0\u00bb][vc_column_inner][vc_column_text el_class=\u00a0\u00bbtitolo-attivita\u00a0\u00bb]<\/p>\n<h2>Activit\u00e9s<\/h2>\n<p>[\/vc_column_text][\/vc_column_inner][\/vc_row_inner][vc_empty_space][vc_row_inner row_type=\u00a0\u00bbrow\u00a0\u00bb type=\u00a0\u00bbfull_width\u00a0\u00bb text_align=\u00a0\u00bbleft\u00a0\u00bb css_animation=\u00a0\u00bb\u00a0\u00bb el_class=\u00a0\u00bbslider-attivita\u00a0\u00bb][vc_column_inner][vc_single_image image=\u00a0\u00bb18051&Prime; img_size=\u00a0\u00bb1200&#215;600&Prime; qode_css_animation=\u00a0\u00bb\u00a0\u00bb][vc_empty_space][vc_column_text el_class=\u00a0\u00bbtesto-attivita\u00a0\u00bb]De mani\u00e8re innovante, le projet propose une<strong> approche int\u00e9gr\u00e9e<\/strong> visant \u00e0 cr\u00e9er un <strong>sentiment d&rsquo;appartenance<\/strong>, afin que la population locale puisse jouer le r\u00f4le de promoteur de cette nouvelle destination SavoyExperience, par le biais de visites, de sensibilisation et d&rsquo;\u00e9ducation des communaut\u00e9s locales.<\/p>\n<p>Par le biais d&rsquo;<strong>ateliers participatifs<\/strong> transfrontaliers <strong>, d&rsquo;<\/strong> \u00e9v\u00e9nements transfrontaliers li\u00e9s \u00e0 la culture sous ses multiples formes et l&rsquo;\u00e9tude d&rsquo;outils de communication communs, le projet vise \u00e0 renforcer la connaissance et la conscience de l&rsquo;offre commune du patrimoine culturel et historique de SavoieExperience gr\u00e2ce \u00e0 une int\u00e9gration accrue entre les op\u00e9rateurs de sites culturels et \u00e0 une am\u00e9lioration de leur capacit\u00e9 de narration.<\/p>\n<p>Enfin, <strong>le renforcement du circuit<\/strong> transfrontalier SavoieExp\u00e9rience de mani\u00e8re innovante et transfrontali\u00e8re se fera par la restauration du Ch\u00e2teau des Ducs de Savoie, de l&rsquo;Eglise de Hautecombe, du Ch\u00e2teau de Racconigi et du Ch\u00e2teau de La Manta, ainsi que par la cr\u00e9ation d&rsquo;un parcours de visite commun, gr\u00e2ce \u00e0 un billet cumulatif qui invitera \u00e0 la d\u00e9couverte des autres sites.<\/p>\n<p>Les r\u00e9sultats attendus sont : la formation d&rsquo;une <strong>citoyennet\u00e9 transfrontali\u00e8re plus connect\u00e9e et participative<\/strong> gr\u00e2ce \u00e0 des actions de sensibilisation et \u00e0 l&rsquo;identification d&rsquo;ambassadeurs territoriaux ; <strong>un patrimoine culturel transfrontalier plus connect\u00e9 et int\u00e9gr\u00e9<\/strong>; <strong>une offre touristique et culturelle renouvel\u00e9e<\/strong>, innovante dans l&rsquo;utilisation des outils num\u00e9riques et durable dans une perspective de slow tourisme.<\/p>\n<p>Il en r\u00e9sultera une augmentation cons\u00e9quente du nombre de visiteurs de la destination transfrontali\u00e8re, un renforcement de l&rsquo;identit\u00e9 territoriale dans la communaut\u00e9 transfrontali\u00e8re et une mise en valeur du patrimoine culturel et historique de la Savoie.[\/vc_column_text][\/vc_column_inner][\/vc_row_inner][vc_empty_space][vc_empty_space][vc_row_inner row_type=\u00a0\u00bbrow\u00a0\u00bb type=\u00a0\u00bbfull_width\u00a0\u00bb text_align=\u00a0\u00bbleft\u00a0\u00bb css_animation=\u00a0\u00bb\u00a0\u00bb el_class=\u00a0\u00bbslider-attivita\u00a0\u00bb][vc_column_inner][vc_empty_space][vc_column_text css=\u00a0\u00bb\u00a0\u00bb el_class=\u00a0\u00bbtesto-attivita\u00a0\u00bb]<\/p>\n<table class=\" alignright\">\n<tbody style=\"padding: 5px !important;\">\n<tr>\n<td><\/td>\n<td style=\"text-align: center; border: 1px solid black;\"><strong>Budget totale\/<\/strong><strong>Budget total<\/strong><\/td>\n<td style=\"text-align: center; border: 1px solid black;\"><strong>Contributo <\/strong><br \/>\n<strong>FESR FEDER<\/strong><\/td>\n<td style=\"text-align: center; border: 1px solid black;\"><strong>Contropartite<\/strong><strong>\/Contreparties<\/strong><\/td>\n<\/tr>\n<tr>\n<td style=\"text-align: left; border: 1px solid black;\"><strong>Italia \/ Italie<\/strong><\/td>\n<td style=\"border: 1px solid gray;\">\u20ac1.255.400<\/td>\n<td style=\"border: 1px solid gray;\">\u20ac1.004.320<\/td>\n<td style=\"border: 1px solid gray;\">\u20ac251.080<\/td>\n<\/tr>\n<tr>\n<td style=\"text-align: left; border: 1px solid black;\"><strong>Francia \/ France<\/strong><\/td>\n<td style=\"border: 1px solid gray;\">\u20ac1.380.450<\/td>\n<td style=\"border: 1px solid gray;\">\u20ac1.104.360<\/td>\n<td style=\"border: 1px solid gray;\">\u20ac276.090<\/td>\n<\/tr>\n<tr>\n<td style=\"text-align: left; border: 1px solid black;\"><strong>Totale \/ Total<\/strong><\/td>\n<td style=\"border: 1px solid gray;\">\u20ac2.635.850<\/td>\n<td style=\"border: 1px solid gray;\">\u20ac2.108.680<\/td>\n<td style=\"border: 1px solid gray;\">\u20ac527.170<\/td>\n<\/tr>\n<\/tbody>\n<\/table>\n<p>[\/vc_column_text][vc_empty_space][vc_empty_space][\/vc_column_inner][\/vc_row_inner][vc_row_inner row_type=\u00a0\u00bbrow\u00a0\u00bb type=\u00a0\u00bbfull_width\u00a0\u00bb text_align=\u00a0\u00bbleft\u00a0\u00bb css_animation=\u00a0\u00bb\u00a0\u00bb el_class=\u00a0\u00bbriga\u00a0\u00bb][vc_column_inner][vc_column_text el_class=\u00a0\u00bbtitolo-attivita\u00a0\u00bb]<\/p>\n<h2>Les partenaires<\/h2>\n<p>[\/vc_column_text][\/vc_column_inner][\/vc_row_inner][vc_empty_space][\/vc_column][\/vc_row][vc_row css_animation=\u00a0\u00bb\u00a0\u00bb row_type=\u00a0\u00bbrow\u00a0\u00bb use_row_as_full_screen_section=\u00a0\u00bbno\u00a0\u00bb type=\u00a0\u00bbfull_width\u00a0\u00bb angled_section=\u00a0\u00bbno\u00a0\u00bb text_align=\u00a0\u00bbleft\u00a0\u00bb background_image_as_pattern=\u00a0\u00bbwithout_pattern\u00a0\u00bb el_class=\u00a0\u00bbriga\u00a0\u00bb z_index=\u00a0\u00bb\u00a0\u00bb][vc_column width=\u00a0\u00bb1\/4&Prime;][vc_single_image image=\u00a0\u00bb2205&Prime; alignment=\u00a0\u00bbcenter\u00a0\u00bb style=\u00a0\u00bbvc_box_outline_circle_2&Prime; onclick=\u00a0\u00bbcustom_link\u00a0\u00bb qode_css_animation=\u00a0\u00bb\u00a0\u00bb el_class=\u00a0\u00bbimg-riga\u00a0\u00bb link=\u00a0\u00bbhttps:\/\/www.savoie.fr\/\u00a0\u00bb][\/vc_column][vc_column width=\u00a0\u00bb3\/4&Prime; el_class=\u00a0\u00bbcolonna-testo\u00a0\u00bb][vc_column_text el_class=\u00a0\u00bbtesto-riga\u00a0\u00bb]<\/p>\n<h2><b>D\u00c9PARTEMENT DE LA SAVOIE<\/b><\/h2>\n<p>&nbsp;<\/p>\n<p><strong>Le d\u00e9partement de la Savoie<\/strong> est une collectivit\u00e9 territoriale qui poursuit depuis de nombreuses ann\u00e9es une strat\u00e9gie de diversification et de coh\u00e9sion au sein de laquelle le tourisme culturel est un axe essentiel. Il a conduit de nombreux projets de d\u00e9veloppement touristique en inscrivant le tourisme culturel parmi les objectifs strat\u00e9giques des politiques d\u00e9partementales.[\/vc_column_text][\/vc_column][\/vc_row][vc_row css_animation=\u00a0\u00bb\u00a0\u00bb row_type=\u00a0\u00bbrow\u00a0\u00bb use_row_as_full_screen_section=\u00a0\u00bbno\u00a0\u00bb type=\u00a0\u00bbfull_width\u00a0\u00bb angled_section=\u00a0\u00bbno\u00a0\u00bb text_align=\u00a0\u00bbleft\u00a0\u00bb background_image_as_pattern=\u00a0\u00bbwithout_pattern\u00a0\u00bb el_class=\u00a0\u00bbriga\u00a0\u00bb z_index=\u00a0\u00bb\u00a0\u00bb][vc_column width=\u00a0\u00bb1\/4&Prime;][vc_single_image image=\u00a0\u00bb2220&Prime; alignment=\u00a0\u00bbcenter\u00a0\u00bb style=\u00a0\u00bbvc_box_outline_circle_2&Prime; qode_css_animation=\u00a0\u00bb\u00a0\u00bb el_class=\u00a0\u00bbimg-riga\u00a0\u00bb][\/vc_column][vc_column width=\u00a0\u00bb3\/4&Prime; el_class=\u00a0\u00bbcolonna-testo\u00a0\u00bb][vc_column_text el_class=\u00a0\u00bbtesto-riga\u00a0\u00bb]<\/p>\n<h2><b>LES TERRES DE SAVOIE<\/b><\/h2>\n<p>&nbsp;<\/p>\n<p><strong>Le Terre dei Savoia<\/strong> est une association \u00e0 but non lucratif reconnue par la r\u00e9gion du Pi\u00e9mont, dont le si\u00e8ge se trouve au ch\u00e2teau de Racconigi, et \u00e0 laquelle adh\u00e8rent environ 50 autorit\u00e9s locales. L&rsquo;association a pour objectif de valoriser la sp\u00e9cificit\u00e9 du territoire, le patrimoine culturel et naturel et les traditions de production d&rsquo;excellence.[\/vc_column_text][\/vc_column][\/vc_row][vc_row css_animation=\u00a0\u00bb\u00a0\u00bb row_type=\u00a0\u00bbrow\u00a0\u00bb use_row_as_full_screen_section=\u00a0\u00bbno\u00a0\u00bb type=\u00a0\u00bbfull_width\u00a0\u00bb angled_section=\u00a0\u00bbno\u00a0\u00bb text_align=\u00a0\u00bbleft\u00a0\u00bb background_image_as_pattern=\u00a0\u00bbwithout_pattern\u00a0\u00bb el_class=\u00a0\u00bbriga\u00a0\u00bb z_index=\u00a0\u00bb\u00a0\u00bb][vc_column width=\u00a0\u00bb1\/4&Prime;][vc_single_image image=\u00a0\u00bb2206&Prime; alignment=\u00a0\u00bbcenter\u00a0\u00bb style=\u00a0\u00bbvc_box_outline_circle_2&Prime; onclick=\u00a0\u00bbcustom_link\u00a0\u00bb qode_css_animation=\u00a0\u00bb\u00a0\u00bb el_class=\u00a0\u00bbimg-riga\u00a0\u00bb link=\u00a0\u00bbhttps:\/\/www.fondoambiente.it\/luoghi\/castello-della-manta\u00a0\u00bb][\/vc_column][vc_column width=\u00a0\u00bb3\/4&Prime; el_class=\u00a0\u00bbcolonna-testo\u00a0\u00bb][vc_column_text el_class=\u00a0\u00bbtesto-riga\u00a0\u00bb]<\/p>\n<h2><b>CH\u00c2TEAU DE MANTA<\/b><\/h2>\n<p>&nbsp;<\/p>\n<p><strong>Le Castello della Manta<\/strong>, si\u00e8ge op\u00e9rationnel du Fondo Ambiente Italiano depuis 1984, a d&rsquo;abord \u00e9t\u00e9 une forteresse militaire avant de devenir la r\u00e9sidence des marquis de Saluzzo, qui en sont rest\u00e9s propri\u00e9taires pendant plus de quatre cents ans, si\u00e8cles au cours desquels le ch\u00e2teau a subi plusieurs agrandissements et r\u00e9novations.[\/vc_column_text][\/vc_column][\/vc_row][vc_row css_animation=\u00a0\u00bb\u00a0\u00bb row_type=\u00a0\u00bbrow\u00a0\u00bb use_row_as_full_screen_section=\u00a0\u00bbno\u00a0\u00bb type=\u00a0\u00bbfull_width\u00a0\u00bb angled_section=\u00a0\u00bbno\u00a0\u00bb text_align=\u00a0\u00bbleft\u00a0\u00bb background_image_as_pattern=\u00a0\u00bbwithout_pattern\u00a0\u00bb el_class=\u00a0\u00bbriga\u00a0\u00bb z_index=\u00a0\u00bb\u00a0\u00bb][vc_column width=\u00a0\u00bb1\/4&Prime;][vc_single_image image=\u00a0\u00bb2207&Prime; alignment=\u00a0\u00bbcenter\u00a0\u00bb style=\u00a0\u00bbvc_box_outline_circle_2&Prime; onclick=\u00a0\u00bbcustom_link\u00a0\u00bb qode_css_animation=\u00a0\u00bb\u00a0\u00bb el_class=\u00a0\u00bbimg-riga\u00a0\u00bb link=\u00a0\u00bbhttps:\/\/www.chemin-neuf.fr\/fr\/aidez-nous\/5729aa45c445ec5a008b6dba\/fondation-d-hautecombe\u00a0\u00bb][\/vc_column][vc_column width=\u00a0\u00bb3\/4&Prime; el_class=\u00a0\u00bbcolonna-testo\u00a0\u00bb][vc_column_text el_class=\u00a0\u00bbtesto-riga\u00a0\u00bb]<\/p>\n<h2><b>FONDATION HAUTECOMBE<\/b><\/h2>\n<p>&nbsp;<\/p>\n<p>La <strong>Fondation Hautecombe<\/strong> a pour mission de prot\u00e9ger et d&rsquo;entretenir des b\u00e2timents class\u00e9s monuments historiques depuis 1875, de former des jeunes du monde entier et d&rsquo;accueillir des p\u00e8lerins et des visiteurs. Depuis 1992, la Fondation accueille un centre international de formation au service de la paix et de l&rsquo;unit\u00e9 dans le monde.[\/vc_column_text][\/vc_column][\/vc_row][vc_row css_animation=\u00a0\u00bb\u00a0\u00bb row_type=\u00a0\u00bbrow\u00a0\u00bb use_row_as_full_screen_section=\u00a0\u00bbno\u00a0\u00bb type=\u00a0\u00bbfull_width\u00a0\u00bb angled_section=\u00a0\u00bbno\u00a0\u00bb text_align=\u00a0\u00bbleft\u00a0\u00bb background_image_as_pattern=\u00a0\u00bbwithout_pattern\u00a0\u00bb][vc_column]<div class=\"qode-accordion-holder clearfix qode-toggle qode-initial \">\n\t<h2 class=\"clearfix qode-title-holder\">\n<span class=\"qode-tab-title\">\n\t    <span class=\"qode-tab-title-inner\">\n        T\u00e9l\u00e9charger le mat\u00e9riel    <\/span>\n<\/span>\n<span class=\"qode-accordion-mark\">\n    <span class=\"qode-accordion-mark-icon\">\n        <span class=\"icon_plus\"><\/span>\n        <span class=\"icon_minus-06\"><\/span>\n    <\/span>\n<\/span>\n<\/h2>\n<div  class=\"qode-accordion-content \" >\n    <div class=\"qode-accordion-content-inner\">\n            <\/div>\n<\/div><\/div>[\/vc_column][\/vc_row][vc_row css_animation=\u00a0\u00bb\u00a0\u00bb row_type=\u00a0\u00bbrow\u00a0\u00bb use_row_as_full_screen_section=\u00a0\u00bbno\u00a0\u00bb type=\u00a0\u00bbfull_width\u00a0\u00bb angled_section=\u00a0\u00bbno\u00a0\u00bb text_align=\u00a0\u00bbleft\u00a0\u00bb background_image_as_pattern=\u00a0\u00bbwithout_pattern\u00a0\u00bb][vc_column][vc_empty_space][\/vc_column][\/vc_row]<\/p>\n<\/div>","protected":false},"excerpt":{"rendered":"<p>[vc_row css_animation=\u00a0\u00bb\u00a0\u00bb row_type=\u00a0\u00bbrow\u00a0\u00bb use_row_as_full_screen_section=\u00a0\u00bbno\u00a0\u00bb type=\u00a0\u00bbfull_width\u00a0\u00bb angled_section=\u00a0\u00bbno\u00a0\u00bb text_align=\u00a0\u00bbleft\u00a0\u00bb background_image_as_pattern=\u00a0\u00bbwithout_pattern\u00a0\u00bb][vc_column][rev_slider_vc alias=\u00a0\u00bbduchi-slider-1&Prime;][vc_empty_space][vc_row_inner row_type=\u00a0\u00bbrow\u00a0\u00bb type=\u00a0\u00bbfull_width\u00a0\u00bb text_align=\u00a0\u00bbleft\u00a0\u00bb css_animation=\u00a0\u00bb\u00a0\u00bb el_class=\u00a0\u00bbriga\u00a0\u00bb][vc_column_inner][vc_column_text el_class=\u00a0\u00bbtesto-riga\u00a0\u00bb] Le projet &nbsp; SavoiaExperience est un projet, financ\u00e9 dans le cadre du programme INTERREG ALCOTRA 2021-2027, qui vise \u00e0 cr\u00e9er une destination touristique et culturelle au c\u0153ur de l&rsquo;Europe autour&#8230;<\/p>\n","protected":false},"author":1,"featured_media":0,"parent":0,"menu_order":0,"comment_status":"closed","ping_status":"closed","template":"","meta":{"footnotes":""},"class_list":["post-18130","page","type-page","status-publish","hentry"],"yoast_head":"<!-- This site is optimized with the Yoast SEO plugin v27.3 - https:\/\/yoast.com\/product\/yoast-seo-wordpress\/ -->\n<title>L&#039;exp\u00e9rience Savoy - Le Terre dei Savoia<\/title>\n<meta name=\"robots\" content=\"index, follow, max-snippet:-1, max-image-preview:large, max-video-preview:-1\" \/>\n<link rel=\"canonical\" href=\"https:\/\/www.leterredeisavoia.it\/fr\/savoia-experience-2\/\" \/>\n<meta property=\"og:locale\" content=\"fr_FR\" \/>\n<meta property=\"og:type\" content=\"article\" \/>\n<meta property=\"og:title\" content=\"L&#039;exp\u00e9rience Savoy - Le Terre dei Savoia\" \/>\n<meta property=\"og:description\" content=\"[vc_row css_animation=\u00a0\u00bb\u00a0\u00bb row_type=\u00a0\u00bbrow\u00a0\u00bb use_row_as_full_screen_section=\u00a0\u00bbno\u00a0\u00bb type=\u00a0\u00bbfull_width\u00a0\u00bb angled_section=\u00a0\u00bbno\u00a0\u00bb text_align=\u00a0\u00bbleft\u00a0\u00bb background_image_as_pattern=\u00a0\u00bbwithout_pattern\u00a0\u00bb][vc_column][rev_slider_vc alias=\u00a0\u00bbduchi-slider-1&Prime;][vc_empty_space][vc_row_inner row_type=\u00a0\u00bbrow\u00a0\u00bb type=\u00a0\u00bbfull_width\u00a0\u00bb text_align=\u00a0\u00bbleft\u00a0\u00bb css_animation=\u00a0\u00bb\u00a0\u00bb el_class=\u00a0\u00bbriga\u00a0\u00bb][vc_column_inner][vc_column_text el_class=\u00a0\u00bbtesto-riga\u00a0\u00bb] Le projet &nbsp; SavoiaExperience est un projet, financ\u00e9 dans le cadre du programme INTERREG ALCOTRA 2021-2027, qui vise \u00e0 cr\u00e9er une destination touristique et culturelle au c\u0153ur de l&rsquo;Europe autour...\" \/>\n<meta property=\"og:url\" content=\"https:\/\/www.leterredeisavoia.it\/fr\/savoia-experience-2\/\" \/>\n<meta property=\"og:site_name\" content=\"Le Terre dei Savoia\" \/>\n<meta property=\"article:modified_time\" content=\"2026-01-14T10:22:21+00:00\" \/>\n<meta name=\"twitter:card\" content=\"summary_large_image\" \/>\n<meta name=\"twitter:label1\" content=\"Dur\u00e9e de lecture estim\u00e9e\" \/>\n\t<meta name=\"twitter:data1\" content=\"6 minutes\" \/>\n<script type=\"application\/ld+json\" class=\"yoast-schema-graph\">{\"@context\":\"https:\\\/\\\/schema.org\",\"@graph\":[{\"@type\":\"WebPage\",\"@id\":\"https:\\\/\\\/www.leterredeisavoia.it\\\/fr\\\/savoia-experience-2\\\/\",\"url\":\"https:\\\/\\\/www.leterredeisavoia.it\\\/fr\\\/savoia-experience-2\\\/\",\"name\":\"L'exp\u00e9rience Savoy - Le Terre dei Savoia\",\"isPartOf\":{\"@id\":\"https:\\\/\\\/www.leterredeisavoia.it\\\/fr\\\/#website\"},\"datePublished\":\"2023-12-22T14:18:47+00:00\",\"dateModified\":\"2026-01-14T10:22:21+00:00\",\"breadcrumb\":{\"@id\":\"https:\\\/\\\/www.leterredeisavoia.it\\\/fr\\\/savoia-experience-2\\\/#breadcrumb\"},\"inLanguage\":\"fr-FR\",\"potentialAction\":[{\"@type\":\"ReadAction\",\"target\":[\"https:\\\/\\\/www.leterredeisavoia.it\\\/fr\\\/savoia-experience-2\\\/\"]}]},{\"@type\":\"BreadcrumbList\",\"@id\":\"https:\\\/\\\/www.leterredeisavoia.it\\\/fr\\\/savoia-experience-2\\\/#breadcrumb\",\"itemListElement\":[{\"@type\":\"ListItem\",\"position\":1,\"name\":\"Home\",\"item\":\"https:\\\/\\\/www.leterredeisavoia.it\\\/fr\\\/\"},{\"@type\":\"ListItem\",\"position\":2,\"name\":\"L&#8217;exp\u00e9rience Savoy\"}]},{\"@type\":\"WebSite\",\"@id\":\"https:\\\/\\\/www.leterredeisavoia.it\\\/fr\\\/#website\",\"url\":\"https:\\\/\\\/www.leterredeisavoia.it\\\/fr\\\/\",\"name\":\"Le Terre dei Savoia\",\"description\":\"\",\"potentialAction\":[{\"@type\":\"SearchAction\",\"target\":{\"@type\":\"EntryPoint\",\"urlTemplate\":\"https:\\\/\\\/www.leterredeisavoia.it\\\/fr\\\/?s={search_term_string}\"},\"query-input\":{\"@type\":\"PropertyValueSpecification\",\"valueRequired\":true,\"valueName\":\"search_term_string\"}}],\"inLanguage\":\"fr-FR\"}]}<\/script>\n<!-- \/ Yoast SEO plugin. -->","yoast_head_json":{"title":"L'exp\u00e9rience Savoy - Le Terre dei Savoia","robots":{"index":"index","follow":"follow","max-snippet":"max-snippet:-1","max-image-preview":"max-image-preview:large","max-video-preview":"max-video-preview:-1"},"canonical":"https:\/\/www.leterredeisavoia.it\/fr\/savoia-experience-2\/","og_locale":"fr_FR","og_type":"article","og_title":"L'exp\u00e9rience Savoy - Le Terre dei Savoia","og_description":"[vc_row css_animation=\u00a0\u00bb\u00a0\u00bb row_type=\u00a0\u00bbrow\u00a0\u00bb use_row_as_full_screen_section=\u00a0\u00bbno\u00a0\u00bb type=\u00a0\u00bbfull_width\u00a0\u00bb angled_section=\u00a0\u00bbno\u00a0\u00bb text_align=\u00a0\u00bbleft\u00a0\u00bb background_image_as_pattern=\u00a0\u00bbwithout_pattern\u00a0\u00bb][vc_column][rev_slider_vc alias=\u00a0\u00bbduchi-slider-1&Prime;][vc_empty_space][vc_row_inner row_type=\u00a0\u00bbrow\u00a0\u00bb type=\u00a0\u00bbfull_width\u00a0\u00bb text_align=\u00a0\u00bbleft\u00a0\u00bb css_animation=\u00a0\u00bb\u00a0\u00bb el_class=\u00a0\u00bbriga\u00a0\u00bb][vc_column_inner][vc_column_text el_class=\u00a0\u00bbtesto-riga\u00a0\u00bb] Le projet &nbsp; SavoiaExperience est un projet, financ\u00e9 dans le cadre du programme INTERREG ALCOTRA 2021-2027, qui vise \u00e0 cr\u00e9er une destination touristique et culturelle au c\u0153ur de l&rsquo;Europe autour...","og_url":"https:\/\/www.leterredeisavoia.it\/fr\/savoia-experience-2\/","og_site_name":"Le Terre dei Savoia","article_modified_time":"2026-01-14T10:22:21+00:00","twitter_card":"summary_large_image","twitter_misc":{"Dur\u00e9e de lecture estim\u00e9e":"6 minutes"},"schema":{"@context":"https:\/\/schema.org","@graph":[{"@type":"WebPage","@id":"https:\/\/www.leterredeisavoia.it\/fr\/savoia-experience-2\/","url":"https:\/\/www.leterredeisavoia.it\/fr\/savoia-experience-2\/","name":"L'exp\u00e9rience Savoy - Le Terre dei Savoia","isPartOf":{"@id":"https:\/\/www.leterredeisavoia.it\/fr\/#website"},"datePublished":"2023-12-22T14:18:47+00:00","dateModified":"2026-01-14T10:22:21+00:00","breadcrumb":{"@id":"https:\/\/www.leterredeisavoia.it\/fr\/savoia-experience-2\/#breadcrumb"},"inLanguage":"fr-FR","potentialAction":[{"@type":"ReadAction","target":["https:\/\/www.leterredeisavoia.it\/fr\/savoia-experience-2\/"]}]},{"@type":"BreadcrumbList","@id":"https:\/\/www.leterredeisavoia.it\/fr\/savoia-experience-2\/#breadcrumb","itemListElement":[{"@type":"ListItem","position":1,"name":"Home","item":"https:\/\/www.leterredeisavoia.it\/fr\/"},{"@type":"ListItem","position":2,"name":"L&#8217;exp\u00e9rience Savoy"}]},{"@type":"WebSite","@id":"https:\/\/www.leterredeisavoia.it\/fr\/#website","url":"https:\/\/www.leterredeisavoia.it\/fr\/","name":"Le Terre dei Savoia","description":"","potentialAction":[{"@type":"SearchAction","target":{"@type":"EntryPoint","urlTemplate":"https:\/\/www.leterredeisavoia.it\/fr\/?s={search_term_string}"},"query-input":{"@type":"PropertyValueSpecification","valueRequired":true,"valueName":"search_term_string"}}],"inLanguage":"fr-FR"}]}},"_links":{"self":[{"href":"https:\/\/www.leterredeisavoia.it\/fr\/wp-json\/wp\/v2\/pages\/18130","targetHints":{"allow":["GET"]}}],"collection":[{"href":"https:\/\/www.leterredeisavoia.it\/fr\/wp-json\/wp\/v2\/pages"}],"about":[{"href":"https:\/\/www.leterredeisavoia.it\/fr\/wp-json\/wp\/v2\/types\/page"}],"author":[{"embeddable":true,"href":"https:\/\/www.leterredeisavoia.it\/fr\/wp-json\/wp\/v2\/users\/1"}],"replies":[{"embeddable":true,"href":"https:\/\/www.leterredeisavoia.it\/fr\/wp-json\/wp\/v2\/comments?post=18130"}],"version-history":[{"count":34,"href":"https:\/\/www.leterredeisavoia.it\/fr\/wp-json\/wp\/v2\/pages\/18130\/revisions"}],"predecessor-version":[{"id":21604,"href":"https:\/\/www.leterredeisavoia.it\/fr\/wp-json\/wp\/v2\/pages\/18130\/revisions\/21604"}],"wp:attachment":[{"href":"https:\/\/www.leterredeisavoia.it\/fr\/wp-json\/wp\/v2\/media?parent=18130"}],"curies":[{"name":"wp","href":"https:\/\/api.w.org\/{rel}","templated":true}]}}