{"id":17238,"date":"2022-07-25T14:25:14","date_gmt":"2022-07-25T12:25:14","guid":{"rendered":"https:\/\/www.leterredeisavoia.it\/antes\/"},"modified":"2026-01-12T13:25:59","modified_gmt":"2026-01-12T12:25:59","slug":"antes","status":"publish","type":"page","link":"https:\/\/www.leterredeisavoia.it\/fr\/antes\/","title":{"rendered":"Antes"},"content":{"rendered":"<div class=\"wpb-content-wrapper\"><p>[vc_row css_animation=\u00a0\u00bb\u00a0\u00bb row_type=\u00a0\u00bbrow\u00a0\u00bb use_row_as_full_screen_section=\u00a0\u00bbno\u00a0\u00bb type=\u00a0\u00bbfull_width\u00a0\u00bb angled_section=\u00a0\u00bbno\u00a0\u00bb text_align=\u00a0\u00bbleft\u00a0\u00bb background_image_as_pattern=\u00a0\u00bbwithout_pattern\u00a0\u00bb][vc_column][rev_slider_vc alias=\u00a0\u00bbantea-slider-1&Prime;][vc_row_inner row_type=\u00a0\u00bbrow\u00a0\u00bb type=\u00a0\u00bbfull_width\u00a0\u00bb text_align=\u00a0\u00bbleft\u00a0\u00bb css_animation=\u00a0\u00bb\u00a0\u00bb el_class=\u00a0\u00bbriga\u00a0\u00bb][vc_column_inner][vc_column_text el_class=\u00a0\u00bbtesto-riga\u00a0\u00bb]<\/p>\n<h2>Le projet<\/h2>\n<p><span class=\"JsGRdQ\">Le projet <\/span><span class=\"JsGRdQ\">ANTES<\/span><span class=\"JsGRdQ\"> vise, dans le cadre de la planification des projets Pont des appels ALCOTRA, \u00e0 <\/span><strong><span class=\"JsGRdQ\">capitaliser<\/span><span class=\"JsGRdQ\">\u00a0les r\u00e9sultats et les activit\u00e9s <\/span><\/strong><span class=\"JsGRdQ\">produites lors du d\u00e9veloppement<\/span><strong><span class=\"JsGRdQ\"> des projets <\/span><span class=\"JsGRdQ\">ANTEA et ESSICA<\/span><\/strong><span class=\"JsGRdQ\"> r\u00e9cemment conclus. ANTES r\u00e9unit certains des partenaires impliqu\u00e9s <\/span>pr\u00e9c\u00e9demment<span class=\"JsGRdQ\">. <\/span><\/p>\n<p><span class=\"JsGRdQ\"><strong>ANTES exploite les synergies des deux projets pr\u00e9c\u00e9dents<\/strong> et l&rsquo;ensemble des r\u00e9sultats obtenus peut contribuer \u00e0 l<\/span><span class=\"JsGRdQ\">&lsquo;<strong>\u00e9largissement des connaissances et des possibilit\u00e9s de d\u00e9veloppement<\/strong> des deux compartiments <strong>des plantes aromatiques et des fleurs comestibles<\/strong> qui ont en commun diverses particularit\u00e9s<\/span><span class=\"JsGRdQ\">, comme la <\/span><span class=\"JsGRdQ\">culture durable<\/span><span class=\"JsGRdQ\">, le traitement pot-r\u00e9colte, l&#8217;emballage, les <\/span><span class=\"JsGRdQ\">caract\u00e9ristiques nutritionnelles et m\u00e9taboliques<\/span><span class=\"JsGRdQ\"> li\u00e9es \u00e0 la sant\u00e9 humaine<\/span><span class=\"JsGRdQ\">.<\/span><\/p>\n<p><a href=\"https:\/\/www.interregantea.eu\/about-us\/antes-project\">D\u00e9couvrez le projet ANTES<\/a><\/p>\n<p><a href=\"https:\/\/www.interregantea.eu\/about-us\/antea-project\">D\u00e9couvrez le projet ANTEA<\/a><\/p>\n<p><a href=\"https:\/\/www.interregantea.eu\/about-us\/essica-project\">D\u00e9couvrez le projet ESSICA<\/a>[\/vc_column_text][\/vc_column_inner][\/vc_row_inner][vc_row_inner row_type=\u00a0\u00bbrow\u00a0\u00bb type=\u00a0\u00bbfull_width\u00a0\u00bb text_align=\u00a0\u00bbleft\u00a0\u00bb css_animation=\u00a0\u00bb\u00a0\u00bb el_class=\u00a0\u00bbriga\u00a0\u00bb][vc_column_inner][vc_column_text el_class=\u00a0\u00bbtitolo-attivita\u00a0\u00bb css=\u00a0\u00bb.vc_custom_1659045690920{padding-bottom: 20px !important;}\u00a0\u00bb]<\/p>\n<h2>ACTIVIT\u00c9S<\/h2>\n<p>Les objectifs du projet Antes sont les suivants:<\/p>\n<ul>\n<li><strong>Capitalisation<\/strong> des r\u00e9sultats obtenus dans les pr\u00e9c\u00e9dents projets <strong>ANTEA et ESSICA<\/strong>;<\/li>\n<li><strong> cr\u00e9ation d\u2019un mod\u00e8le<\/strong> utile \u00e0 d\u2019autres fili\u00e8res agroalimentaires \u00e9mergentes;<\/li>\n<li><strong>Promotion et formation des petites et moyennes entreprises<\/strong> de la r\u00e9gion (entreprises agricoles et de restauration);<\/li>\n<li>expansion des activit\u00e9s transversales: <strong>l&rsquo;<\/strong><strong>\u00e9largissement de l&rsquo;offre de production <\/strong> de fleurs comestibles, l&rsquo;utilisation des <strong>eaux constitutionnelles<\/strong> pour le secteur des herbes<\/li>\n<li>Renforcement de la durabilit\u00e9 de la production vers une perspective d&rsquo;\u00e9conomie circulaire et de remplacement des emballages conventionnels par des analogues compostables ou biod\u00e9gradables;<\/li>\n<li>atteindre de <strong>nouveaux acteurs<\/strong><\/li>\n<li>identifier les <strong>\u00e9coles de restauration, les restaurants et les consommateurs <\/strong>comme les <strong>destinataires de la diffusion des aspects alimentaires et gastronomiques de la fili\u00e8re<\/strong>.<\/li>\n<\/ul>\n<p>[\/vc_column_text][\/vc_column_inner][\/vc_row_inner][vc_row_inner row_type=\u00a0\u00bbrow\u00a0\u00bb type=\u00a0\u00bbfull_width\u00a0\u00bb text_align=\u00a0\u00bbleft\u00a0\u00bb css_animation=\u00a0\u00bb\u00a0\u00bb el_class=\u00a0\u00bbslider-attivita\u00a0\u00bb][vc_column_inner][vc_single_image image=\u00a0\u00bb16881&Prime; img_size=\u00a0\u00bb1200&#215;600&Prime; qode_css_animation=\u00a0\u00bb\u00a0\u00bb][\/vc_column_inner][\/vc_row_inner][vc_row_inner row_type=\u00a0\u00bbrow\u00a0\u00bb type=\u00a0\u00bbfull_width\u00a0\u00bb text_align=\u00a0\u00bbleft\u00a0\u00bb css_animation=\u00a0\u00bb\u00a0\u00bb el_class=\u00a0\u00bbriga\u00a0\u00bb][vc_column_inner][vc_column_text el_class=\u00a0\u00bbtitolo-attivita\u00a0\u00bb]<\/p>\n<h2>Les partenaires<\/h2>\n<p>[\/vc_column_text][\/vc_column_inner][\/vc_row_inner][\/vc_column][\/vc_row][vc_row css_animation=\u00a0\u00bb\u00a0\u00bb row_type=\u00a0\u00bbrow\u00a0\u00bb use_row_as_full_screen_section=\u00a0\u00bbno\u00a0\u00bb type=\u00a0\u00bbfull_width\u00a0\u00bb angled_section=\u00a0\u00bbno\u00a0\u00bb text_align=\u00a0\u00bbleft\u00a0\u00bb background_image_as_pattern=\u00a0\u00bbwithout_pattern\u00a0\u00bb el_class=\u00a0\u00bbriga\u00a0\u00bb z_index=\u00a0\u00bb\u00a0\u00bb][vc_column width=\u00a0\u00bb1\/4&Prime;][vc_single_image image=\u00a0\u00bb2220&Prime; alignment=\u00a0\u00bbcenter\u00a0\u00bb style=\u00a0\u00bbvc_box_outline_circle_2&Prime; qode_css_animation=\u00a0\u00bb\u00a0\u00bb el_class=\u00a0\u00bbimg-riga\u00a0\u00bb][\/vc_column][vc_column width=\u00a0\u00bb3\/4&Prime; el_class=\u00a0\u00bbcolonna-testo\u00a0\u00bb][vc_column_text el_class=\u00a0\u00bbtesto-riga\u00a0\u00bb]<\/p>\n<h2><b>LE TERRE DEI SAVOIA<\/b><\/h2>\n<p>Terre dei Savoia collabore \u00e0 la communication et \u00e0 la diffusion de toutes les activit\u00e9s du projet ANTES.[\/vc_column_text][\/vc_column][\/vc_row][vc_row css_animation=\u00a0\u00bb\u00a0\u00bb row_type=\u00a0\u00bbrow\u00a0\u00bb use_row_as_full_screen_section=\u00a0\u00bbno\u00a0\u00bb type=\u00a0\u00bbfull_width\u00a0\u00bb angled_section=\u00a0\u00bbno\u00a0\u00bb text_align=\u00a0\u00bbleft\u00a0\u00bb background_image_as_pattern=\u00a0\u00bbwithout_pattern\u00a0\u00bb el_class=\u00a0\u00bbriga\u00a0\u00bb z_index=\u00a0\u00bb\u00a0\u00bb][vc_column width=\u00a0\u00bb1\/4&Prime;][vc_single_image image=\u00a0\u00bb3120&Prime; alignment=\u00a0\u00bbcenter\u00a0\u00bb style=\u00a0\u00bbvc_box_outline_circle_2&Prime; onclick=\u00a0\u00bbcustom_link\u00a0\u00bb img_link_target=\u00a0\u00bb_blank\u00a0\u00bb qode_css_animation=\u00a0\u00bb\u00a0\u00bb el_class=\u00a0\u00bbimg-riga\u00a0\u00bb link=\u00a0\u00bbhttps:\/\/www.crea.gov.it\/home\u00a0\u00bb][\/vc_column][vc_column width=\u00a0\u00bb3\/4&Prime; el_class=\u00a0\u00bbcolonna-testo\u00a0\u00bb][vc_column_text el_class=\u00a0\u00bbtesto-riga\u00a0\u00bb]<\/p>\n<h2><b>CREA<\/b><\/h2>\n<p>Unit\u00e9 de Recherche Horticulture et P\u00e9pini\u00e8res CREA &#8211; Si\u00e8ge de Sanremo &#8211; chef de file du projet[\/vc_column_text][\/vc_column][\/vc_row][vc_row css_animation=\u00a0\u00bb\u00a0\u00bb row_type=\u00a0\u00bbrow\u00a0\u00bb use_row_as_full_screen_section=\u00a0\u00bbno\u00a0\u00bb type=\u00a0\u00bbfull_width\u00a0\u00bb angled_section=\u00a0\u00bbno\u00a0\u00bb text_align=\u00a0\u00bbleft\u00a0\u00bb background_image_as_pattern=\u00a0\u00bbwithout_pattern\u00a0\u00bb el_class=\u00a0\u00bbriga\u00a0\u00bb z_index=\u00a0\u00bb\u00a0\u00bb][vc_column width=\u00a0\u00bb1\/4&Prime;][vc_single_image image=\u00a0\u00bb16878&Prime; alignment=\u00a0\u00bbcenter\u00a0\u00bb style=\u00a0\u00bbvc_box_outline_circle_2&Prime; onclick=\u00a0\u00bbcustom_link\u00a0\u00bb img_link_target=\u00a0\u00bb_blank\u00a0\u00bb qode_css_animation=\u00a0\u00bb\u00a0\u00bb el_class=\u00a0\u00bbimg-riga\u00a0\u00bb link=\u00a0\u00bbhttps:\/\/www.cersaa.it\/\u00a0\u00bb][\/vc_column][vc_column width=\u00a0\u00bb3\/4&Prime; el_class=\u00a0\u00bbcolonna-testo\u00a0\u00bb][vc_column_text el_class=\u00a0\u00bbtesto-riga\u00a0\u00bb]<\/p>\n<h2><b>CERSAA<\/b><\/h2>\n<p>Centre d&rsquo;Exp\u00e9rimentation et d&rsquo;Assistance Agricoles de Albenga[\/vc_column_text][\/vc_column][\/vc_row][vc_row css_animation=\u00a0\u00bb\u00a0\u00bb row_type=\u00a0\u00bbrow\u00a0\u00bb use_row_as_full_screen_section=\u00a0\u00bbno\u00a0\u00bb type=\u00a0\u00bbfull_width\u00a0\u00bb angled_section=\u00a0\u00bbno\u00a0\u00bb text_align=\u00a0\u00bbleft\u00a0\u00bb background_image_as_pattern=\u00a0\u00bbwithout_pattern\u00a0\u00bb el_class=\u00a0\u00bbriga\u00a0\u00bb z_index=\u00a0\u00bb\u00a0\u00bb][vc_column width=\u00a0\u00bb1\/4&Prime;][vc_single_image image=\u00a0\u00bb3128&Prime; alignment=\u00a0\u00bbcenter\u00a0\u00bb style=\u00a0\u00bbvc_box_outline_circle_2&Prime; onclick=\u00a0\u00bbcustom_link\u00a0\u00bb img_link_target=\u00a0\u00bb_blank\u00a0\u00bb qode_css_animation=\u00a0\u00bb\u00a0\u00bb el_class=\u00a0\u00bbimg-riga\u00a0\u00bb link=\u00a0\u00bbhttps:%2F%2Fwww.disafa.unito.it%2Fdo%2Fhome.pl|\u00a0\u00bb][\/vc_column][vc_column width=\u00a0\u00bb3\/4&Prime; el_class=\u00a0\u00bbcolonna-testo\u00a0\u00bb][vc_column_text el_class=\u00a0\u00bbtesto-riga\u00a0\u00bb]<\/p>\n<h2><b>DISAFA<\/b><\/h2>\n<p>Universit\u00e9 de Turin, D\u00e9partement des Sciences Agricoles, Foresti\u00e8res et Alimentaires (UNI &#8211; DISAFA), Italie[\/vc_column_text][\/vc_column][\/vc_row][vc_row css_animation=\u00a0\u00bb\u00a0\u00bb row_type=\u00a0\u00bbrow\u00a0\u00bb use_row_as_full_screen_section=\u00a0\u00bbno\u00a0\u00bb type=\u00a0\u00bbfull_width\u00a0\u00bb angled_section=\u00a0\u00bbno\u00a0\u00bb text_align=\u00a0\u00bbleft\u00a0\u00bb background_image_as_pattern=\u00a0\u00bbwithout_pattern\u00a0\u00bb el_class=\u00a0\u00bbriga\u00a0\u00bb z_index=\u00a0\u00bb\u00a0\u00bb][vc_column width=\u00a0\u00bb1\/4&Prime;][vc_single_image image=\u00a0\u00bb3132&Prime; alignment=\u00a0\u00bbcenter\u00a0\u00bb style=\u00a0\u00bbvc_box_outline_circle_2&Prime; onclick=\u00a0\u00bbcustom_link\u00a0\u00bb img_link_target=\u00a0\u00bb_blank\u00a0\u00bb qode_css_animation=\u00a0\u00bb\u00a0\u00bb el_class=\u00a0\u00bbimg-riga\u00a0\u00bb link=\u00a0\u00bbhttps:%2F%2Funige.it%2Fit%2F|\u00a0\u00bb][\/vc_column][vc_column width=\u00a0\u00bb3\/4&Prime; el_class=\u00a0\u00bbcolonna-testo\u00a0\u00bb][vc_column_text el_class=\u00a0\u00bbtesto-riga\u00a0\u00bb]<\/p>\n<h2><strong>UNIVERSIT\u00c9 DES \u00c9TUDES DE GENOVA<\/strong><\/h2>\n<p>DIFAR, DITEN[\/vc_column_text][\/vc_column][\/vc_row][vc_row css_animation=\u00a0\u00bb\u00a0\u00bb row_type=\u00a0\u00bbrow\u00a0\u00bb use_row_as_full_screen_section=\u00a0\u00bbno\u00a0\u00bb type=\u00a0\u00bbfull_width\u00a0\u00bb angled_section=\u00a0\u00bbno\u00a0\u00bb text_align=\u00a0\u00bbleft\u00a0\u00bb background_image_as_pattern=\u00a0\u00bbwithout_pattern\u00a0\u00bb el_class=\u00a0\u00bbriga\u00a0\u00bb z_index=\u00a0\u00bb\u00a0\u00bb][vc_column width=\u00a0\u00bb1\/4&Prime;][vc_single_image image=\u00a0\u00bb3136&Prime; alignment=\u00a0\u00bbcenter\u00a0\u00bb style=\u00a0\u00bbvc_box_outline_circle_2&Prime; onclick=\u00a0\u00bbcustom_link\u00a0\u00bb img_link_target=\u00a0\u00bb_blank\u00a0\u00bb qode_css_animation=\u00a0\u00bb\u00a0\u00bb el_class=\u00a0\u00bbimg-riga\u00a0\u00bb link=\u00a0\u00bbhttps:%2F%2Fpaca.chambres-agriculture.fr%2Fles-actualites-proches-de-vous%2Fdetail-de-lactualite%2Factualites%2Fcream-un-partenariat-fort-entre-lastredhor-et-la-chambre-dagriculture-06%2F|\u00a0\u00bb][\/vc_column][vc_column width=\u00a0\u00bb3\/4&Prime; el_class=\u00a0\u00bbcolonna-testo\u00a0\u00bb][vc_column_text el_class=\u00a0\u00bbtesto-riga\u00a0\u00bb]<\/p>\n<h2><strong>CREAM<\/strong><\/h2>\n<p>Chambre d\u2019Agriculture des Alpes Maritimes<\/p>\n<p>[\/vc_column_text][\/vc_column][\/vc_row][vc_row css_animation=\u00a0\u00bb\u00a0\u00bb row_type=\u00a0\u00bbrow\u00a0\u00bb use_row_as_full_screen_section=\u00a0\u00bbno\u00a0\u00bb type=\u00a0\u00bbfull_width\u00a0\u00bb angled_section=\u00a0\u00bbno\u00a0\u00bb text_align=\u00a0\u00bbleft\u00a0\u00bb background_image_as_pattern=\u00a0\u00bbwithout_pattern\u00a0\u00bb][vc_column]<div class=\"qode-accordion-holder clearfix qode-toggle qode-initial \">\n\t<h2 class=\"clearfix qode-title-holder\">\n<span class=\"qode-tab-title\">\n\t    <span class=\"qode-tab-title-inner\">\n        Documents    <\/span>\n<\/span>\n<span class=\"qode-accordion-mark\">\n    <span class=\"qode-accordion-mark-icon\">\n        <span class=\"icon_plus\"><\/span>\n        <span class=\"icon_minus-06\"><\/span>\n    <\/span>\n<\/span>\n<\/h2>\n<div  class=\"qode-accordion-content \" >\n    <div class=\"qode-accordion-content-inner\">\n            <\/div>\n<\/div><h2 class=\"clearfix qode-title-holder\">\n<span class=\"qode-tab-title\">\n\t    <span class=\"qode-tab-title-inner\">\n        Espace de presse    <\/span>\n<\/span>\n<span class=\"qode-accordion-mark\">\n    <span class=\"qode-accordion-mark-icon\">\n        <span class=\"icon_plus\"><\/span>\n        <span class=\"icon_minus-06\"><\/span>\n    <\/span>\n<\/span>\n<\/h2>\n<div  class=\"qode-accordion-content \" >\n    <div class=\"qode-accordion-content-inner\">\n        [vc_column_text]<a href=\"https:\/\/www.leterredeisavoia.it\/wp-content\/uploads\/2023\/02\/CS-Assemble\u0301e-2022-Tds.docx\">Communiqu\u00e9 de presse\u00a0 &#8211; 02\/04\/2022<\/a><\/p>\n<p><a href=\"https:\/\/www.leterredeisavoia.it\/wp-content\/uploads\/2023\/02\/CS_10_ANTES.docx\">Communiqu\u00e9 de presse COPIL &#8211; 26\/07\/2022<\/a><\/p>\n<p><a href=\"https:\/\/www.leterredeisavoia.it\/wp-content\/uploads\/2023\/02\/De\u0301gustation-di\u0302ner-20-01-23.docx\">Communiqu\u00e9 de presse rencontres de\u00a0formation sur l\u2019utilisation des fleurs comestibles dans la cuisine et d\u00eener-d\u00e9gustation 20\/01\/2023<\/a><\/p>\n<p><a href=\"https:\/\/www.leterredeisavoia.it\/wp-content\/uploads\/2023\/02\/De\u0301gustation-di\u0302ner-24-02-23.docx\">Communiqu\u00e9 de presse d\u00eener-d\u00e9gustation 24\/02\/2023<\/a><\/p>\n<p><a href=\"https:\/\/www.leterredeisavoia.it\/wp-content\/uploads\/2023\/03\/C.S.-EVENTO-FINALE-ANTES-copia.docx\">Communiqu\u00e9 de presse lancement \u00e9v\u00e9nement finale antes<\/a><\/p>\n<p><a href=\"https:\/\/www.leterredeisavoia.it\/wp-content\/uploads\/2023\/03\/Communique\u0301-de-presse-e\u0301ve\u0301nement-final-antes.docx\">Communique\u0301 de presse e\u0301ve\u0301nement final antes<\/a>[\/vc_column_text]    <\/div>\n<\/div><h2 class=\"clearfix qode-title-holder\">\n<span class=\"qode-tab-title\">\n\t    <span class=\"qode-tab-title-inner\">\n        Mat\u00e9riel de communication    <\/span>\n<\/span>\n<span class=\"qode-accordion-mark\">\n    <span class=\"qode-accordion-mark-icon\">\n        <span class=\"icon_plus\"><\/span>\n        <span class=\"icon_minus-06\"><\/span>\n    <\/span>\n<\/span>\n<\/h2>\n<div  class=\"qode-accordion-content \" >\n    <div class=\"qode-accordion-content-inner\">\n        [vc_column_text]<a href=\"https:\/\/www.leterredeisavoia.it\/wp-content\/uploads\/2022\/07\/POSTER-ANTES-ITA-2.pdf\">Affiche du projet italien<\/a><\/p>\n<p><a href=\"https:\/\/www.leterredeisavoia.it\/wp-content\/uploads\/2022\/07\/POSTER-ANTES-FRA-2.pdf\">Affiche du projet fran\u00e7ais<\/a><\/p>\n<p><a href=\"https:\/\/www.leterredeisavoia.it\/wp-content\/uploads\/2022\/07\/Brochure-Antes.pdf\">Brochure ANTES<\/a><\/p>\n<p><a href=\"https:\/\/www.leterredeisavoia.it\/wp-content\/uploads\/2023\/02\/FR-DEGUSTAZIONE-FIORI-EDULI-20-GENNAIO-2023.pdf\">Affiche d\u00eener-d\u00e9gustation 20\/01\/23<\/a><\/p>\n<p><a href=\"https:\/\/www.leterredeisavoia.it\/wp-content\/uploads\/2023\/02\/FR-LOCANDINA-DEGUSTAZIONE-COLLEGNO-24-02-23.pdf\">Affiche d\u00eener-d\u00e9gustation 24\/02\/23<\/a><\/p>\n<p><a href=\"https:\/\/www.leterredeisavoia.it\/wp-content\/uploads\/2023\/02\/EVENTO-FINALE-ANTES-FRA.pdf\">Affiche lancement de l\u2019\u00e9v\u00e9nement final 15\/03\/23<\/a><\/p>\n<p><a href=\"https:\/\/www.leterredeisavoia.it\/wp-content\/uploads\/2023\/03\/LOCANDINA-EVENTO-FINASLE-ANTES-mod.pdf\">Affiche officielle \u00e9v\u00e9nement final 15\/03\/23<\/a><\/p>\n<p>[\/vc_column_text]    <\/div>\n<\/div><\/div>[vc_column_text]\u00a0[\/vc_column_text][\/vc_column][\/vc_row]<\/p>\n<\/div>","protected":false},"excerpt":{"rendered":"<p>[vc_row css_animation=\u00a0\u00bb\u00a0\u00bb row_type=\u00a0\u00bbrow\u00a0\u00bb use_row_as_full_screen_section=\u00a0\u00bbno\u00a0\u00bb type=\u00a0\u00bbfull_width\u00a0\u00bb angled_section=\u00a0\u00bbno\u00a0\u00bb text_align=\u00a0\u00bbleft\u00a0\u00bb background_image_as_pattern=\u00a0\u00bbwithout_pattern\u00a0\u00bb][vc_column][rev_slider_vc alias=\u00a0\u00bbantea-slider-1&Prime;][vc_row_inner row_type=\u00a0\u00bbrow\u00a0\u00bb type=\u00a0\u00bbfull_width\u00a0\u00bb text_align=\u00a0\u00bbleft\u00a0\u00bb css_animation=\u00a0\u00bb\u00a0\u00bb el_class=\u00a0\u00bbriga\u00a0\u00bb][vc_column_inner][vc_column_text el_class=\u00a0\u00bbtesto-riga\u00a0\u00bb] Le projet Le projet ANTES vise, dans le cadre de la planification des projets Pont des appels ALCOTRA, \u00e0 capitaliser\u00a0les r\u00e9sultats et les activit\u00e9s produites lors du d\u00e9veloppement des projets&#8230;<\/p>\n","protected":false},"author":1,"featured_media":0,"parent":0,"menu_order":0,"comment_status":"closed","ping_status":"closed","template":"","meta":{"footnotes":""},"class_list":["post-17238","page","type-page","status-publish","hentry"],"yoast_head":"<!-- This site is optimized with the Yoast SEO plugin v27.3 - https:\/\/yoast.com\/product\/yoast-seo-wordpress\/ -->\n<title>Antes - Le Terre dei Savoia<\/title>\n<meta name=\"robots\" content=\"index, follow, max-snippet:-1, max-image-preview:large, max-video-preview:-1\" \/>\n<link rel=\"canonical\" href=\"https:\/\/www.leterredeisavoia.it\/fr\/antes\/\" \/>\n<meta property=\"og:locale\" content=\"fr_FR\" \/>\n<meta property=\"og:type\" content=\"article\" \/>\n<meta property=\"og:title\" content=\"Antes - Le Terre dei Savoia\" \/>\n<meta property=\"og:description\" content=\"[vc_row css_animation=\u00a0\u00bb\u00a0\u00bb row_type=\u00a0\u00bbrow\u00a0\u00bb use_row_as_full_screen_section=\u00a0\u00bbno\u00a0\u00bb type=\u00a0\u00bbfull_width\u00a0\u00bb angled_section=\u00a0\u00bbno\u00a0\u00bb text_align=\u00a0\u00bbleft\u00a0\u00bb background_image_as_pattern=\u00a0\u00bbwithout_pattern\u00a0\u00bb][vc_column][rev_slider_vc alias=\u00a0\u00bbantea-slider-1&Prime;][vc_row_inner row_type=\u00a0\u00bbrow\u00a0\u00bb type=\u00a0\u00bbfull_width\u00a0\u00bb text_align=\u00a0\u00bbleft\u00a0\u00bb css_animation=\u00a0\u00bb\u00a0\u00bb el_class=\u00a0\u00bbriga\u00a0\u00bb][vc_column_inner][vc_column_text el_class=\u00a0\u00bbtesto-riga\u00a0\u00bb] Le projet Le projet ANTES vise, dans le cadre de la planification des projets Pont des appels ALCOTRA, \u00e0 capitaliser\u00a0les r\u00e9sultats et les activit\u00e9s produites lors du d\u00e9veloppement des projets...\" \/>\n<meta property=\"og:url\" content=\"https:\/\/www.leterredeisavoia.it\/fr\/antes\/\" \/>\n<meta property=\"og:site_name\" content=\"Le Terre dei Savoia\" \/>\n<meta property=\"article:modified_time\" content=\"2026-01-12T12:25:59+00:00\" \/>\n<meta name=\"twitter:card\" content=\"summary_large_image\" \/>\n<meta name=\"twitter:label1\" content=\"Dur\u00e9e de lecture estim\u00e9e\" \/>\n\t<meta name=\"twitter:data1\" content=\"3 minutes\" \/>\n<script type=\"application\/ld+json\" class=\"yoast-schema-graph\">{\"@context\":\"https:\\\/\\\/schema.org\",\"@graph\":[{\"@type\":\"WebPage\",\"@id\":\"https:\\\/\\\/www.leterredeisavoia.it\\\/fr\\\/antes\\\/\",\"url\":\"https:\\\/\\\/www.leterredeisavoia.it\\\/fr\\\/antes\\\/\",\"name\":\"Antes - Le Terre dei Savoia\",\"isPartOf\":{\"@id\":\"https:\\\/\\\/www.leterredeisavoia.it\\\/fr\\\/#website\"},\"datePublished\":\"2022-07-25T12:25:14+00:00\",\"dateModified\":\"2026-01-12T12:25:59+00:00\",\"breadcrumb\":{\"@id\":\"https:\\\/\\\/www.leterredeisavoia.it\\\/fr\\\/antes\\\/#breadcrumb\"},\"inLanguage\":\"fr-FR\",\"potentialAction\":[{\"@type\":\"ReadAction\",\"target\":[\"https:\\\/\\\/www.leterredeisavoia.it\\\/fr\\\/antes\\\/\"]}]},{\"@type\":\"BreadcrumbList\",\"@id\":\"https:\\\/\\\/www.leterredeisavoia.it\\\/fr\\\/antes\\\/#breadcrumb\",\"itemListElement\":[{\"@type\":\"ListItem\",\"position\":1,\"name\":\"Home\",\"item\":\"https:\\\/\\\/www.leterredeisavoia.it\\\/fr\\\/\"},{\"@type\":\"ListItem\",\"position\":2,\"name\":\"Antes\"}]},{\"@type\":\"WebSite\",\"@id\":\"https:\\\/\\\/www.leterredeisavoia.it\\\/fr\\\/#website\",\"url\":\"https:\\\/\\\/www.leterredeisavoia.it\\\/fr\\\/\",\"name\":\"Le Terre dei Savoia\",\"description\":\"\",\"potentialAction\":[{\"@type\":\"SearchAction\",\"target\":{\"@type\":\"EntryPoint\",\"urlTemplate\":\"https:\\\/\\\/www.leterredeisavoia.it\\\/fr\\\/?s={search_term_string}\"},\"query-input\":{\"@type\":\"PropertyValueSpecification\",\"valueRequired\":true,\"valueName\":\"search_term_string\"}}],\"inLanguage\":\"fr-FR\"}]}<\/script>\n<!-- \/ Yoast SEO plugin. -->","yoast_head_json":{"title":"Antes - Le Terre dei Savoia","robots":{"index":"index","follow":"follow","max-snippet":"max-snippet:-1","max-image-preview":"max-image-preview:large","max-video-preview":"max-video-preview:-1"},"canonical":"https:\/\/www.leterredeisavoia.it\/fr\/antes\/","og_locale":"fr_FR","og_type":"article","og_title":"Antes - Le Terre dei Savoia","og_description":"[vc_row css_animation=\u00a0\u00bb\u00a0\u00bb row_type=\u00a0\u00bbrow\u00a0\u00bb use_row_as_full_screen_section=\u00a0\u00bbno\u00a0\u00bb type=\u00a0\u00bbfull_width\u00a0\u00bb angled_section=\u00a0\u00bbno\u00a0\u00bb text_align=\u00a0\u00bbleft\u00a0\u00bb background_image_as_pattern=\u00a0\u00bbwithout_pattern\u00a0\u00bb][vc_column][rev_slider_vc alias=\u00a0\u00bbantea-slider-1&Prime;][vc_row_inner row_type=\u00a0\u00bbrow\u00a0\u00bb type=\u00a0\u00bbfull_width\u00a0\u00bb text_align=\u00a0\u00bbleft\u00a0\u00bb css_animation=\u00a0\u00bb\u00a0\u00bb el_class=\u00a0\u00bbriga\u00a0\u00bb][vc_column_inner][vc_column_text el_class=\u00a0\u00bbtesto-riga\u00a0\u00bb] Le projet Le projet ANTES vise, dans le cadre de la planification des projets Pont des appels ALCOTRA, \u00e0 capitaliser\u00a0les r\u00e9sultats et les activit\u00e9s produites lors du d\u00e9veloppement des projets...","og_url":"https:\/\/www.leterredeisavoia.it\/fr\/antes\/","og_site_name":"Le Terre dei Savoia","article_modified_time":"2026-01-12T12:25:59+00:00","twitter_card":"summary_large_image","twitter_misc":{"Dur\u00e9e de lecture estim\u00e9e":"3 minutes"},"schema":{"@context":"https:\/\/schema.org","@graph":[{"@type":"WebPage","@id":"https:\/\/www.leterredeisavoia.it\/fr\/antes\/","url":"https:\/\/www.leterredeisavoia.it\/fr\/antes\/","name":"Antes - Le Terre dei Savoia","isPartOf":{"@id":"https:\/\/www.leterredeisavoia.it\/fr\/#website"},"datePublished":"2022-07-25T12:25:14+00:00","dateModified":"2026-01-12T12:25:59+00:00","breadcrumb":{"@id":"https:\/\/www.leterredeisavoia.it\/fr\/antes\/#breadcrumb"},"inLanguage":"fr-FR","potentialAction":[{"@type":"ReadAction","target":["https:\/\/www.leterredeisavoia.it\/fr\/antes\/"]}]},{"@type":"BreadcrumbList","@id":"https:\/\/www.leterredeisavoia.it\/fr\/antes\/#breadcrumb","itemListElement":[{"@type":"ListItem","position":1,"name":"Home","item":"https:\/\/www.leterredeisavoia.it\/fr\/"},{"@type":"ListItem","position":2,"name":"Antes"}]},{"@type":"WebSite","@id":"https:\/\/www.leterredeisavoia.it\/fr\/#website","url":"https:\/\/www.leterredeisavoia.it\/fr\/","name":"Le Terre dei Savoia","description":"","potentialAction":[{"@type":"SearchAction","target":{"@type":"EntryPoint","urlTemplate":"https:\/\/www.leterredeisavoia.it\/fr\/?s={search_term_string}"},"query-input":{"@type":"PropertyValueSpecification","valueRequired":true,"valueName":"search_term_string"}}],"inLanguage":"fr-FR"}]}},"_links":{"self":[{"href":"https:\/\/www.leterredeisavoia.it\/fr\/wp-json\/wp\/v2\/pages\/17238","targetHints":{"allow":["GET"]}}],"collection":[{"href":"https:\/\/www.leterredeisavoia.it\/fr\/wp-json\/wp\/v2\/pages"}],"about":[{"href":"https:\/\/www.leterredeisavoia.it\/fr\/wp-json\/wp\/v2\/types\/page"}],"author":[{"embeddable":true,"href":"https:\/\/www.leterredeisavoia.it\/fr\/wp-json\/wp\/v2\/users\/1"}],"replies":[{"embeddable":true,"href":"https:\/\/www.leterredeisavoia.it\/fr\/wp-json\/wp\/v2\/comments?post=17238"}],"version-history":[{"count":20,"href":"https:\/\/www.leterredeisavoia.it\/fr\/wp-json\/wp\/v2\/pages\/17238\/revisions"}],"predecessor-version":[{"id":17524,"href":"https:\/\/www.leterredeisavoia.it\/fr\/wp-json\/wp\/v2\/pages\/17238\/revisions\/17524"}],"wp:attachment":[{"href":"https:\/\/www.leterredeisavoia.it\/fr\/wp-json\/wp\/v2\/media?parent=17238"}],"curies":[{"name":"wp","href":"https:\/\/api.w.org\/{rel}","templated":true}]}}