{"id":16763,"date":"2019-07-22T15:49:42","date_gmt":"2019-07-22T13:49:42","guid":{"rendered":"https:\/\/www.leterredeisavoia.it\/privacy-policy\/"},"modified":"2026-01-12T14:25:47","modified_gmt":"2026-01-12T13:25:47","slug":"privacy-policy","status":"publish","type":"page","link":"https:\/\/www.leterredeisavoia.it\/fr\/privacy-policy\/","title":{"rendered":"Privacy Policy"},"content":{"rendered":"<div class=\"wpb-content-wrapper\"><p>[vc_row css_animation=\u00a0\u00bb\u00a0\u00bb row_type=\u00a0\u00bbrow\u00a0\u00bb use_row_as_full_screen_section=\u00a0\u00bbno\u00a0\u00bb type=\u00a0\u00bbfull_width\u00a0\u00bb angled_section=\u00a0\u00bbno\u00a0\u00bb text_align=\u00a0\u00bbleft\u00a0\u00bb background_image_as_pattern=\u00a0\u00bbwithout_pattern\u00a0\u00bb el_class=\u00a0\u00bbtesto\u00a0\u00bb z_index=\u00a0\u00bb\u00a0\u00bb][vc_column][vc_column_text]Il Dott. Avv. Silvio TAVELLA,<br \/>\nTel. 0171489271,<br \/>\nemail: silvio.tavella@studiolegalebt.it, <span style=\"font-weight: 400;\">est le d\u00e9l\u00e9gu\u00e9 \u00e0 la protection des donn\u00e9es (DPD) de l&rsquo;Associazione Le Terre dei Savoia. <\/span><span style=\"font-weight: 400;\"><br \/>\n<\/span><span style=\"font-weight: 400;\">Cette page d\u00e9crit comment le site est g\u00e9r\u00e9 en ce qui concerne le traitement des donn\u00e9es personnelles des utilisateurs qui le consultent. <\/span><span style=\"font-weight: 400;\"><br \/>\n<\/span><span style=\"font-weight: 400;\">Ces informations sont fournies conform\u00e9ment \u00e0 l&rsquo;article 13 du r\u00e8glement europ\u00e9en (UE) 2016\/679 (ci-apr\u00e8s GDPR) \u00e0 ceux qui interagissent avec les pages du site web \u00e0 partir de l&rsquo;adresse : www.leterredeisavoia.it correspondant aux pages d&rsquo;accueil des sites officiels de l&rsquo;entreprise. <\/span><span style=\"font-weight: 400;\"><br \/>\n<\/span><span style=\"font-weight: 400;\">Les informations sont fournies uniquement pour les sites mentionn\u00e9s ci-dessus et non pour d&rsquo;autres sites web qui pourraient \u00eatre consult\u00e9s par l&rsquo;utilisateur via des liens \u00e0 partir de ceux-ci.<\/span><\/p>\n<p>&nbsp;<\/p>\n<p><b>LE CONTR\u00d4LEUR DES DONN\u00c9ES<\/b><\/p>\n<p>&nbsp;<\/p>\n<p><span style=\"font-weight: 400;\">Le contr\u00f4leur des donn\u00e9es est l&rsquo;Associazione Le Terre dei Savoia, Piazza Carlo Alberto, 6\/A &#8211; 12035 &#8211; Racconigi (CN). <\/span><span style=\"font-weight: 400;\"><br \/>\n<\/span><span style=\"font-weight: 400;\">Suite \u00e0 la consultation de ce site, des donn\u00e9es relatives \u00e0 des personnes identifi\u00e9es ou identifiables peuvent \u00eatre trait\u00e9es.<\/span><\/p>\n<p>&nbsp;<\/p>\n<p><b>LIEU DE TRAITEMENT DES DONN\u00c9ES<\/b><\/p>\n<p>&nbsp;<\/p>\n<p><span style=\"font-weight: 400;\">Les traitements li\u00e9s aux services web de ce site ont lieu dans les locaux susmentionn\u00e9s et sont effectu\u00e9s uniquement par le personnel technique, ou par des personnes charg\u00e9es d&rsquo;op\u00e9rations de maintenance occasionnelles. <\/span><span style=\"font-weight: 400;\"><br \/>\n<\/span><span style=\"font-weight: 400;\">Aucune donn\u00e9e d\u00e9riv\u00e9e du service web n&rsquo;est communiqu\u00e9e ou diffus\u00e9e en dehors de l&rsquo;entreprise. Les donn\u00e9es personnelles fournies par les utilisateurs qui transmettent des demandes d&rsquo;information sont utilis\u00e9es uniquement dans le but de fournir le service demand\u00e9 et ne sont communiqu\u00e9es \u00e0 des tiers que si cela est n\u00e9cessaire \u00e0 cette fin.<\/span><\/p>\n<p>&nbsp;<\/p>\n<p><b>LES TYPES DE DONN\u00c9ES TRAIT\u00c9ES<\/b><\/p>\n<p>&nbsp;<\/p>\n<p><span style=\"font-weight: 400;\">Donn\u00e9es de navigation \/ cookies<\/span><\/p>\n<p><span style=\"font-weight: 400;\">Notre soci\u00e9t\u00e9 a pris connaissance de la Disposition de l&rsquo;Autorit\u00e9 garante de la protection des donn\u00e9es personnelles \u00a0\u00bb Identification des proc\u00e9dures simplifi\u00e9es d&rsquo;information et d&rsquo;acquisition du consentement \u00e0 l&rsquo;utilisation des cookies \u00a0\u00bb du 8 mai 2014 &#8211; [doc. web n\u00b0 3118884] (Publi\u00e9 au Journal officiel n\u00b0 126 du 3 juin 2014).<\/span><\/p>\n<p><span style=\"font-weight: 400;\">Conform\u00e9ment \u00e0 cette disposition, l&rsquo;Associazione Le Terre dei Savoia souhaite vous informer que les sites web des soci\u00e9t\u00e9s mentionn\u00e9es dans cette note d&rsquo;information utilisent uniquement des cookies de nature technique et non des cookies pour le profilage des utilisateurs. (Si des cookies autres que ceux de nature technique sont utilis\u00e9s, ils doivent \u00eatre r\u00e9pertori\u00e9s dans un tableau pr\u00e9sentant l&rsquo;aspect suivant:<\/span><\/p>\n<p>&nbsp;<\/p>\n<p>&nbsp;<\/p>\n<table>\n<tbody>\n<tr>\n<td><span style=\"font-weight: 400;\">Nom du cookie<\/span><\/td>\n<td><span style=\"font-weight: 400;\">Propri\u00e9taire<\/span><\/td>\n<td><span style=\"font-weight: 400;\">Type<\/span><\/td>\n<td><span style=\"font-weight: 400;\">Description<\/span><\/td>\n<td><span style=\"font-weight: 400;\">Temps de stockage<\/span><\/td>\n<\/tr>\n<tr>\n<td>\n<h3><b>Google Analytics con IP anonimizzato<\/b><\/h3>\n<\/td>\n<td><span style=\"font-weight: 400;\">Google Ireland Limited<\/span><\/td>\n<td><a class=\"cli-nav-link cli-settings-mobile\" tabindex=\"0\" role=\"button\" data-target=\"analitici\" data-toggle=\"cli-toggle-tab\">Analytique<\/a><\/td>\n<td><span style=\"font-weight: 400;\">StatistiquesGoogle Analytics est un service d&rsquo;analyse du Web fourni par Google Ireland Limited (\u00ab\u00a0Google\u00a0\u00bb). Google utilise les donn\u00e9es personnelles collect\u00e9es dans le but de retracer et d&rsquo;examiner l&rsquo;utilisation de cette application, de compiler des rapports et de les partager avec d&rsquo;autres services d\u00e9velopp\u00e9s par Google.<\/span><\/p>\n<p><span style=\"font-weight: 400;\">Google peut utiliser les donn\u00e9es personnelles pour contextualiser et personnaliser les annonces dans son r\u00e9seau publicitaire.<\/span><\/p>\n<p><span style=\"font-weight: 400;\">Cette int\u00e9gration de Google Analytics rend votre adresse IP anonyme. L&rsquo;anonymisation fonctionne en raccourcissant l&rsquo;adresse IP des utilisateurs \u00e0 l&rsquo;int\u00e9rieur des fronti\u00e8res des \u00c9tats membres de l&rsquo;Union europ\u00e9enne ou d&rsquo;autres pays parties \u00e0 l&rsquo;accord sur l&rsquo;Espace \u00e9conomique europ\u00e9en. Dans des cas exceptionnels seulement, l&rsquo;adresse IP sera envoy\u00e9e aux serveurs de Google et raccourcie aux \u00c9tats-Unis.<\/span><\/td>\n<td>2 ans<\/td>\n<\/tr>\n<tr>\n<td>\n<h3><b>Widget Google Maps<\/b><\/h3>\n<h3><\/h3>\n<\/td>\n<td><span style=\"font-weight: 400;\">Google Ireland Limited<\/span><\/td>\n<td><span style=\"font-weight: 400;\">Affichage de contenu provenant de plateformes externes<\/span><\/td>\n<td><span style=\"font-weight: 400;\">Google Maps est un service d&rsquo;affichage de cartes exploit\u00e9 par Google Ireland Limited, qui permet \u00e0 cette application d&rsquo;int\u00e9grer un tel contenu dans ses pages.<\/span><\/td>\n<td><\/td>\n<\/tr>\n<tr>\n<td>\n<h3>cookielawinfo-checkbox-analitica &#8211; funzionale<\/h3>\n<h3><\/h3>\n<\/td>\n<td>cookie yes<\/td>\n<td><a class=\"cli-nav-link cli-settings-mobile\" tabindex=\"0\" role=\"button\" data-target=\"necessari\" data-toggle=\"cli-toggle-tab\">N\u00e9cessaire<\/a><\/td>\n<td>Le cookie est d\u00e9fini par le plugin GDPR Cookie Consent pour enregistrer le consentement de l&rsquo;utilisateur pour les cookies de la cat\u00e9gorie \u00a0\u00bb Analytics \u00ab\u00a0.<\/p>\n<p>D\u00e9fini par le plugin GDPR Cookie Consent pour stocker le consentement de l&rsquo;utilisateur pour les cookies de la cat\u00e9gorie \u00ab\u00a0Fonctionnel\u00a0\u00bb.<\/td>\n<td>1 an<\/td>\n<\/tr>\n<tr>\n<td>\n<h3>CookieLawInfoConsent<\/h3>\n<h3><\/h3>\n<\/td>\n<td>cookie yes<\/td>\n<td><a class=\"cli-nav-link cli-settings-mobile\" tabindex=\"0\" role=\"button\" data-target=\"necessari\" data-toggle=\"cli-toggle-tab\">N\u00e9cessaire<\/a><\/td>\n<td>Enregistre l&rsquo;\u00e9tat du bouton par d\u00e9faut de la cat\u00e9gorie correspondante et l&rsquo;\u00e9tat du CCPA. Il ne fonctionne qu&rsquo;en coordination avec le cookie primaire.<\/td>\n<td>1 an<\/td>\n<\/tr>\n<tr>\n<td>\n<h3>PHPSESSID<\/h3>\n<h3><\/h3>\n<\/td>\n<td>cookie yes<\/td>\n<td><a class=\"cli-nav-link cli-settings-mobile\" tabindex=\"0\" role=\"button\" data-target=\"necessari\" data-toggle=\"cli-toggle-tab\">N\u00e9cessaire<\/a><\/td>\n<td>Ce cookie est natif des applications PHP. Le cookie est utilis\u00e9 pour stocker et identifier l&rsquo;ID de session unique d&rsquo;un utilisateur dans le but de g\u00e9rer la session de l&rsquo;utilisateur sur le site Web. Ce cookie est un cookie de session et est supprim\u00e9 lorsque toutes les fen\u00eatres du navigateur sont ferm\u00e9es.<\/td>\n<td>session<\/td>\n<\/tr>\n<tr>\n<td>\n<h3><b>WordPress.com<\/b><\/h3>\n<h3><\/h3>\n<\/td>\n<td><span style=\"font-weight: 400;\">Automattic Inc.<\/span><\/td>\n<td><span style=\"font-weight: 400;\">Services de plateforme et d&rsquo;h\u00e9bergement<\/span><\/td>\n<td><span style=\"font-weight: 400;\">WordPress.com est une plateforme fournie par Automattic Inc. qui permet au Propri\u00e9taire de d\u00e9velopper, exploiter et h\u00e9berger cette Application.<\/span><\/td>\n<td><\/td>\n<\/tr>\n<\/tbody>\n<\/table>\n<p>&nbsp;<\/p>\n<p>&nbsp;<\/p>\n<p><span style=\"font-weight: 400;\">En ce qui concerne, par cons\u00e9quent, uniquement les aspects de nature technique, les cookies et les protocoles, nous souhaitons vous informer que :<\/span><\/p>\n<ul>\n<li><span style=\"font-weight: 400;\">Les syst\u00e8mes informatiques et les proc\u00e9dures logicielles utilis\u00e9s pour faire fonctionner ce site web acqui\u00e8rent, au cours de leur fonctionnement normal, certaines donn\u00e9es personnelles dont la transmission est implicite dans l&rsquo;utilisation des protocoles de communication Internet.<\/span><\/li>\n<li><span style=\"font-weight: 400;\">Ces informations ne sont pas collect\u00e9es pour \u00eatre associ\u00e9es \u00e0 des personnes int\u00e9ress\u00e9es identifi\u00e9es, mais de par leur nature m\u00eame, elles pourraient, par le traitement et l&rsquo;association avec des donn\u00e9es d\u00e9tenues par des tiers, permettre d&rsquo;identifier les utilisateurs.<\/span><\/li>\n<li><span style=\"font-weight: 400;\">Cette cat\u00e9gorie de donn\u00e9es comprend les adresses IP ou les noms de domaine des ordinateurs utilis\u00e9s par les utilisateurs qui se connectent au site, les adresses URI (Uniform Resource Identifier) des ressources demand\u00e9es, l&rsquo;heure de la demande, la m\u00e9thode utilis\u00e9e pour soumettre la demande au serveur, la taille du fichier obtenu en r\u00e9ponse, le code num\u00e9rique indiquant l&rsquo;\u00e9tat de la r\u00e9ponse donn\u00e9e par le serveur (succ\u00e8s, erreur, etc.) et d&rsquo;autres param\u00e8tres relatifs au syst\u00e8me d&rsquo;exploitation et \u00e0 l&rsquo;environnement informatique de l&rsquo;utilisateur.<\/span><span style=\"font-weight: 400;\"><br \/>\n<\/span><span style=\"font-weight: 400;\">Ces donn\u00e9es sont utilis\u00e9es dans le seul but d&rsquo;obtenir des informations statistiques anonymes sur l&rsquo;utilisation du site et de v\u00e9rifier son bon fonctionnement. Ces donn\u00e9es pourraient \u00eatre utilis\u00e9es pour d\u00e9terminer les responsabilit\u00e9s en cas d&rsquo;hypoth\u00e9tiques d\u00e9lits informatiques contre le site. <\/span><span style=\"font-weight: 400;\"><br \/>\n<\/span><span style=\"font-weight: 400;\">Dans tous les cas, l&rsquo;utilisateur peut utiliser les fonctionnalit\u00e9s de chaque navigateur pour autoriser, bloquer ou supprimer (en tout ou en partie) les cookies ; en cas de d\u00e9sactivation de tout ou partie des cookies, le site peut ne pas \u00eatre accessible ou certains services ou certaines fonctions du site peuvent ne pas \u00eatre disponibles ou ne pas fonctionner correctement et\/ou l&rsquo;utilisateur peut \u00eatre contraint de modifier ou de saisir manuellement certaines informations ou pr\u00e9f\u00e9rences \u00e0 chaque fois qu&rsquo;il visite le site.\u00a0 Si vous souhaitez obtenir de plus amples informations sur la mani\u00e8re de d\u00e9finir vos pr\u00e9f\u00e9rences en mati\u00e8re d&rsquo;utilisation de cookies par le biais de votre navigateur web, veuillez vous reporter aux instructions correspondantes :<\/span><\/li>\n<li><a href=\"https:\/\/support.microsoft.com\/it-it\/help\/17442\/windows-internet-explorer-delete-manage-cookies\">Internet Explorer<\/a><\/li>\n<li><a href=\"https:\/\/support.mozilla.org\/it\/kb\/Attivare%20e%20disattivare%20i%20cookie\">Firefox<\/a><\/li>\n<li><a href=\"https:\/\/support.google.com\/chrome\/answer\/95647?hl=it&amp;amp;topic=14666&amp;amp;ctx=topic\">Chrome<\/a><\/li>\n<li><a href=\"https:\/\/help.opera.com\/en\/latest\/\">Opera<\/a><\/li>\n<li><a href=\"https:\/\/support.apple.com\/it-it\/guide\/safari\/sfri11471\/mac\">Safari<\/a><\/li>\n<\/ul>\n<p>&nbsp;<\/p>\n<p><b>FINALIT\u00c9 DU TRAITEMENT DES DONN\u00c9ES COLLECT\u00c9ES<\/b><\/p>\n<p>&nbsp;<\/p>\n<p><span style=\"font-weight: 400;\">Les Donn\u00e9es de l&rsquo;Utilisateur sont collect\u00e9es pour permettre au Responsable du traitement de fournir ses services, ainsi qu&rsquo;aux fins suivantes : <\/span><span style=\"font-weight: 400;\"><br \/>\n<\/span><span style=\"font-weight: 400;\">Interaction avec les plateformes de chat en direct, Statistiques et Interaction avec les r\u00e9seaux sociaux et les plateformes externes. <\/span><span style=\"font-weight: 400;\"><br \/>\n<\/span><span style=\"font-weight: 400;\">Les types de donn\u00e9es personnelles utilis\u00e9es pour chaque objectif sont indiqu\u00e9s dans les sections sp\u00e9cifiques du pr\u00e9sent document.<\/span><\/p>\n<p>&nbsp;<\/p>\n<p><b>M\u00c9THODES DE TRAITEMENT<\/b><\/p>\n<p>&nbsp;<\/p>\n<p><span style=\"font-weight: 400;\">Les donn\u00e9es personnelles sont trait\u00e9es par des outils automatis\u00e9s pendant le temps strictement n\u00e9cessaire pour atteindre les objectifs pour lesquels elles ont \u00e9t\u00e9 collect\u00e9es. <\/span><span style=\"font-weight: 400;\"><br \/>\n<\/span><span style=\"font-weight: 400;\">Des mesures de s\u00e9curit\u00e9 sp\u00e9cifiques sont observ\u00e9es pour pr\u00e9venir la perte de donn\u00e9es, l&rsquo;utilisation ill\u00e9gale ou incorrecte et l&rsquo;acc\u00e8s non autoris\u00e9.<\/span><\/p>\n<p>&nbsp;<\/p>\n<p><b>LES DONN\u00c9ES FOURNIES VOLONTAIREMENT PAR L&rsquo;UTILISATEUR<\/b><\/p>\n<p>&nbsp;<\/p>\n<p><span style=\"font-weight: 400;\">L&rsquo;envoi facultatif, explicite et volontaire de messages \u00e9lectroniques aux adresses indiqu\u00e9es sur ce site entra\u00eene l&rsquo;acquisition ult\u00e9rieure de l&rsquo;adresse de l&rsquo;exp\u00e9diteur, n\u00e9cessaire pour r\u00e9pondre aux demandes, ainsi que de toute autre donn\u00e9e personnelle incluse dans le message. Les <\/span><span style=\"font-weight: 400;\"><br \/>\n<\/span><span style=\"font-weight: 400;\">donn\u00e9es saisies lors de l&rsquo;inscription \u00e0 la newsletter \u00e0 travers le site ou l&rsquo;envoi de demandes \u00e0 travers le formulaire sur le m\u00eame, seront acquises apr\u00e8s votre acceptation au traitement des donn\u00e9es personnelles.<\/span><\/p>\n<p><span style=\"font-weight: 400;\">Des informations r\u00e9capitulatives sp\u00e9cifiques seront progressivement rapport\u00e9es ou affich\u00e9es sur les pages du site pr\u00e9vues pour des services particuliers sur demande.<\/span><\/p>\n<p>&nbsp;<\/p>\n<p><b>FOURNITURE FACULTATIVE DE DONN\u00c9ES<\/b><\/p>\n<p>&nbsp;<\/p>\n<p><span style=\"font-weight: 400;\">En dehors de ce qui est sp\u00e9cifi\u00e9 pour les donn\u00e9es de navigation, l&rsquo;utilisateur est libre de fournir les donn\u00e9es personnelles contenues dans les formulaires de demande d&rsquo;information. <\/span><span style=\"font-weight: 400;\"><br \/>\n<\/span><span style=\"font-weight: 400;\">Le fait de ne pas les fournir peut rendre impossible l&rsquo;obtention de ce qui a \u00e9t\u00e9 demand\u00e9.<\/span><\/p>\n<p>&nbsp;<\/p>\n<p><b>LES DROITS DES PERSONNES CONCERN\u00c9ES<\/b><\/p>\n<p>&nbsp;<\/p>\n<p><span style=\"font-weight: 400;\">Les personnes concern\u00e9es ont le droit de demander \u00e0 tout moment au Responsable du traitement la rectification ou l&rsquo;effacement de leurs donn\u00e9es personnelles, ou la limitation du traitement les concernant, de s&rsquo;opposer \u00e0 leur traitement ainsi que le droit \u00e0 la portabilit\u00e9 des donn\u00e9es (articles 15 &#8211; 22 R\u00e8glement UE 679\/2016)<\/span><span style=\"font-weight: 400;\"><br \/>\n<\/span><span style=\"font-weight: 400;\">Droit de retirer son consentement. La personne concern\u00e9e a le droit de r\u00e9voquer son consentement \u00e0 tout moment; la r\u00e9vocation n&rsquo;affecte pas la lic\u00e9it\u00e9 du traitement fond\u00e9 sur le consentement donn\u00e9 avant la r\u00e9vocation.<\/span><\/p>\n<p><span style=\"font-weight: 400;\">Les demandes doivent \u00eatre adress\u00e9es \u00e0<\/span><\/p>\n<ul>\n<li style=\"font-weight: 400;\" aria-level=\"1\"><span style=\"font-weight: 400;\">par courrier \u00e9lectronique \u00e0 l&rsquo;adresse suivante: info@leterredeisavoia.it;<\/span><\/li>\n<li style=\"font-weight: 400;\" aria-level=\"1\"><span style=\"font-weight: 400;\">ou par courrier traditionnel \u00e0 Associazione Le Terre dei Savoia, Piazza Carlo Alberto, 6\/A &#8211; 12035 &#8211; Racconigi (CN).<\/span><\/li>\n<\/ul>\n<p>&nbsp;<\/p>\n<p><strong>INFORMATIVE<\/strong><\/p>\n<ul>\n<li><a href=\"https:\/\/www.leterredeisavoia.it\/wp-content\/uploads\/2021\/05\/153-52-Informativa-CANDIDATI.pdf\">Informativa CANDIDATI<\/a><\/li>\n<li><a href=\"https:\/\/www.leterredeisavoia.it\/wp-content\/uploads\/2021\/05\/153-53-Informativa-CLIENTI.pdf\">Informativa CLIENTI<\/a><\/li>\n<li><a href=\"https:\/\/www.leterredeisavoia.it\/wp-content\/uploads\/2021\/05\/153-53-Informativa-DIPENDENTI.pdf\">Informativa DIPENDENTI<\/a><\/li>\n<li><a href=\"https:\/\/www.leterredeisavoia.it\/wp-content\/uploads\/2021\/05\/153-53-Informativa-FORNITORI.pdf\">Informativa FORNITORI<\/a><\/li>\n<li><a href=\"https:\/\/www.leterredeisavoia.it\/wp-content\/uploads\/2021\/05\/153-53-Informativa-FOTO-ENG.pdf\">Informativa FOTO (ENG)<\/a><\/li>\n<li><a href=\"https:\/\/www.leterredeisavoia.it\/wp-content\/uploads\/2021\/05\/153-53-Informativa-FOTO_aggiornata.pdf\">Informativa FOTO<\/a><\/li>\n<li><a href=\"https:\/\/www.leterredeisavoia.it\/wp-content\/uploads\/2021\/05\/153-53-Informativa-NEWSLETTER.pdf\">Informativa NEWSLETTER<\/a><\/li>\n<li><a href=\"https:\/\/www.leterredeisavoia.it\/wp-content\/uploads\/2021\/05\/153-53-Informativa-PROCEDURE-PUBBLICHE.pdf\">Informativa PROCEDURE PUBBLICHE<\/a><\/li>\n<li><a href=\"https:\/\/www.leterredeisavoia.it\/wp-content\/uploads\/2021\/10\/153-52-Informativa.pdf\">Informativa GREEN PASS<\/a><\/li>\n<\/ul>\n<p><a href=\"https:\/\/www.leterredeisavoia.it\/wp-content\/uploads\/2021\/10\/Direttiva-verifiche-green-pass.pdf\">Direttiva verifiche green pass<\/a>[\/vc_column_text][\/vc_column][\/vc_row][vc_row css_animation=\u00a0\u00bb\u00a0\u00bb row_type=\u00a0\u00bbrow\u00a0\u00bb use_row_as_full_screen_section=\u00a0\u00bbno\u00a0\u00bb type=\u00a0\u00bbfull_width\u00a0\u00bb angled_section=\u00a0\u00bbno\u00a0\u00bb text_align=\u00a0\u00bbleft\u00a0\u00bb background_image_as_pattern=\u00a0\u00bbwithout_pattern\u00a0\u00bb][vc_column][vc_separator type=\u00a0\u00bbtransparent\u00a0\u00bb][\/vc_column][\/vc_row]<\/p>\n<\/div>","protected":false},"excerpt":{"rendered":"<p>[vc_row css_animation=\u00a0\u00bb\u00a0\u00bb row_type=\u00a0\u00bbrow\u00a0\u00bb use_row_as_full_screen_section=\u00a0\u00bbno\u00a0\u00bb type=\u00a0\u00bbfull_width\u00a0\u00bb angled_section=\u00a0\u00bbno\u00a0\u00bb text_align=\u00a0\u00bbleft\u00a0\u00bb background_image_as_pattern=\u00a0\u00bbwithout_pattern\u00a0\u00bb el_class=\u00a0\u00bbtesto\u00a0\u00bb z_index=\u00a0\u00bb\u00a0\u00bb][vc_column][vc_column_text]Il Dott. Avv. Silvio TAVELLA, Tel. 0171489271, email: silvio.tavella@studiolegalebt.it, est le d\u00e9l\u00e9gu\u00e9 \u00e0 la protection des donn\u00e9es (DPD) de l&rsquo;Associazione Le Terre dei Savoia. Cette page d\u00e9crit comment le site est g\u00e9r\u00e9 en ce qui concerne&#8230;<\/p>\n","protected":false},"author":1,"featured_media":0,"parent":0,"menu_order":0,"comment_status":"closed","ping_status":"open","template":"","meta":{"footnotes":""},"class_list":["post-16763","page","type-page","status-publish","hentry"],"yoast_head":"<!-- This site is optimized with the Yoast SEO plugin v27.4 - https:\/\/yoast.com\/product\/yoast-seo-wordpress\/ -->\n<title>Privacy Policy - Le Terre dei Savoia<\/title>\n<meta name=\"robots\" content=\"index, follow, max-snippet:-1, max-image-preview:large, max-video-preview:-1\" \/>\n<link rel=\"canonical\" href=\"https:\/\/www.leterredeisavoia.it\/fr\/privacy-policy\/\" \/>\n<meta property=\"og:locale\" content=\"fr_FR\" \/>\n<meta property=\"og:type\" content=\"article\" \/>\n<meta property=\"og:title\" content=\"Privacy Policy - Le Terre dei Savoia\" \/>\n<meta property=\"og:description\" content=\"[vc_row css_animation=\u00a0\u00bb\u00a0\u00bb row_type=\u00a0\u00bbrow\u00a0\u00bb use_row_as_full_screen_section=\u00a0\u00bbno\u00a0\u00bb type=\u00a0\u00bbfull_width\u00a0\u00bb angled_section=\u00a0\u00bbno\u00a0\u00bb text_align=\u00a0\u00bbleft\u00a0\u00bb background_image_as_pattern=\u00a0\u00bbwithout_pattern\u00a0\u00bb el_class=\u00a0\u00bbtesto\u00a0\u00bb z_index=\u00a0\u00bb\u00a0\u00bb][vc_column][vc_column_text]Il Dott. Avv. Silvio TAVELLA, Tel. 0171489271, email: silvio.tavella@studiolegalebt.it, est le d\u00e9l\u00e9gu\u00e9 \u00e0 la protection des donn\u00e9es (DPD) de l&rsquo;Associazione Le Terre dei Savoia. Cette page d\u00e9crit comment le site est g\u00e9r\u00e9 en ce qui concerne...\" \/>\n<meta property=\"og:url\" content=\"https:\/\/www.leterredeisavoia.it\/fr\/privacy-policy\/\" \/>\n<meta property=\"og:site_name\" content=\"Le Terre dei Savoia\" \/>\n<meta property=\"article:modified_time\" content=\"2026-01-12T13:25:47+00:00\" \/>\n<meta name=\"twitter:card\" content=\"summary_large_image\" \/>\n<meta name=\"twitter:label1\" content=\"Dur\u00e9e de lecture estim\u00e9e\" \/>\n\t<meta name=\"twitter:data1\" content=\"8 minutes\" \/>\n<script type=\"application\/ld+json\" class=\"yoast-schema-graph\">{\"@context\":\"https:\\\/\\\/schema.org\",\"@graph\":[{\"@type\":\"WebPage\",\"@id\":\"https:\\\/\\\/www.leterredeisavoia.it\\\/fr\\\/privacy-policy\\\/\",\"url\":\"https:\\\/\\\/www.leterredeisavoia.it\\\/fr\\\/privacy-policy\\\/\",\"name\":\"Privacy Policy - Le Terre dei Savoia\",\"isPartOf\":{\"@id\":\"https:\\\/\\\/www.leterredeisavoia.it\\\/fr\\\/#website\"},\"datePublished\":\"2019-07-22T13:49:42+00:00\",\"dateModified\":\"2026-01-12T13:25:47+00:00\",\"breadcrumb\":{\"@id\":\"https:\\\/\\\/www.leterredeisavoia.it\\\/fr\\\/privacy-policy\\\/#breadcrumb\"},\"inLanguage\":\"fr-FR\",\"potentialAction\":[{\"@type\":\"ReadAction\",\"target\":[\"https:\\\/\\\/www.leterredeisavoia.it\\\/fr\\\/privacy-policy\\\/\"]}]},{\"@type\":\"BreadcrumbList\",\"@id\":\"https:\\\/\\\/www.leterredeisavoia.it\\\/fr\\\/privacy-policy\\\/#breadcrumb\",\"itemListElement\":[{\"@type\":\"ListItem\",\"position\":1,\"name\":\"Home\",\"item\":\"https:\\\/\\\/www.leterredeisavoia.it\\\/fr\\\/\"},{\"@type\":\"ListItem\",\"position\":2,\"name\":\"Privacy Policy\"}]},{\"@type\":\"WebSite\",\"@id\":\"https:\\\/\\\/www.leterredeisavoia.it\\\/fr\\\/#website\",\"url\":\"https:\\\/\\\/www.leterredeisavoia.it\\\/fr\\\/\",\"name\":\"Le Terre dei Savoia\",\"description\":\"\",\"potentialAction\":[{\"@type\":\"SearchAction\",\"target\":{\"@type\":\"EntryPoint\",\"urlTemplate\":\"https:\\\/\\\/www.leterredeisavoia.it\\\/fr\\\/?s={search_term_string}\"},\"query-input\":{\"@type\":\"PropertyValueSpecification\",\"valueRequired\":true,\"valueName\":\"search_term_string\"}}],\"inLanguage\":\"fr-FR\"}]}<\/script>\n<!-- \/ Yoast SEO plugin. -->","yoast_head_json":{"title":"Privacy Policy - Le Terre dei Savoia","robots":{"index":"index","follow":"follow","max-snippet":"max-snippet:-1","max-image-preview":"max-image-preview:large","max-video-preview":"max-video-preview:-1"},"canonical":"https:\/\/www.leterredeisavoia.it\/fr\/privacy-policy\/","og_locale":"fr_FR","og_type":"article","og_title":"Privacy Policy - Le Terre dei Savoia","og_description":"[vc_row css_animation=\u00a0\u00bb\u00a0\u00bb row_type=\u00a0\u00bbrow\u00a0\u00bb use_row_as_full_screen_section=\u00a0\u00bbno\u00a0\u00bb type=\u00a0\u00bbfull_width\u00a0\u00bb angled_section=\u00a0\u00bbno\u00a0\u00bb text_align=\u00a0\u00bbleft\u00a0\u00bb background_image_as_pattern=\u00a0\u00bbwithout_pattern\u00a0\u00bb el_class=\u00a0\u00bbtesto\u00a0\u00bb z_index=\u00a0\u00bb\u00a0\u00bb][vc_column][vc_column_text]Il Dott. Avv. Silvio TAVELLA, Tel. 0171489271, email: silvio.tavella@studiolegalebt.it, est le d\u00e9l\u00e9gu\u00e9 \u00e0 la protection des donn\u00e9es (DPD) de l&rsquo;Associazione Le Terre dei Savoia. Cette page d\u00e9crit comment le site est g\u00e9r\u00e9 en ce qui concerne...","og_url":"https:\/\/www.leterredeisavoia.it\/fr\/privacy-policy\/","og_site_name":"Le Terre dei Savoia","article_modified_time":"2026-01-12T13:25:47+00:00","twitter_card":"summary_large_image","twitter_misc":{"Dur\u00e9e de lecture estim\u00e9e":"8 minutes"},"schema":{"@context":"https:\/\/schema.org","@graph":[{"@type":"WebPage","@id":"https:\/\/www.leterredeisavoia.it\/fr\/privacy-policy\/","url":"https:\/\/www.leterredeisavoia.it\/fr\/privacy-policy\/","name":"Privacy Policy - Le Terre dei Savoia","isPartOf":{"@id":"https:\/\/www.leterredeisavoia.it\/fr\/#website"},"datePublished":"2019-07-22T13:49:42+00:00","dateModified":"2026-01-12T13:25:47+00:00","breadcrumb":{"@id":"https:\/\/www.leterredeisavoia.it\/fr\/privacy-policy\/#breadcrumb"},"inLanguage":"fr-FR","potentialAction":[{"@type":"ReadAction","target":["https:\/\/www.leterredeisavoia.it\/fr\/privacy-policy\/"]}]},{"@type":"BreadcrumbList","@id":"https:\/\/www.leterredeisavoia.it\/fr\/privacy-policy\/#breadcrumb","itemListElement":[{"@type":"ListItem","position":1,"name":"Home","item":"https:\/\/www.leterredeisavoia.it\/fr\/"},{"@type":"ListItem","position":2,"name":"Privacy Policy"}]},{"@type":"WebSite","@id":"https:\/\/www.leterredeisavoia.it\/fr\/#website","url":"https:\/\/www.leterredeisavoia.it\/fr\/","name":"Le Terre dei Savoia","description":"","potentialAction":[{"@type":"SearchAction","target":{"@type":"EntryPoint","urlTemplate":"https:\/\/www.leterredeisavoia.it\/fr\/?s={search_term_string}"},"query-input":{"@type":"PropertyValueSpecification","valueRequired":true,"valueName":"search_term_string"}}],"inLanguage":"fr-FR"}]}},"_links":{"self":[{"href":"https:\/\/www.leterredeisavoia.it\/fr\/wp-json\/wp\/v2\/pages\/16763","targetHints":{"allow":["GET"]}}],"collection":[{"href":"https:\/\/www.leterredeisavoia.it\/fr\/wp-json\/wp\/v2\/pages"}],"about":[{"href":"https:\/\/www.leterredeisavoia.it\/fr\/wp-json\/wp\/v2\/types\/page"}],"author":[{"embeddable":true,"href":"https:\/\/www.leterredeisavoia.it\/fr\/wp-json\/wp\/v2\/users\/1"}],"replies":[{"embeddable":true,"href":"https:\/\/www.leterredeisavoia.it\/fr\/wp-json\/wp\/v2\/comments?post=16763"}],"version-history":[{"count":4,"href":"https:\/\/www.leterredeisavoia.it\/fr\/wp-json\/wp\/v2\/pages\/16763\/revisions"}],"predecessor-version":[{"id":16824,"href":"https:\/\/www.leterredeisavoia.it\/fr\/wp-json\/wp\/v2\/pages\/16763\/revisions\/16824"}],"wp:attachment":[{"href":"https:\/\/www.leterredeisavoia.it\/fr\/wp-json\/wp\/v2\/media?parent=16763"}],"curies":[{"name":"wp","href":"https:\/\/api.w.org\/{rel}","templated":true}]}}