{"id":1892,"date":"2019-11-25T16:34:16","date_gmt":"2019-11-25T15:34:16","guid":{"rendered":"http:\/\/www.leterredeisavoia.it\/spechale\/"},"modified":"2026-01-12T14:43:35","modified_gmt":"2026-01-12T13:43:35","slug":"spechale","status":"publish","type":"page","link":"https:\/\/www.leterredeisavoia.it\/en\/spechale\/","title":{"rendered":"Spechale"},"content":{"rendered":"<div class=\"wpb-content-wrapper\"><p>[vc_row css_animation=&#8221;&#8221; row_type=&#8221;row&#8221; use_row_as_full_screen_section=&#8221;no&#8221; type=&#8221;full_width&#8221; angled_section=&#8221;no&#8221; text_align=&#8221;left&#8221; background_image_as_pattern=&#8221;without_pattern&#8221;][vc_column][rev_slider_vc alias=&#8221;spechale-slider&#8221;][vc_row_inner row_type=&#8221;row&#8221; type=&#8221;full_width&#8221; text_align=&#8221;left&#8221; css_animation=&#8221;&#8221; el_class=&#8221;riga&#8221;][vc_column_inner][vc_column_text el_class=&#8221;testo-riga&#8221;]<\/p>\n<h2>The project<\/h2>\n<p>&nbsp;<\/p>\n<p><span style=\"font-weight: 400;\">SPECHALE aims to encourage an innovative approach in the field of tourism-cultural education in order to promote sustainable growth of territories.<\/span><\/p>\n<p><span style=\"font-weight: 400;\">The project aims to promote the training of a new figure, the Specialist in Cultural Heritage and Attractive Living Environment, through cooperation between public bodies, tourism actors, and policy makers in five European countries (France, Italy, Portugal, Croatia, and Latvia).  <\/span>[\/vc_column_text][\/vc_column_inner][\/vc_row_inner][vc_row_inner row_type=&#8221;row&#8221; type=&#8221;full_width&#8221; text_align=&#8221;left&#8221; css_animation=&#8221;&#8221; el_class=&#8221;riga&#8221;][vc_column_inner][vc_column_text el_class=&#8221;titolo-attivita&#8221;]<\/p>\n<h2>ACTIVITIES<\/h2>\n<p>[\/vc_column_text][\/vc_column_inner][\/vc_row_inner][vc_row_inner row_type=&#8221;row&#8221; type=&#8221;full_width&#8221; text_align=&#8221;left&#8221; css_animation=&#8221;&#8221; el_class=&#8221;slider-attivita&#8221;][vc_column_inner][vc_single_image image=&#8221;1618&#8243; img_size=&#8221;1200&#215;600&#8243; qode_css_animation=&#8221;&#8221;][vc_column_text el_class=&#8221;testo-attivita&#8221;]<span style=\"font-weight: 400;\">The goal of the project is to create a new educational pathway in the field of culture and tourism and stimulate innovation in the field.  <\/span><\/p>\n<p><span style=\"font-weight: 400;\">In addition, Spechale tends to foster the personal growth of adult learners by providing them with new tools and methods, improving educational offerings, and recognizing the value of nonformal learning.<\/span>[\/vc_column_text][\/vc_column_inner][\/vc_row_inner][vc_row_inner row_type=&#8221;row&#8221; type=&#8221;full_width&#8221; text_align=&#8221;left&#8221; css_animation=&#8221;&#8221; el_class=&#8221;riga&#8221;][vc_column_inner][vc_column_text el_class=&#8221;titolo-attivita&#8221;]<\/p>\n<h2>Partners<\/h2>\n<p>[\/vc_column_text][\/vc_column_inner][\/vc_row_inner][\/vc_column][\/vc_row][vc_row css_animation=&#8221;&#8221; row_type=&#8221;row&#8221; use_row_as_full_screen_section=&#8221;no&#8221; type=&#8221;full_width&#8221; angled_section=&#8221;no&#8221; text_align=&#8221;left&#8221; background_image_as_pattern=&#8221;without_pattern&#8221; el_class=&#8221;riga&#8221; z_index=&#8221;&#8221;][vc_column width=&#8221;1\/4&#8243;][vc_single_image image=&#8221;1573&#8243; alignment=&#8221;center&#8221; style=&#8221;vc_box_outline_circle_2&#8243; onclick=&#8221;custom_link&#8221; qode_css_animation=&#8221;&#8221; el_class=&#8221;img-riga&#8221; link=&#8221;https:\/\/www.adcmoura.pt\/&#8221;][\/vc_column][vc_column width=&#8221;3\/4&#8243; el_class=&#8221;colonna-testo&#8221;][vc_column_text el_class=&#8221;testo-riga&#8221;]<\/p>\n<h2><b>ADC MOURA<\/b><\/h2>\n<p>&nbsp;<\/p>\n<p><strong>ADCMoura<\/strong><span style=\"font-weight: 400;\">  is a nonprofit organization founded in 1993 in Moura, in the Alentejo region. Its work is inspired by the principles of local development, social economy and equal opportunity.   <\/span><\/p>\n<p><span style=\"font-weight: 400;\">Certified as a training organization since 2001, it is a member of numerous national and international networks in the social, business and rural development fields.<\/span>[\/vc_column_text][\/vc_column][\/vc_row][vc_row css_animation=&#8221;&#8221; row_type=&#8221;row&#8221; use_row_as_full_screen_section=&#8221;no&#8221; type=&#8221;full_width&#8221; angled_section=&#8221;no&#8221; text_align=&#8221;left&#8221; background_image_as_pattern=&#8221;without_pattern&#8221; el_class=&#8221;riga&#8221; z_index=&#8221;&#8221;][vc_column width=&#8221;1\/4&#8243;][vc_single_image image=&#8221;1861&#8243; alignment=&#8221;center&#8221; style=&#8221;vc_box_outline_circle_2&#8243; onclick=&#8221;custom_link&#8221; qode_css_animation=&#8221;&#8221; el_class=&#8221;img-riga&#8221; link=&#8221;https:\/\/lagoalqueva.eu\/&#8221;][\/vc_column][vc_column width=&#8221;3\/4&#8243; el_class=&#8221;colonna-testo&#8221;][vc_column_text el_class=&#8221;testo-riga&#8221;]<\/p>\n<h2><b>ASSOCIA\u00c7\u00c3O TRANSFONTEIRI<\/b><b>\u00c7<\/b><b><\/b><b>A DE MUNIC\u00cdPIOS DO LAGO ALQUEVA<\/b><\/h2>\n<p>&nbsp;<\/p>\n<p><strong>Associa\u00e7\u00e3o Transfronteiri\u00e7a de Munic\u00edpios do Lago Alqueva<\/strong><span style=\"font-weight: 400;\"> is an association composed of Portuguese and Spanish municipalities that focuses on public interest projects such as, among others, the fight against pollution, the recovery and preservation of historical and natural heritage, and urban and environmental upgrading.<\/span>[\/vc_column_text][\/vc_column][\/vc_row][vc_row css_animation=&#8221;&#8221; row_type=&#8221;row&#8221; use_row_as_full_screen_section=&#8221;no&#8221; type=&#8221;full_width&#8221; angled_section=&#8221;no&#8221; text_align=&#8221;left&#8221; background_image_as_pattern=&#8221;without_pattern&#8221; el_class=&#8221;riga&#8221; z_index=&#8221;&#8221;][vc_column width=&#8221;1\/4&#8243;][vc_single_image image=&#8221;1554&#8243; alignment=&#8221;center&#8221; style=&#8221;vc_box_outline_circle_2&#8243; qode_css_animation=&#8221;&#8221; el_class=&#8221;img-riga&#8221;][\/vc_column][vc_column width=&#8221;3\/4&#8243; el_class=&#8221;colonna-testo&#8221;][vc_column_text el_class=&#8221;testo-riga&#8221;]<\/p>\n<h2><b>LE TERRE DEI SAVOIA<\/b><\/h2>\n<p>&nbsp;<\/p>\n<p><strong>Le Terre dei Savoia<\/strong><span style=\"font-weight: 400;\">  is a nonprofit association recognized by the Piedmont Region, headquartered at the Castle of Racconigi, with about 50 Local Authorities as members. Intent of the Association is to enhance the specificity of the territory, cultural and natural heritage and production traditions of excellence. <\/span>[\/vc_column_text][\/vc_column][\/vc_row][vc_row css_animation=&#8221;&#8221; row_type=&#8221;row&#8221; use_row_as_full_screen_section=&#8221;no&#8221; type=&#8221;full_width&#8221; angled_section=&#8221;no&#8221; text_align=&#8221;left&#8221; background_image_as_pattern=&#8221;without_pattern&#8221; el_class=&#8221;riga&#8221; z_index=&#8221;&#8221;][vc_column width=&#8221;1\/4&#8243;][vc_single_image image=&#8221;1580&#8243; alignment=&#8221;center&#8221; style=&#8221;vc_box_outline_circle_2&#8243; onclick=&#8221;custom_link&#8221; qode_css_animation=&#8221;&#8221; el_class=&#8221;img-riga&#8221; link=&#8221;http:\/\/www.econsulenza.eu\/&#8221;][\/vc_column][vc_column width=&#8221;3\/4&#8243; el_class=&#8221;colonna-testo&#8221;][vc_column_text el_class=&#8221;testo-riga&#8221;]<\/p>\n<h2><b>ECONSULTING<\/b><\/h2>\n<p>&nbsp;<\/p>\n<p><strong>eCONSULTING<\/strong><span style=\"font-weight: 400;\">, established in 2003 in Turin, offers a wide variety of services and provides support in the areas of communication, education and training, as well as in the planning and management of European projects. The agency is a consultant to public and private, domestic and foreign administrations and organizations. <\/span>[\/vc_column_text][\/vc_column][\/vc_row][vc_row css_animation=&#8221;&#8221; row_type=&#8221;row&#8221; use_row_as_full_screen_section=&#8221;no&#8221; type=&#8221;full_width&#8221; angled_section=&#8221;no&#8221; text_align=&#8221;left&#8221; background_image_as_pattern=&#8221;without_pattern&#8221; el_class=&#8221;riga&#8221; z_index=&#8221;&#8221;][vc_column width=&#8221;1\/4&#8243;][vc_single_image image=&#8221;1581&#8243; alignment=&#8221;center&#8221; style=&#8221;vc_box_outline_circle_2&#8243; onclick=&#8221;custom_link&#8221; qode_css_animation=&#8221;&#8221; el_class=&#8221;img-riga&#8221; link=&#8221;http:\/\/www.vidzeme.lv\/en\/about_vidzeme&#8221;][\/vc_column][vc_column width=&#8221;3\/4&#8243; el_class=&#8221;colonna-testo&#8221;][vc_column_text el_class=&#8221;testo-riga&#8221;]<\/p>\n<h2><b>VIDZEME PLANNING REGION<\/b><\/h2>\n<p>&nbsp;<\/p>\n<p><strong>Vidzeme Planning Region<\/strong><span style=\"font-weight: 400;\">  represents the largest region in Latvia and, since 2006, has been the spokesperson for 25 municipalities and the city of Valmiera. It organizes spatial planning, promotes sustainable and balanced development of the region and provides services to regional governments, businesses, NGOs and citizens. <\/span>[\/vc_column_text][\/vc_column][\/vc_row][vc_row css_animation=&#8221;&#8221; row_type=&#8221;row&#8221; use_row_as_full_screen_section=&#8221;no&#8221; type=&#8221;full_width&#8221; angled_section=&#8221;no&#8221; text_align=&#8221;left&#8221; background_image_as_pattern=&#8221;without_pattern&#8221; el_class=&#8221;riga&#8221; z_index=&#8221;&#8221;][vc_column width=&#8221;1\/4&#8243;][vc_single_image image=&#8221;1582&#8243; alignment=&#8221;center&#8221; style=&#8221;vc_box_outline_circle_2&#8243; onclick=&#8221;custom_link&#8221; qode_css_animation=&#8221;&#8221; el_class=&#8221;img-riga&#8221; link=&#8221;http:\/\/www.iztzg.hr\/en\/institute\/aboutus\/mission\/&#8221;][\/vc_column][vc_column width=&#8221;3\/4&#8243; el_class=&#8221;colonna-testo&#8221;][vc_column_text el_class=&#8221;testo-riga&#8221;]<\/p>\n<h2><b>NATIONAL INSTITUTE FOR TOURISM<\/b><\/h2>\n<p>&nbsp;<\/p>\n<p>The Croatian <strong>National Institute for Tourism<\/strong> specializes in tourism research and consulting services. Established in 1959, the institute carries out research and training activities and focuses on tourism with expertise in several areas: economics, marketing, cultural heritage, transportation, environmental protection and technology.[\/vc_column_text][\/vc_column][\/vc_row][vc_row css_animation=&#8221;&#8221; row_type=&#8221;row&#8221; use_row_as_full_screen_section=&#8221;no&#8221; type=&#8221;full_width&#8221; angled_section=&#8221;no&#8221; text_align=&#8221;left&#8221; background_image_as_pattern=&#8221;without_pattern&#8221; el_class=&#8221;riga&#8221; z_index=&#8221;&#8221;][vc_column width=&#8221;1\/4&#8243;][vc_single_image image=&#8221;2885&#8243; alignment=&#8221;center&#8221; style=&#8221;vc_box_outline_circle_2&#8243; onclick=&#8221;custom_link&#8221; qode_css_animation=&#8221;&#8221; el_class=&#8221;img-riga&#8221; link=&#8221;https:\/\/www.uess.fr\/&#8221;][\/vc_column][vc_column width=&#8221;3\/4&#8243; el_class=&#8221;colonna-testo&#8221;][vc_column_text el_class=&#8221;testo-riga&#8221;]<\/p>\n<h2><b>UESS<\/b><\/h2>\n<p>&nbsp;<\/p>\n<p><strong>UESS<\/strong> is an association founded in 2002 in Forcalquier, France. It includes about 100 members and is home to a research and training center in the field of herbs. He is involved in European projects and cultural and scientific education. Since 2018 he has been running the Artemisia Museum, a place dedicated to the aromatic and medicinal plants of Haute Provence.[\/vc_column_text][\/vc_column][\/vc_row][vc_row css_animation=&#8221;&#8221; row_type=&#8221;row&#8221; use_row_as_full_screen_section=&#8221;no&#8221; type=&#8221;full_width&#8221; angled_section=&#8221;no&#8221; text_align=&#8221;left&#8221; background_image_as_pattern=&#8221;without_pattern&#8221; el_class=&#8221;riga&#8221; z_index=&#8221;&#8221; css=&#8221;.vc_custom_1572010456307{margin-bottom: 70px !important;}&#8221;][vc_column][vc_column_text]<\/p>\n<h2>Download Materials<\/h2>\n<p>Go to the section  <a href=\"http:\/\/www.leterredeisavoia.it\/spechale-materiali\/\">Download Materials<\/a>[\/vc_column_text][\/vc_column][\/vc_row]<\/p>\n<\/div>","protected":false},"excerpt":{"rendered":"<p>[vc_row css_animation=&#8221;&#8221; row_type=&#8221;row&#8221; use_row_as_full_screen_section=&#8221;no&#8221; type=&#8221;full_width&#8221; angled_section=&#8221;no&#8221; text_align=&#8221;left&#8221; background_image_as_pattern=&#8221;without_pattern&#8221;][vc_column][rev_slider_vc alias=&#8221;spechale-slider&#8221;][vc_row_inner row_type=&#8221;row&#8221; type=&#8221;full_width&#8221; text_align=&#8221;left&#8221; css_animation=&#8221;&#8221; el_class=&#8221;riga&#8221;][vc_column_inner][vc_column_text el_class=&#8221;testo-riga&#8221;] The project &nbsp; SPECHALE aims to encourage an innovative approach in the field of tourism-cultural education in order to promote sustainable growth of territories. The project aims to promote the&#8230;<\/p>\n","protected":false},"author":1,"featured_media":0,"parent":0,"menu_order":0,"comment_status":"closed","ping_status":"closed","template":"","meta":{"footnotes":""},"class_list":["post-1892","page","type-page","status-publish","hentry"],"yoast_head":"<!-- This site is optimized with the Yoast SEO plugin v27.3 - https:\/\/yoast.com\/product\/yoast-seo-wordpress\/ -->\n<title>Spechale - Le Terre dei Savoia<\/title>\n<meta name=\"robots\" content=\"index, follow, max-snippet:-1, max-image-preview:large, max-video-preview:-1\" \/>\n<link rel=\"canonical\" href=\"https:\/\/www.leterredeisavoia.it\/en\/spechale\/\" \/>\n<meta property=\"og:locale\" content=\"en_US\" \/>\n<meta property=\"og:type\" content=\"article\" \/>\n<meta property=\"og:title\" content=\"Spechale - Le Terre dei Savoia\" \/>\n<meta property=\"og:description\" content=\"[vc_row css_animation=&#8221;&#8221; row_type=&#8221;row&#8221; use_row_as_full_screen_section=&#8221;no&#8221; type=&#8221;full_width&#8221; angled_section=&#8221;no&#8221; text_align=&#8221;left&#8221; background_image_as_pattern=&#8221;without_pattern&#8221;][vc_column][rev_slider_vc alias=&#8221;spechale-slider&#8221;][vc_row_inner row_type=&#8221;row&#8221; type=&#8221;full_width&#8221; text_align=&#8221;left&#8221; css_animation=&#8221;&#8221; el_class=&#8221;riga&#8221;][vc_column_inner][vc_column_text el_class=&#8221;testo-riga&#8221;] The project &nbsp; SPECHALE aims to encourage an innovative approach in the field of tourism-cultural education in order to promote sustainable growth of territories. The project aims to promote the...\" \/>\n<meta property=\"og:url\" content=\"https:\/\/www.leterredeisavoia.it\/en\/spechale\/\" \/>\n<meta property=\"og:site_name\" content=\"Le Terre dei Savoia\" \/>\n<meta property=\"article:modified_time\" content=\"2026-01-12T13:43:35+00:00\" \/>\n<meta name=\"twitter:card\" content=\"summary_large_image\" \/>\n<meta name=\"twitter:label1\" content=\"Est. reading time\" \/>\n\t<meta name=\"twitter:data1\" content=\"7 minutes\" \/>\n<script type=\"application\/ld+json\" class=\"yoast-schema-graph\">{\"@context\":\"https:\\\/\\\/schema.org\",\"@graph\":[{\"@type\":\"WebPage\",\"@id\":\"https:\\\/\\\/www.leterredeisavoia.it\\\/en\\\/spechale\\\/\",\"url\":\"https:\\\/\\\/www.leterredeisavoia.it\\\/en\\\/spechale\\\/\",\"name\":\"Spechale - Le Terre dei Savoia\",\"isPartOf\":{\"@id\":\"https:\\\/\\\/www.leterredeisavoia.it\\\/en\\\/#website\"},\"datePublished\":\"2019-11-25T15:34:16+00:00\",\"dateModified\":\"2026-01-12T13:43:35+00:00\",\"breadcrumb\":{\"@id\":\"https:\\\/\\\/www.leterredeisavoia.it\\\/en\\\/spechale\\\/#breadcrumb\"},\"inLanguage\":\"en-US\",\"potentialAction\":[{\"@type\":\"ReadAction\",\"target\":[\"https:\\\/\\\/www.leterredeisavoia.it\\\/en\\\/spechale\\\/\"]}]},{\"@type\":\"BreadcrumbList\",\"@id\":\"https:\\\/\\\/www.leterredeisavoia.it\\\/en\\\/spechale\\\/#breadcrumb\",\"itemListElement\":[{\"@type\":\"ListItem\",\"position\":1,\"name\":\"Home\",\"item\":\"https:\\\/\\\/www.leterredeisavoia.it\\\/en\\\/home\\\/\"},{\"@type\":\"ListItem\",\"position\":2,\"name\":\"Spechale\"}]},{\"@type\":\"WebSite\",\"@id\":\"https:\\\/\\\/www.leterredeisavoia.it\\\/en\\\/#website\",\"url\":\"https:\\\/\\\/www.leterredeisavoia.it\\\/en\\\/\",\"name\":\"Le Terre dei Savoia\",\"description\":\"\",\"potentialAction\":[{\"@type\":\"SearchAction\",\"target\":{\"@type\":\"EntryPoint\",\"urlTemplate\":\"https:\\\/\\\/www.leterredeisavoia.it\\\/en\\\/?s={search_term_string}\"},\"query-input\":{\"@type\":\"PropertyValueSpecification\",\"valueRequired\":true,\"valueName\":\"search_term_string\"}}],\"inLanguage\":\"en-US\"}]}<\/script>\n<!-- \/ Yoast SEO plugin. -->","yoast_head_json":{"title":"Spechale - Le Terre dei Savoia","robots":{"index":"index","follow":"follow","max-snippet":"max-snippet:-1","max-image-preview":"max-image-preview:large","max-video-preview":"max-video-preview:-1"},"canonical":"https:\/\/www.leterredeisavoia.it\/en\/spechale\/","og_locale":"en_US","og_type":"article","og_title":"Spechale - Le Terre dei Savoia","og_description":"[vc_row css_animation=&#8221;&#8221; row_type=&#8221;row&#8221; use_row_as_full_screen_section=&#8221;no&#8221; type=&#8221;full_width&#8221; angled_section=&#8221;no&#8221; text_align=&#8221;left&#8221; background_image_as_pattern=&#8221;without_pattern&#8221;][vc_column][rev_slider_vc alias=&#8221;spechale-slider&#8221;][vc_row_inner row_type=&#8221;row&#8221; type=&#8221;full_width&#8221; text_align=&#8221;left&#8221; css_animation=&#8221;&#8221; el_class=&#8221;riga&#8221;][vc_column_inner][vc_column_text el_class=&#8221;testo-riga&#8221;] The project &nbsp; SPECHALE aims to encourage an innovative approach in the field of tourism-cultural education in order to promote sustainable growth of territories. The project aims to promote the...","og_url":"https:\/\/www.leterredeisavoia.it\/en\/spechale\/","og_site_name":"Le Terre dei Savoia","article_modified_time":"2026-01-12T13:43:35+00:00","twitter_card":"summary_large_image","twitter_misc":{"Est. reading time":"7 minutes"},"schema":{"@context":"https:\/\/schema.org","@graph":[{"@type":"WebPage","@id":"https:\/\/www.leterredeisavoia.it\/en\/spechale\/","url":"https:\/\/www.leterredeisavoia.it\/en\/spechale\/","name":"Spechale - Le Terre dei Savoia","isPartOf":{"@id":"https:\/\/www.leterredeisavoia.it\/en\/#website"},"datePublished":"2019-11-25T15:34:16+00:00","dateModified":"2026-01-12T13:43:35+00:00","breadcrumb":{"@id":"https:\/\/www.leterredeisavoia.it\/en\/spechale\/#breadcrumb"},"inLanguage":"en-US","potentialAction":[{"@type":"ReadAction","target":["https:\/\/www.leterredeisavoia.it\/en\/spechale\/"]}]},{"@type":"BreadcrumbList","@id":"https:\/\/www.leterredeisavoia.it\/en\/spechale\/#breadcrumb","itemListElement":[{"@type":"ListItem","position":1,"name":"Home","item":"https:\/\/www.leterredeisavoia.it\/en\/home\/"},{"@type":"ListItem","position":2,"name":"Spechale"}]},{"@type":"WebSite","@id":"https:\/\/www.leterredeisavoia.it\/en\/#website","url":"https:\/\/www.leterredeisavoia.it\/en\/","name":"Le Terre dei Savoia","description":"","potentialAction":[{"@type":"SearchAction","target":{"@type":"EntryPoint","urlTemplate":"https:\/\/www.leterredeisavoia.it\/en\/?s={search_term_string}"},"query-input":{"@type":"PropertyValueSpecification","valueRequired":true,"valueName":"search_term_string"}}],"inLanguage":"en-US"}]}},"_links":{"self":[{"href":"https:\/\/www.leterredeisavoia.it\/en\/wp-json\/wp\/v2\/pages\/1892","targetHints":{"allow":["GET"]}}],"collection":[{"href":"https:\/\/www.leterredeisavoia.it\/en\/wp-json\/wp\/v2\/pages"}],"about":[{"href":"https:\/\/www.leterredeisavoia.it\/en\/wp-json\/wp\/v2\/types\/page"}],"author":[{"embeddable":true,"href":"https:\/\/www.leterredeisavoia.it\/en\/wp-json\/wp\/v2\/users\/1"}],"replies":[{"embeddable":true,"href":"https:\/\/www.leterredeisavoia.it\/en\/wp-json\/wp\/v2\/comments?post=1892"}],"version-history":[{"count":7,"href":"https:\/\/www.leterredeisavoia.it\/en\/wp-json\/wp\/v2\/pages\/1892\/revisions"}],"predecessor-version":[{"id":21572,"href":"https:\/\/www.leterredeisavoia.it\/en\/wp-json\/wp\/v2\/pages\/1892\/revisions\/21572"}],"wp:attachment":[{"href":"https:\/\/www.leterredeisavoia.it\/en\/wp-json\/wp\/v2\/media?parent=1892"}],"curies":[{"name":"wp","href":"https:\/\/api.w.org\/{rel}","templated":true}]}}